{"id":1005,"date":"2022-10-18T10:27:57","date_gmt":"2022-10-18T10:27:57","guid":{"rendered":"https:\/\/fphy.usthb.dz\/?page_id=1005"},"modified":"2025-12-21T18:33:42","modified_gmt":"2025-12-21T18:33:42","slug":"offre-de-formation-licence","status":"publish","type":"page","link":"https:\/\/fphy.usthb.dz\/index.php\/offre-de-formation-licence\/","title":{"rendered":"Offre de formation licence"},"content":{"rendered":"\n<h4 class=\"wp-block-heading\"><strong>Domaine : Sciences de la mati\u00e8re (SM)<\/strong><br><strong>Fili\u00e8re : Physique<\/strong><\/h4>\n\n\n\n<ol class=\"wp-block-list\">\n<li><strong><a href=\"http:\/\/fphy.usthb.dz\/wp-content\/uploads\/2025\/08\/canva-L2.pdf\">Sp\u00e9cialit\u00e9 : L2 Physique <\/a><\/strong><\/li>\n<\/ol>\n\n\n\n<ol class=\"wp-block-list\">\n<li><strong><a href=\"http:\/\/fphy.usthb.dz\/wp-content\/uploads\/2024\/07\/Licence-acad-Physique-fondamentale-USTHB-23-24.pdf\">Sp\u00e9cialit\u00e9 : L3 Physique fondamentale<\/a><\/strong><\/li>\n\n\n\n<li><strong><a href=\"http:\/\/fphy.usthb.dz\/wp-content\/uploads\/2024\/07\/Licence-acad-Physique-energetique-USTHB-24-25.pdf\">Sp\u00e9cialit\u00e9 : L3 Physique \u00c9nerg\u00e9tique<\/a><\/strong><\/li>\n\n\n\n<li><strong><a href=\"http:\/\/fphy.usthb.dz\/wp-content\/uploads\/2024\/07\/Licence-acad-Physique-des-Materiaux-USTHB-24-25.pdf\">Sp\u00e9cialit\u00e9 : L3 Physique des mat\u00e9riaux<\/a><\/strong><\/li>\n<\/ol>\n\n\n\n<ol class=\"wp-block-list\"><\/ol>\n\n\n\n<p><strong>N\u00b0&nbsp;et date de l\u2019arr\u00eat\u00e9 de chaque sp\u00e9cialit\u00e9 <\/strong><\/p>\n\n\n\n<ul class=\"wp-block-list\">\n<li><strong>Physique Fondamentale (L3) :<\/strong> <a href=\"http:\/\/fphy.usthb.dz\/wp-content\/uploads\/2024\/07\/USTHB-Arrete-N\u00b0-470-du-30.04.2024.pdf\">Arr\u00eat\u00e9 N\u00b0 470 du 30.04.2024<\/a><\/li>\n\n\n\n<li><strong>Physique \u00c9nerg\u00e9tique (L3) :<\/strong> <a href=\"http:\/\/fphy.usthb.dz\/wp-content\/uploads\/2024\/07\/USTHB-Arrete-N\u00b0-470-du-30.04.2024.pdf\">Arr\u00eat\u00e9 N\u00b0 470 du 30.04.2024<\/a><\/li>\n\n\n\n<li><strong>Physique des Mat\u00e9riaux (L3):<\/strong> <a href=\"http:\/\/fphy.usthb.dz\/wp-content\/uploads\/2025\/09\/Arrete-n\u00b01251-du-22-decembre-2022.-Physique-des-materiaux.pdf\"> Arr\u00eat\u00e9 N\u00b0 1251 du 22.12.2022 <\/a>   &amp;   <a href=\"http:\/\/fphy.usthb.dz\/wp-content\/uploads\/2024\/07\/Arrete-N\u00b0-958-du-20.07.2024-USTHB.pdf\">Arr\u00eat\u00e9 N\u00b0 958 du 20.07.2024<\/a><\/li>\n<\/ul>\n\n\n\n<p>Des<strong> modifications de programmes<\/strong> de licence on \u00e9t\u00e9 apport\u00e9. Celles-ci sont applicables aux <strong>L3 \u00e0 partir de septembre 2026.<\/strong> Elles peuvent \u00eatre consult\u00e9es sur les liens suivants :<\/p>\n\n\n\n<ol class=\"wp-block-list\">\n<li><strong><a href=\"http:\/\/fphy.usthb.dz\/wp-content\/uploads\/2025\/08\/canva-L3-Fonda.pdf\">Sp\u00e9cialit\u00e9 : L3 Physique fondamentale<\/a><\/strong><\/li>\n\n\n\n<li><strong><a href=\"http:\/\/fphy.usthb.dz\/wp-content\/uploads\/2025\/08\/Canva-L3-Energ.pdf\">Sp\u00e9cialit\u00e9 : L3 Physique \u00c9nerg\u00e9tique<\/a><\/strong><\/li>\n\n\n\n<li><strong><a href=\"http:\/\/fphy.usthb.dz\/wp-content\/uploads\/2025\/08\/canva-L3-Materiaux.pdf\">Sp\u00e9cialit\u00e9 : L3 Physique des mat\u00e9riaux<\/a><\/strong><\/li>\n<\/ol>\n","protected":false},"excerpt":{"rendered":"<p>Domaine : Sciences de la mati\u00e8re (SM)Fili\u00e8re : Physique N\u00b0&nbsp;et date de l\u2019arr\u00eat\u00e9 de chaque sp\u00e9cialit\u00e9 Des modifications de programmes <span class=\"readmore\"><a href=\"https:\/\/fphy.usthb.dz\/index.php\/offre-de-formation-licence\/\">Suite<\/a><\/span><\/p>\n","protected":false},"author":1,"featured_media":0,"parent":0,"menu_order":0,"comment_status":"closed","ping_status":"closed","template":"","meta":{"footnotes":""},"class_list":["post-1005","page","type-page","status-publish","hentry"],"_links":{"self":[{"href":"https:\/\/fphy.usthb.dz\/index.php\/wp-json\/wp\/v2\/pages\/1005","targetHints":{"allow":["GET"]}}],"collection":[{"href":"https:\/\/fphy.usthb.dz\/index.php\/wp-json\/wp\/v2\/pages"}],"about":[{"href":"https:\/\/fphy.usthb.dz\/index.php\/wp-json\/wp\/v2\/types\/page"}],"author":[{"embeddable":true,"href":"https:\/\/fphy.usthb.dz\/index.php\/wp-json\/wp\/v2\/users\/1"}],"replies":[{"embeddable":true,"href":"https:\/\/fphy.usthb.dz\/index.php\/wp-json\/wp\/v2\/comments?post=1005"}],"version-history":[{"count":30,"href":"https:\/\/fphy.usthb.dz\/index.php\/wp-json\/wp\/v2\/pages\/1005\/revisions"}],"predecessor-version":[{"id":3851,"href":"https:\/\/fphy.usthb.dz\/index.php\/wp-json\/wp\/v2\/pages\/1005\/revisions\/3851"}],"wp:attachment":[{"href":"https:\/\/fphy.usthb.dz\/index.php\/wp-json\/wp\/v2\/media?parent=1005"}],"curies":[{"name":"wp","href":"https:\/\/api.w.org\/{rel}","templated":true}]}}