{"id":1051,"date":"2022-11-13T09:21:11","date_gmt":"2022-11-13T09:21:11","guid":{"rendered":"https:\/\/fphy.usthb.dz\/?page_id=1051"},"modified":"2026-01-09T16:58:45","modified_gmt":"2026-01-09T16:58:45","slug":"offre-de-formation-doctorat","status":"publish","type":"page","link":"https:\/\/fphy.usthb.dz\/index.php\/offre-de-formation-doctorat\/","title":{"rendered":"Offre de formation doctorat"},"content":{"rendered":"\n<h4 class=\"wp-block-heading\" id=\"concours-d-acces-a-la-formation-de-doctorat-troisieme-cycle-2022-2023\">Concours D&#8217;ACC\u00c8S \u00e0 la formation de doctorat troisi\u00e8me cycle 2025\/2026<\/h4>\n\n\n\n<div class=\"wp-block-group\"><div class=\"wp-block-group__inner-container is-layout-flow wp-block-group-is-layout-flow\">\n<figure class=\"wp-block-table\"><table><tbody><tr><td>Intitul\u00e9 de la formation<\/td><td>Responsable de la formation<\/td><td>Postes ouverts 2025-2026<\/td><\/tr><tr><td>Fili\u00e8re Physique&nbsp;: Physique des mat\u00e9riaux, Physique th\u00e9orique, Physique des rayonnements, \u00e9nerg\u00e9tique et M\u00e9canique des fluides<\/td><td>Pr . M. AKSOUH<\/td><td>15<\/td><\/tr><\/tbody><\/table><\/figure>\n<\/div><\/div>\n\n\n\n<p>Le nombre de postes accord\u00e9s et les sp\u00e9cialit\u00e9s sont pr\u00e9sent\u00e9s dans le tableau ci-dessous&nbsp;:<\/p>\n\n\n\n<figure class=\"wp-block-table\"><table><tbody><tr><td>Sp\u00e9cialit\u00e9<\/td><td>Nombre de Postes accord\u00e9s<\/td><\/tr><tr><td>Physique des mat\u00e9riaux<\/td><td>04<\/td><\/tr><tr><td>Energ\u00e9tique et M\u00e9canique des Fluides<\/td><td>04<\/td><\/tr><tr><td>Physique Th\u00e9orique<\/td><td>03<\/td><\/tr><tr><td>Physique des rayonnements<\/td><td>04<\/td><\/tr><\/tbody><\/table><\/figure>\n\n\n\n<p>Le concours de Doctorat&nbsp;: <\/p>\n\n\n\n<p>Placard, mati\u00e8res\u00a0 et programmes :<a href=\"http:\/\/fphy.usthb.dz\/wp-content\/uploads\/2025\/12\/Programme_Concours-Doctorat_Physique_2025-2026-AFFICHAGE-SITE-FACULTE.pdf\">LIRE<\/a><\/p>\n\n\n\n<p><a href=\"http:\/\/fphy.usthb.dz\/wp-content\/uploads\/2026\/01\/consignes-Doctorat-2026.pdf\">CONSIGNES A SUIVRE POUR PASSER LE CONCOURS FILIERE PHYSIQUE \u2013 USTHB<\/a><\/p>\n\n\n\n<p>L\u2019inscription doit se faire en ligne en acc\u00e9dant au lien&nbsp;: <a href=\"https:\/\/progres.mesrs.dz\/webdoctorat\/\">https:\/\/progres.mesrs.dz\/webdoctorat\/<\/a><\/p>\n\n\n\n<h3 class=\"wp-block-heading\" id=\"dossier-a-fournir\">Dossier \u00e0 fournir<\/h3>\n\n\n\n<ul class=\"wp-block-list\">\n<li>01 Lettre de motivation en pr\u00e9cisant l\u2019intitul\u00e9 de Doctorat choisi avec les coordonn\u00e9es du candidat (t\u00e9l. et e-mail)<\/li>\n\n\n\n<li>01 Copies des dipl\u00f4mes du 1er et 2\u00e8me Cycle (Licence et Master)<\/li>\n\n\n\n<li>01 Copies des relev\u00e9s de notes du 1er et 2\u00e8me Cycle<\/li>\n\n\n\n<li>01 Attestation de classement pour les titulaires de Master<\/li>\n\n\n\n<li>01 Copie de l\u2019annexe descriptive du dipl\u00f4me de Master<\/li>\n\n\n\n<li>01 Autorisation de l\u2019employeur pour les candidats salari\u00e9s<\/li>\n\n\n\n<li>01 Attestation de non salari\u00e9 pour les candidats n\u2019exer\u00e7ant aucune activit\u00e9<\/li>\n\n\n\n<li>02 Enveloppe timbr\u00e9e, libell\u00e9e \u00e0 l\u2019adresse du candidat<\/li>\n\n\n\n<li>02 Photo d\u2019identit\u00e9<\/li>\n\n\n\n<li>01 Extrait de naissance<\/li>\n<\/ul>\n\n\n\n<p><strong>N.B<\/strong>.&nbsp;: Les candidats titulaires du dipl\u00f4me de Master 2 en plus de celui d\u2019ing\u00e9nieur, doivent fournir en outre&nbsp;:<\/p>\n\n\n\n<ul class=\"wp-block-list\">\n<li>les relev\u00e9s de notes de la 4\u00e8me et de la 5\u00e8me ann\u00e9e (cycle d\u2019ing\u00e9nieur).<\/li>\n\n\n\n<li>la note du M\u00e9moire du Master 2 ou de la 2\u00e8me ann\u00e9e de Master.<\/li>\n<\/ul>\n\n\n\n<p>Les candidats retenus sur la plateforme (candidature accept\u00e9e et valid\u00e9e) doivent d\u00e9poser ou adresser leurs dossiers complets \u00e0 la Facult\u00e9, et ce, apr\u00e8s avoir \u00e9t\u00e9 confirm\u00e9 son inscription sur la plateforme&nbsp;: <a href=\"https:\/\/progres.mesrs.dz\/webdoctorat\/\">https:\/\/progres.mesrs.dz\/webdoctorat\/<\/a><\/p>\n\n\n\n<p><\/p>\n","protected":false},"excerpt":{"rendered":"<p>Concours D&#8217;ACC\u00c8S \u00e0 la formation de doctorat troisi\u00e8me cycle 2025\/2026 Intitul\u00e9 de la formation Responsable de la formation Postes ouverts <span class=\"readmore\"><a href=\"https:\/\/fphy.usthb.dz\/index.php\/offre-de-formation-doctorat\/\">Suite<\/a><\/span><\/p>\n","protected":false},"author":2,"featured_media":0,"parent":0,"menu_order":0,"comment_status":"closed","ping_status":"closed","template":"","meta":{"footnotes":""},"class_list":["post-1051","page","type-page","status-publish","hentry"],"_links":{"self":[{"href":"https:\/\/fphy.usthb.dz\/index.php\/wp-json\/wp\/v2\/pages\/1051","targetHints":{"allow":["GET"]}}],"collection":[{"href":"https:\/\/fphy.usthb.dz\/index.php\/wp-json\/wp\/v2\/pages"}],"about":[{"href":"https:\/\/fphy.usthb.dz\/index.php\/wp-json\/wp\/v2\/types\/page"}],"author":[{"embeddable":true,"href":"https:\/\/fphy.usthb.dz\/index.php\/wp-json\/wp\/v2\/users\/2"}],"replies":[{"embeddable":true,"href":"https:\/\/fphy.usthb.dz\/index.php\/wp-json\/wp\/v2\/comments?post=1051"}],"version-history":[{"count":22,"href":"https:\/\/fphy.usthb.dz\/index.php\/wp-json\/wp\/v2\/pages\/1051\/revisions"}],"predecessor-version":[{"id":3927,"href":"https:\/\/fphy.usthb.dz\/index.php\/wp-json\/wp\/v2\/pages\/1051\/revisions\/3927"}],"wp:attachment":[{"href":"https:\/\/fphy.usthb.dz\/index.php\/wp-json\/wp\/v2\/media?parent=1051"}],"curies":[{"name":"wp","href":"https:\/\/api.w.org\/{rel}","templated":true}]}}