{"id":1093,"date":"2022-12-05T09:00:41","date_gmt":"2022-12-05T09:00:41","guid":{"rendered":"https:\/\/fphy.usthb.dz\/?page_id=1093"},"modified":"2026-04-15T10:29:03","modified_gmt":"2026-04-15T10:29:03","slug":"archives","status":"publish","type":"page","link":"https:\/\/fphy.usthb.dz\/index.php\/archives\/","title":{"rendered":"Archives"},"content":{"rendered":"\n<p id=\"consultation-n-04-2022-portant-sur-l-acquisition-de-materiel-pedagogique-de-travaux-pratiques\">C<strong>onsultation N\u00b001\/2022 Portan<\/strong>t sur Travaux Divers (Electricit\u00e9, climatisation et Aluminium).<\/p>\n\n\n\n<ul class=\"wp-block-list\">\n<li><strong><a href=\"http:\/\/fphy.usthb.dz\/wp-content\/uploads\/2022\/12\/SAMIA.pdf\">Lettre de consultation<\/a><\/strong><\/li>\n<\/ul>\n\n\n\n<p>C<strong>onsultation N\u00b002\/2022 Portan<\/strong>t sur Travaux Divers (Ma\u00e7onnerie, Chauffage-Peinture).<\/p>\n\n\n\n<ul class=\"wp-block-list\">\n<li><a href=\"http:\/\/fphy.usthb.dz\/wp-content\/uploads\/2022\/12\/ab.pdf\"><strong>Lettre de consultation<\/strong><\/a><\/li>\n<\/ul>\n\n\n\n<p>C<strong>onsultation N\u00b003\/2022 Portan<\/strong>t sur la fourniture de titres de transport par voie a\u00e9rienne pour les d\u00e9placements en Alg\u00e9rie et \u00e0 l&#8217;\u00e9tranger du personnel enseignant, \u00e9tudiants et Administratif.<\/p>\n\n\n\n<ul class=\"wp-block-list\">\n<li><a href=\"http:\/\/fphy.usthb.dz\/wp-content\/uploads\/2022\/12\/ac.pdf\"><strong>Lettre de consultation<\/strong><\/a><\/li>\n<\/ul>\n\n\n\n<p id=\"consultation-n-04-2022-portant-sur-l-acquisition-de-materiel-pedagogique-de-travaux-pratiques\">C<strong>onsultation N\u00b004\/2022 Portan<\/strong>t sur l\u2019acquisition de mat\u00e9riel p\u00e9dagogique de Travaux pratiques<\/p>\n\n\n\n<ul class=\"wp-block-list\">\n<li><strong><a href=\"https:\/\/fphy.usthb.dz\/wp-content\/uploads\/2022\/11\/doc00471120221121095433.pdf\">Lettre de consultation<\/a><\/strong><\/li>\n<\/ul>\n\n\n\n<h3 class=\"wp-block-heading\" id=\"consultation-n-05-2022-relative-a-l-acquisition-d-ouvrages-pedagogiques\">Consultation N\u00b005\/2022 Relative \u00e0 l\u2019acquisition d\u2019ouvrages P\u00e9dagogiques<\/h3>\n\n\n\n<ul class=\"wp-block-list\">\n<li><strong><a href=\"https:\/\/fphy.usthb.dz\/wp-content\/uploads\/2022\/11\/doc00472720221122100127.pdf\">Lettre de consultation<\/a><\/strong><\/li>\n<\/ul>\n\n\n\n<p>C<strong>onsultation N\u00b006\/2022 Portan<\/strong>t sur l\u2019acquisition de Pap\u00e8terie d&#8217;enseignement  <\/p>\n\n\n\n<ul class=\"wp-block-list\">\n<li><strong><a href=\"http:\/\/fphy.usthb.dz\/wp-content\/uploads\/2022\/12\/ar.pdf\">Lettre de consultation<\/a><\/strong><\/li>\n<\/ul>\n\n\n\n<p><strong>Consultation restreinte N&#8217; 16\/FP \/2023 portant sur la restauration<\/strong><\/p>\n\n\n\n<ul class=\"wp-block-list\">\n<li><strong><a href=\"http:\/\/fphy.usthb.dz\/wp-content\/uploads\/2024\/01\/consultation_20240117_0001.pdf\">Lettre de consultation<\/a><\/strong><\/li>\n<\/ul>\n\n\n\n<p><strong>Consultation restreinte N\u00b016\/FP \/2023 portant sur la restauration<\/strong><\/p>\n\n\n\n<ul class=\"wp-block-list\">\n<li><strong><a href=\"http:\/\/fphy.usthb.dz\/wp-content\/uploads\/2024\/01\/consultation_20240117_0001.pdf\">Lettre de consultation<\/a><\/strong><\/li>\n<\/ul>\n\n\n\n<p><strong><a href=\"http:\/\/fphy.usthb.dz\/wp-content\/uploads\/2025\/01\/cosultation_0001.pdf\">consultation restreinte N\u00b0 02\/FP \/2024 portant sur l\u2019acquisition de billets d\u2019avion<\/a><\/strong><\/p>\n\n\n\n<p><strong>Avis de Consultation  N\u00b014\/FP \/2024 <\/strong><\/p>\n\n\n\n<ul class=\"wp-block-list\">\n<li><strong><a href=\"http:\/\/fphy.usthb.dz\/wp-content\/uploads\/2025\/01\/IMG_0001.pdf\">Lettre de consultation<\/a><\/strong><\/li>\n<\/ul>\n\n\n\n<p><strong>Avis de Consultation  N\u00b013\/FP \/2024 <\/strong><\/p>\n\n\n\n<ul class=\"wp-block-list\">\n<li><strong><a href=\"http:\/\/fphy.usthb.dz\/wp-content\/uploads\/2025\/01\/IMG2_0001.pdf\">Lettre de consultation<\/a><\/strong><\/li>\n<\/ul>\n\n\n\n<p><strong>Avis de Consultation  N\u00b01\/FP \/2024 <\/strong><\/p>\n\n\n\n<ul class=\"wp-block-list\">\n<li><strong><a href=\"http:\/\/fphy.usthb.dz\/wp-content\/uploads\/2025\/01\/IMG3_0001.pdf\" data-type=\"link\" data-id=\"http:\/\/fphy.usthb.dz\/wp-content\/uploads\/2025\/01\/IMG3_0001.pdf\">Lettre de consultation<\/a><\/strong><\/li>\n<\/ul>\n\n\n\n<p><strong>Avis de Consultation  N\u00b020\/FP \/2024 <\/strong><\/p>\n\n\n\n<ul class=\"wp-block-list\">\n<li><strong><a href=\"http:\/\/fphy.usthb.dz\/wp-content\/uploads\/2025\/01\/IMG4_0001.pdf\" data-type=\"link\" data-id=\"http:\/\/fphy.usthb.dz\/wp-content\/uploads\/2025\/01\/IMG4_0001.pdf\">Lettre de consultation<\/a><\/strong><\/li>\n<\/ul>\n\n\n\n<p><strong>Avis de Consultation  N\u00b024\/FP \/2024 <\/strong><\/p>\n\n\n\n<ul class=\"wp-block-list\">\n<li><strong><a href=\"http:\/\/fphy.usthb.dz\/wp-content\/uploads\/2025\/01\/IMG5_0001-1.pdf\" data-type=\"link\" data-id=\"http:\/\/fphy.usthb.dz\/wp-content\/uploads\/2025\/01\/IMG4_0001.pdf\">Lettre de consultation<\/a><\/strong><\/li>\n<\/ul>\n\n\n\n<p><strong>Avis de Consultation  N\u00b026\/FP \/2024 <\/strong><\/p>\n\n\n\n<ul class=\"wp-block-list\">\n<li><strong><a href=\"http:\/\/fphy.usthb.dz\/wp-content\/uploads\/2025\/01\/IMG6_0001-1.pdf\" data-type=\"link\" data-id=\"http:\/\/fphy.usthb.dz\/wp-content\/uploads\/2025\/01\/IMG4_0001.pdf\">Lettre de consultation<\/a><\/strong><\/li>\n<\/ul>\n\n\n\n<p><strong>Avis de Consultation  N\u00b027\/FP \/2024 <\/strong><\/p>\n\n\n\n<ul class=\"wp-block-list\">\n<li><strong><a href=\"http:\/\/fphy.usthb.dz\/wp-content\/uploads\/2025\/01\/IMG7_0001-1.pdf\" data-type=\"link\" data-id=\"http:\/\/fphy.usthb.dz\/wp-content\/uploads\/2025\/01\/IMG4_0001.pdf\">Lettre de consultation<\/a><\/strong><\/li>\n<\/ul>\n\n\n\n<p><strong>Avis de Consultation  N\u00b017\/FP \/2024 <\/strong><\/p>\n\n\n\n<ul class=\"wp-block-list\">\n<li><strong><a href=\"http:\/\/fphy.usthb.dz\/wp-content\/uploads\/2025\/01\/IMG_0001-1.pdf\" data-type=\"link\" data-id=\"http:\/\/fphy.usthb.dz\/wp-content\/uploads\/2025\/01\/IMG4_0001.pdf\">Lettre de consultation<\/a><\/strong><\/li>\n<\/ul>\n\n\n\n<p>Avis de consultatin N l\\o0 1\/IlsTHB\/FP\/SG\/2025<\/p>\n\n\n\n<p><a href=\"http:\/\/Avis de Consultation n 01\/USTHB\/FP\/SG\/2025\">Lettre de Consultation<\/a><\/p>\n\n\n\n<p>Avis de Consulation N 3 lot 2<\/p>\n\n\n\n<p><a href=\"http:\/\/fphy.usthb.dz\/wp-content\/uploads\/2025\/06\/IMG_0001-2.pdf\">Lettre de Consultation<\/a><\/p>\n\n\n\n<p>Avis de consultation n2 lot 2<\/p>\n\n\n\n<p><a href=\"http:\/\/fphy.usthb.dz\/wp-content\/uploads\/2025\/06\/IMG_0001.pdf\">CONSULTATION Nlo 02 2025 \/USTHB\/ FP\/SG relanc\u00e9e pour 3\u00e8\u201d lot gl+tot 02<\/a><\/p>\n\n\n\n<h1 class=\"wp-block-heading\">AVIS D\u2019ANNULATION<\/h1>\n\n\n\n<h2 class=\"wp-block-heading\"><strong><a href=\"http:\/\/fphy.usthb.dz\/wp-content\/uploads\/2025\/05\/fati_20250520_0001.pdf\">Avis d\u2019annulation<\/a><\/strong><\/h2>\n\n\n\n<h1 class=\"wp-block-heading\">AVIS D\u2019ANNULATION<\/h1>\n\n\n\n<h2 class=\"wp-block-heading\"><strong><a href=\"http:\/\/fphy.usthb.dz\/wp-content\/uploads\/2025\/06\/IMG_0001-3.pdf\">Avis d\u2019annulation<\/a><\/strong><\/h2>\n\n\n\n<p><strong><a href=\"http:\/\/fphy.usthb.dz\/wp-content\/uploads\/2025\/10\/archive_0001.pdf\">Avis de Consultation<\/a><\/strong><\/p>\n\n\n\n<p><strong><a href=\"http:\/\/fphy.usthb.dz\/wp-content\/uploads\/2025\/10\/IMG_0001-1.pdf\">Avis de consultation num\u00e9ro 9<\/a><\/strong><\/p>\n\n\n\n<p><a href=\"http:\/\/fphy.usthb.dz\/wp-content\/uploads\/2025\/11\/IMG_0001-3.pdf\">AVIS DE CONSULT ATION<\/a><\/p>\n\n\n\n<p><a href=\"http:\/\/fphy.usthb.dz\/wp-content\/uploads\/2025\/11\/IMG_0001-2.pdf\">Avis de Consultation N 13<\/a><\/p>\n\n\n\n<p><a href=\"http:\/\/fphy.usthb.dz\/wp-content\/uploads\/2025\/12\/IMG_0001.pdf\">AVIS DE CONSULT ATION NO 1 5<\/a><\/p>\n\n\n\n<p><a href=\"http:\/\/fphy.usthb.dz\/wp-content\/uploads\/2025\/11\/IMG2_0001.pdf\">Avis de Consultation N 14<\/a><\/p>\n\n\n\n<p><a href=\"http:\/\/fphy.usthb.dz\/wp-content\/uploads\/2025\/12\/IMG129_0001.pdf\">CONSULTATION NO 21 RELATIF<\/a><\/p>\n\n\n\n<p><a href=\"http:\/\/fphy.usthb.dz\/wp-content\/uploads\/2025\/11\/IMG_0001.pdf\">AVIS DE CONSULT ATION<\/a><\/p>\n\n\n\n<p><a href=\"http:\/\/fphy.usthb.dz\/wp-content\/uploads\/2025\/11\/IMG_0002.pdf\">AVIS DE CONSULT ATION<\/a><\/p>\n\n\n\n<p><a href=\"http:\/\/fphy.usthb.dz\/wp-content\/uploads\/2025\/12\/IMG2_0001.pdf\">CONSULTATION NO 16<\/a><\/p>\n\n\n\n<p><a href=\"http:\/\/fphy.usthb.dz\/wp-content\/uploads\/2026\/01\/IMG_20260119_0002.pdf\">Avis de consultation N 11 Bis<\/a><\/p>\n\n\n\n<p><a href=\"http:\/\/fphy.usthb.dz\/wp-content\/uploads\/2026\/01\/avis-d-annulation-scaled.jpg\">Avis d&#8217;annulations<\/a><\/p>\n\n\n\n<p><a href=\"http:\/\/fphy.usthb.dz\/wp-content\/uploads\/2026\/01\/IMG_20260119_0001.pdf\">CONSULTATION NO 01\/2026 \/USTHB\/ FP\/SG<\/a><\/p>\n\n\n\n<p><br>Avis de Consultation n 2\/2026<\/p>\n\n\n\n<p id=\"block-398439a9-dd72-406b-b07d-c022143b67c1\"><a href=\"http:\/\/fphy.usthb.dz\/wp-content\/uploads\/2026\/02\/IMG_20260210_0003-2.pdf\">Avis de consultation n 2 \/2026<\/a><\/p>\n\n\n\n<p id=\"block-953d4847-98be-4752-8cd2-bd36cbf963a3\"><a href=\"http:\/\/fphy.usthb.dz\/wp-content\/uploads\/2026\/03\/IMG_20260316_0003.pdf\">AVIS DE CONSULTATION No 04 <\/a><\/p>\n\n\n\n<p><\/p>\n","protected":false},"excerpt":{"rendered":"<p>Consultation N\u00b001\/2022 Portant sur Travaux Divers (Electricit\u00e9, climatisation et Aluminium). Consultation N\u00b002\/2022 Portant sur Travaux Divers (Ma\u00e7onnerie, Chauffage-Peinture). Consultation N\u00b003\/2022 <span class=\"readmore\"><a href=\"https:\/\/fphy.usthb.dz\/index.php\/archives\/\">Suite<\/a><\/span><\/p>\n","protected":false},"author":2,"featured_media":0,"parent":0,"menu_order":0,"comment_status":"closed","ping_status":"closed","template":"","meta":{"footnotes":""},"class_list":["post-1093","page","type-page","status-publish","hentry"],"_links":{"self":[{"href":"https:\/\/fphy.usthb.dz\/index.php\/wp-json\/wp\/v2\/pages\/1093","targetHints":{"allow":["GET"]}}],"collection":[{"href":"https:\/\/fphy.usthb.dz\/index.php\/wp-json\/wp\/v2\/pages"}],"about":[{"href":"https:\/\/fphy.usthb.dz\/index.php\/wp-json\/wp\/v2\/types\/page"}],"author":[{"embeddable":true,"href":"https:\/\/fphy.usthb.dz\/index.php\/wp-json\/wp\/v2\/users\/2"}],"replies":[{"embeddable":true,"href":"https:\/\/fphy.usthb.dz\/index.php\/wp-json\/wp\/v2\/comments?post=1093"}],"version-history":[{"count":38,"href":"https:\/\/fphy.usthb.dz\/index.php\/wp-json\/wp\/v2\/pages\/1093\/revisions"}],"predecessor-version":[{"id":4242,"href":"https:\/\/fphy.usthb.dz\/index.php\/wp-json\/wp\/v2\/pages\/1093\/revisions\/4242"}],"wp:attachment":[{"href":"https:\/\/fphy.usthb.dz\/index.php\/wp-json\/wp\/v2\/media?parent=1093"}],"curies":[{"name":"wp","href":"https:\/\/api.w.org\/{rel}","templated":true}]}}