{"id":113,"date":"2022-03-09T09:58:13","date_gmt":"2022-03-09T09:58:13","guid":{"rendered":"http:\/\/193.194.89.205\/?page_id=113"},"modified":"2025-01-18T13:50:42","modified_gmt":"2025-01-18T13:50:42","slug":"organisation","status":"publish","type":"page","link":"https:\/\/fphy.usthb.dz\/index.php\/organisation\/","title":{"rendered":"Organisation"},"content":{"rendered":"\n<div class=\"wp-block-media-text is-stacked-on-mobile is-vertically-aligned-center\" style=\"grid-template-columns:15% auto\"><figure class=\"wp-block-media-text__media\"><img decoding=\"async\" src=\"http:\/\/193.194.89.205\/wp-content\/uploads\/2022\/03\/Penguins.jpg\" alt=\"\" class=\"wp-image-141 size-full\"\/><\/figure><div class=\"wp-block-media-text__content\">\n<p class=\"has-normal-font-size\"><strong>La Facult\u00e9 de Physique <\/strong> est une unit\u00e9 d\u2019enseignement et de recherche de l\u2019Universit\u00e9 des Sciences et de la Technologie Houari Boumediene (USTHB).<\/p>\n\n\n\n<h2 class=\"wp-block-heading\" id=\"la-faculte-de-physique-est-dirigee-par-le-doyen-professeur-moussaoui-nourredine\">La Facult\u00e9 de Physique est dirig\u00e9e par Le Doyen :<br>              Professeur MOUSSAOUI Nourredine<\/h2>\n\n\n\n<figure class=\"wp-block-image size-full\"><img loading=\"lazy\" decoding=\"async\" width=\"826\" height=\"465\" src=\"http:\/\/193.194.89.205\/wp-content\/uploads\/2022\/05\/photo-doyen.jpg\" alt=\"\" class=\"wp-image-388\" srcset=\"https:\/\/fphy.usthb.dz\/wp-content\/uploads\/2022\/05\/photo-doyen.jpg 826w, https:\/\/fphy.usthb.dz\/wp-content\/uploads\/2022\/05\/photo-doyen-300x169.jpg 300w, https:\/\/fphy.usthb.dz\/wp-content\/uploads\/2022\/05\/photo-doyen-768x432.jpg 768w\" sizes=\"auto, (max-width: 826px) 100vw, 826px\" \/><\/figure>\n\n\n\n<p class=\"has-normal-font-size\"><\/p>\n\n\n\n<p>                                  <strong>e-mail <\/strong>: nmoussaoui@usthb.dz<br>                                 <strong> e-mail<\/strong> : moussaoui_nourredine@yahoo.fr<br>                                  <strong>Tel\/Fax <\/strong>: 00 213 23 93 48 30<\/p>\n\n\n\n<p><br>                                  Secr\u00e9tariat du Doyen<br>                                   <strong>Tel\/Fax<\/strong> : 00 213 23 93 40 39<\/p>\n\n\n\n<p><strong>Le Doyen de la Facult\u00e9<\/strong> est assist\u00e9 dans ses fonctions par deux Vice Doyens :<\/p>\n\n\n\n<p>\u2022<strong> Madame la Vice Doyenne<\/strong> charg\u00e9e de la Post-Graduation, de la Recherche Scientifique et des Relations Ext\u00e9rieures :<\/p>\n\n\n\n<p>                                     <strong>Professeur RAHAL Abla<\/strong><br>                                      <strong>e-mail<\/strong> : arahal@usthb.dz<br>                                      <strong>e-mail<\/strong> : <a rel=\"noreferrer noopener\" href=\"mailto:abla_rahal@outlook.com\" target=\"_blank\">abla_rahal@outlook.com<\/a><\/p>\n\n\n\n<p class=\"has-text-align-center\"><strong>e-mail <\/strong>: <a rel=\"noreferrer noopener\" href=\"mailto:pg_physique@usthb.dz\" target=\"_blank\">pg_physique@usthb.dz<\/a><\/p>\n\n\n\n<p>\u2022 <strong>Monsieur le Vice Doyen<\/strong> charg\u00e9 des \u00e9tudes et des questions li\u00e9es aux \u00e9tudiants<\/p>\n\n\n\n<p><strong>Professeur BOUTKEJIRT  Tarek<\/strong><br> <strong>e-mail <\/strong>: tarek.boutkedjirt@usthb.edu.dz <br> <strong> e-mail <\/strong>: tarek.boutkedjirt@gmail.com<br> <strong> Tel\/Fax<\/strong> : 00 213 23 93 48 30<br> Secr\u00e9tariat du Doyen<br> <strong>Tel\/Fax<\/strong> : 00 213 23 93 40 39<\/p>\n\n\n\n<p><strong>Le secr\u00e9tariat G\u00e9n\u00e9ral de la Facult\u00e9 de Physique est assur\u00e9 par&nbsp;:<\/strong><\/p>\n\n\n\n<p><meta http-equiv=\"content-type\" content=\"text\/html; charset=utf-8\">                                       <strong> Madame KHELIL Meriem<\/strong><br>                                        <strong>e-mail <\/strong>:merikhellil@yahoo.fr<\/p>\n\n\n\n<p><\/p>\n<\/div><\/div>\n\n\n\n<p><strong><em><a href=\"http:\/\/fphy.usthb.dz\/wp-content\/uploads\/2022\/06\/programme_du_doyen_2020.pdf\">Programme du Doyen pr\u00e9sent\u00e9 au CSF \u00e9largi du 30 janvier 2020<\/a><\/em><\/strong><\/p>\n\n\n\n<p><strong><em><a href=\"http:\/\/fphy.usthb.dz\/wp-content\/uploads\/2022\/06\/bilan_du_doyen_2022.pdf\">Bilan du Doyen pr\u00e9sent\u00e9 au CSF\/CFD du 04 f\u00e9vrier 2022<\/a><\/em><\/strong><\/p>\n\n\n\n<p><strong><em><a href=\"http:\/\/fphy.usthb.dz\/wp-content\/uploads\/2022\/06\/programme_du_doyen_2022.pdf\">Programme du Doyen 2022 pr\u00e9sent\u00e9 au CFD\/CSF du 04 f\u00e9vrier 2022<\/a><\/em><\/strong><\/p>\n","protected":false},"excerpt":{"rendered":"<p>Programme du Doyen pr\u00e9sent\u00e9 au CSF \u00e9largi du 30 janvier 2020 Bilan du Doyen pr\u00e9sent\u00e9 au CSF\/CFD du 04 f\u00e9vrier <span class=\"readmore\"><a href=\"https:\/\/fphy.usthb.dz\/index.php\/organisation\/\">Suite<\/a><\/span><\/p>\n","protected":false},"author":2,"featured_media":0,"parent":0,"menu_order":0,"comment_status":"closed","ping_status":"closed","template":"","meta":{"footnotes":""},"class_list":["post-113","page","type-page","status-publish","hentry"],"_links":{"self":[{"href":"https:\/\/fphy.usthb.dz\/index.php\/wp-json\/wp\/v2\/pages\/113","targetHints":{"allow":["GET"]}}],"collection":[{"href":"https:\/\/fphy.usthb.dz\/index.php\/wp-json\/wp\/v2\/pages"}],"about":[{"href":"https:\/\/fphy.usthb.dz\/index.php\/wp-json\/wp\/v2\/types\/page"}],"author":[{"embeddable":true,"href":"https:\/\/fphy.usthb.dz\/index.php\/wp-json\/wp\/v2\/users\/2"}],"replies":[{"embeddable":true,"href":"https:\/\/fphy.usthb.dz\/index.php\/wp-json\/wp\/v2\/comments?post=113"}],"version-history":[{"count":19,"href":"https:\/\/fphy.usthb.dz\/index.php\/wp-json\/wp\/v2\/pages\/113\/revisions"}],"predecessor-version":[{"id":2941,"href":"https:\/\/fphy.usthb.dz\/index.php\/wp-json\/wp\/v2\/pages\/113\/revisions\/2941"}],"wp:attachment":[{"href":"https:\/\/fphy.usthb.dz\/index.php\/wp-json\/wp\/v2\/media?parent=113"}],"curies":[{"name":"wp","href":"https:\/\/api.w.org\/{rel}","templated":true}]}}