{"id":115,"date":"2022-03-09T09:58:47","date_gmt":"2022-03-09T09:58:47","guid":{"rendered":"http:\/\/193.194.89.205\/?page_id=115"},"modified":"2022-06-14T10:45:21","modified_gmt":"2022-06-14T10:45:21","slug":"departement","status":"publish","type":"page","link":"https:\/\/fphy.usthb.dz\/index.php\/departement\/","title":{"rendered":"D\u00e9partements"},"content":{"rendered":"\n<p id=\"les-departements-de-la-faculte\"><strong>Les d\u00e9partements de la facult\u00e9 :<\/strong><\/p>\n\n\n\n<p id=\"les-departements-de-la-faculte\"><strong>La facult\u00e9 comprend quatre (04) d\u00e9partements\u00a0:<\/strong><\/p>\n\n\n\n<p><a href=\"http:\/\/193.194.89.205\/index.php\/dpt1\/\">D\u00e9partement de Physique des Rayonnements<\/a><\/p>\n\n\n\n<p><a href=\"http:\/\/193.194.89.205\/index.php\/dpt2\/\">D\u00e9partement Mat\u00e9riaux et Composant<\/a><\/p>\n\n\n\n<p><a href=\"http:\/\/193.194.89.205\/index.php\/dpt3\/\">D\u00e9partement d\u2019Energ\u00e9tique et M\u00e9canique des Fluides<\/a><\/p>\n\n\n\n<p><a href=\"http:\/\/193.194.89.205\/index.php\/dpt4\/\">D\u00e9partement de Physique Th\u00e9orique<\/a><\/p>\n\n\n\n<p class=\"has-normal-font-size\"><strong>Annuaire des enseignants :<\/strong><\/p>\n\n\n\n<p><a href=\"http:\/\/fphy.usthb.dz\/wp-content\/uploads\/2022\/06\/liste_des_enseignants_du_departement_rayonnements-1.pdf\">D\u00e9partement de Physique de Rayonnement<\/a><\/p>\n\n\n\n<p><a href=\"http:\/\/fphy.usthb.dz\/wp-content\/uploads\/2022\/06\/liste_des_enseignants_du_departement_materiaux_et_composants.pdf\">D\u00e9partement Mat\u00e9riaux et Composants.<\/a><\/p>\n\n\n\n<p><a href=\"http:\/\/fphy.usthb.dz\/wp-content\/uploads\/2022\/06\/liste_des_enseignements_du_deparement_emf.pdf\">D\u00e9partement de \u00c9nerg\u00e9tique et M\u00e9canique des Fluides<\/a><\/p>\n\n\n\n<p><a href=\"http:\/\/fphy.usthb.dz\/wp-content\/uploads\/2022\/06\/liste_des_ensaignants_du_departement_physique_theorique.pdf\">D\u00e9partement de Physique Th\u00e9orique<\/a><\/p>\n","protected":false},"excerpt":{"rendered":"<p>Les d\u00e9partements de la facult\u00e9 : La facult\u00e9 comprend quatre (04) d\u00e9partements\u00a0: D\u00e9partement de Physique des Rayonnements D\u00e9partement Mat\u00e9riaux et <span class=\"readmore\"><a href=\"https:\/\/fphy.usthb.dz\/index.php\/departement\/\">Suite<\/a><\/span><\/p>\n","protected":false},"author":2,"featured_media":0,"parent":0,"menu_order":0,"comment_status":"closed","ping_status":"closed","template":"","meta":{"footnotes":""},"class_list":["post-115","page","type-page","status-publish","hentry"],"_links":{"self":[{"href":"https:\/\/fphy.usthb.dz\/index.php\/wp-json\/wp\/v2\/pages\/115","targetHints":{"allow":["GET"]}}],"collection":[{"href":"https:\/\/fphy.usthb.dz\/index.php\/wp-json\/wp\/v2\/pages"}],"about":[{"href":"https:\/\/fphy.usthb.dz\/index.php\/wp-json\/wp\/v2\/types\/page"}],"author":[{"embeddable":true,"href":"https:\/\/fphy.usthb.dz\/index.php\/wp-json\/wp\/v2\/users\/2"}],"replies":[{"embeddable":true,"href":"https:\/\/fphy.usthb.dz\/index.php\/wp-json\/wp\/v2\/comments?post=115"}],"version-history":[{"count":12,"href":"https:\/\/fphy.usthb.dz\/index.php\/wp-json\/wp\/v2\/pages\/115\/revisions"}],"predecessor-version":[{"id":546,"href":"https:\/\/fphy.usthb.dz\/index.php\/wp-json\/wp\/v2\/pages\/115\/revisions\/546"}],"wp:attachment":[{"href":"https:\/\/fphy.usthb.dz\/index.php\/wp-json\/wp\/v2\/media?parent=115"}],"curies":[{"name":"wp","href":"https:\/\/api.w.org\/{rel}","templated":true}]}}