{"id":1186,"date":"2023-01-22T12:12:16","date_gmt":"2023-01-22T12:12:16","guid":{"rendered":"https:\/\/fphy.usthb.dz\/?page_id=1186"},"modified":"2026-01-30T11:46:31","modified_gmt":"2026-01-30T11:46:31","slug":"offre-de-formation-master","status":"publish","type":"page","link":"https:\/\/fphy.usthb.dz\/index.php\/offre-de-formation-master\/","title":{"rendered":"Offre de formation Master"},"content":{"rendered":"\n<div class=\"chapo \" id=\"description\">\n        <p>&nbsp;<\/p>\n<table width=\"688\" cellspacing=\"0\" cellpadding=\"0\" border=\"1\" align=\"center\">\n          <tbody><tr class=\"semestre\">\n                    <td width=\"81\" valign=\"top\" align=\"center\"><strong>Domaine<\/strong><\/td>\n                    <td width=\"150\" valign=\"top\" align=\"center\"><strong>Fili\u00e8re<\/strong><\/td>\n                    <td width=\"239\" valign=\"top\" align=\"center\"><strong>Sp\u00e9cialit\u00e9<\/strong><\/td>\n                    <td width=\"281\" valign=\"top\" align=\"center\"><strong>N\u00b0&nbsp;et    date de l\u2019arr\u00eat\u00e9<\/strong><\/td>\n          <\/tr>\n          <tr>\n                    <td rowspan=\"7\" width=\"81\" valign=\"top\" align=\"center\"><strong>SM<\/strong><\/td>\n                   <td rowspan=\"15\" width=\"150\" valign=\"top\" align=\"center\"><strong>Masters acad\u00e9miques<\/strong> <\/td>\n                    <td width=\"239\" valign=\"top\" align=\"center\"><a href=\"http:\/\/fphy.usthb.dz\/wp-content\/uploads\/2023\/01\/Master-PhysiqueTheorique.pdf\">Physique Th\u00e9orique <\/a><\/td>\n                    <td width=\"281\" valign=\"top\" align=\"center\"><a href=\"http:\/\/fphy.usthb.dz\/wp-content\/uploads\/2023\/07\/Arrete-master-n\u00b0549-du-27-avril-2023-Completant-lannexe-n\u00b060-de-larrete-n\u00b0002-du-3-janvier-2021.pdf\">Arr\u00e9t\u00e9 master n\u00b0549 du 27 avril 2023<\/a><\/td>\n          <\/tr>\n          \n          <tr>\n                    <td width=\"239\" valign=\"top\" align=\"center\"><a href=\"http:\/\/fphy.usthb.dz\/wp-content\/uploads\/2023\/01\/Master-Physique-des-Materiaux.pdf\">Physique des Mat\u00e9riaux  <\/a><\/td>\n                    <td width=\"281\" valign=\"top\" align=\"center\"><a href=\"http:\/\/fphy.usthb.dz\/wp-content\/uploads\/2023\/07\/Arrete-master-n\u00b0549-du-27-avril-2023-Completant-lannexe-n\u00b060-de-larrete-n\u00b0002-du-3-janvier-2021.pdf\">Arr\u00e9t\u00e9 master n\u00b0549 du 27 avril 2023 <\/a><\/td>\n          <\/tr><tr>\n                    <td width=\"239\" valign=\"top\" align=\"center\"><a href=\"http:\/\/fphy.usthb.dz\/wp-content\/uploads\/2023\/01\/Master-Dynamique-des-Fluides-et-Energetique.pdf\">Dynamique des Fluides&nbsp;&amp; Energ\u00e9tique&nbsp;<\/a><\/td>\n                    <td width=\"281\" valign=\"top\" align=\"center\"><a href=\"http:\/\/fphy.usthb.dz\/wp-content\/uploads\/2023\/07\/Arrete-master-n\u00b0549-du-27-avril-2023-Completant-lannexe-n\u00b060-de-larrete-n\u00b0002-du-3-janvier-2021.pdf\">Arr\u00e9t\u00e9 master n\u00b0549 du 27 avril 2023<\/a><\/td>\n          <\/tr>\n          <tr>\n                    <td width=\"239\" valign=\"top\" align=\"center\"><a href=\"http:\/\/fphy.usthb.dz\/wp-content\/uploads\/2023\/01\/Master-Physique-des-Rayonnements.pdf\">Physique    des rayonnements<\/a> <\/td>\n                    <td width=\"281\" valign=\"top\" align=\"center\"><a href=\"http:\/\/fphy.usthb.dz\/wp-content\/uploads\/2023\/07\/Arrete-master-n\u00b0549-du-27-avril-2023-Completant-lannexe-n\u00b060-de-larrete-n\u00b0002-du-3-janvier-2021.pdf\">Arr\u00e9t\u00e9 master n\u00b0549 du 27 avril 2023<\/a><\/td>\n          <\/tr>\n<\/tbody><\/table>\n<table width=\"688\" cellspacing=\"0\" cellpadding=\"0\" border=\"1\" align=\"center\">\n          <tbody>\n\n          <tr>\n                    <td rowspan=\"7\" width=\"81\" valign=\"top\" align=\"center\"><strong>SM<\/strong><\/td>\n                   <td rowspan=\"15\" width=\"150\" valign=\"top\" align=\"center\"><strong>Masters professionalisants<\/strong> <\/td>\n                    <td width=\"239\" valign=\"top\" align=\"center\"><a href=\"http:\/\/fphy.usthb.dz\/wp-content\/uploads\/2023\/01\/Master-Energies-Renouvelables-Efficacite-Energetique.pdf\">Master Energies Renouvelables-Efficacit\u00e9 Energ\u00e9tique <\/a><\/td>\n                    <td width=\"281\" valign=\"top\" align=\"center\"><a href=\"http:\/\/fphy.usthb.dz\/wp-content\/uploads\/2023\/01\/arrete-1123_20_aout_2022-USTHB.pdf\">Arr\u00eat\u00e9 n\u00b01123    du 20 Ao\u00fbt 2022<\/a><\/td>\n          <\/tr>\n          \n          <tr>\n                    <td width=\"239\" valign=\"top\" align=\"center\"><a href=\"http:\/\/fphy.usthb.dz\/wp-content\/uploads\/2023\/01\/Master-Materiaux-et-Energies-Renouvelables.pdf\">Master Mat\u00e9riaux et Energies Renouvelables  <\/a><\/td>\n                    <td width=\"281\" valign=\"top\" align=\"center\"><a href=\"http:\/\/fphy.usthb.dz\/wp-content\/uploads\/2023\/01\/arrete-1123_20_aout_2022.pdf\">Arr\u00eat\u00e9 n\u00b01123 du 20 Ao\u00fbt 2022 <\/a><\/td>\n          <\/tr><tr>\n                    <td width=\"239\" valign=\"top\" align=\"center\"><a href=\"http:\/\/fphy.usthb.dz\/wp-content\/uploads\/2023\/01\/Master-Physique-Medicale.pdf\">Physique M\u00e9dicale <\/a><\/td>\n                    <td width=\"281\" valign=\"top\" align=\"center\"><a href=\"http:\/\/fphy.usthb.dz\/wp-content\/uploads\/2023\/07\/Arrete-master-n\u00b0549-du-27-avril-2023-Completant-lannexe-n\u00b060-de-larrete-n\u00b0002-du-3-janvier-2021.pdf\">Arr\u00e9t\u00e9 master n\u00b0549 du 27 avril 2023<\/a><\/td>\n          <\/tr>\n          \n          <tr>\n                    <td width=\"239\" valign=\"top\" align=\"center\"><a href=\"http:\/\/fphy.usthb.dz\/wp-content\/uploads\/2023\/01\/Master-Securite-Nucleaire.pdf\">S\u00e9curit\u00e9 nucl\u00e9aire<\/a><\/td>\n                    <td width=\"281\" valign=\"top\" align=\"center\"><a href=\"http:\/\/fphy.usthb.dz\/wp-content\/uploads\/2023\/07\/Arrete-master-n\u00b0549-du-27-avril-2023-Completant-lannexe-n\u00b060-de-larrete-n\u00b0002-du-3-janvier-2021.pdf\">Arr\u00e9t\u00e9 master n\u00b0549 du 27 avril 2023 <\/a><\/td>\n          <\/tr><tr>\n                    <td width=\"239\" valign=\"top\" align=\"center\"><a href=\"http:\/\/fphy.usthb.dz\/wp-content\/uploads\/2023\/01\/Master-Sciences-et-Techniques-des-Hydrocarbures-RAH.pdf\">Sciences et Techniques des Hydrocarbures&nbsp;: R\u00e9cup\u00e9ration Assist\u00e9e des Hydrocarbures<\/a><\/td>\n                    <td width=\"281\" valign=\"top\" align=\"center\"><a href=\"http:\/\/fphy.usthb.dz\/wp-content\/uploads\/2023\/07\/Arrete-master-n\u00b0549-du-27-avril-2023-Completant-lannexe-n\u00b060-de-larrete-n\u00b0002-du-3-janvier-2021.pdf\">Arr\u00e9t\u00e9 master n\u00b0549 du 27 avril 2023<\/a> <\/td>\n          <\/tr>\n\n<tr>\n                    <td width=\"239\" valign=\"top\" align=\"center\"><a href=\"http:\/\/fphy.usthb.dz\/wp-content\/uploads\/2023\/09\/Canevas-master-professionalisant-CND-USTHB-Presentation.pdf\">Master Contr\u00f4le Non Destructif des Mat\u00e9riaux<\/a><\/td>\n                    <td width=\"281\" valign=\"top\" align=\"center\"><a href=\"http:\/\/fphy.usthb.dz\/wp-content\/uploads\/2023\/09\/Arrete-N\u00b0-1024-du-25.07.2023.pdf\"> Arr\u00eat\u00e9 N\u00b0 1024 du 25.07.2023 <\/a><\/td>\n          <\/tr>\n          <\/tr>\n<td width=\"239\" valign=\"top\" align=\"center\"><a href=\"http:\/\/fphy.usthb.dz\/wp-content\/uploads\/2024\/07\/Master-profess-Astronomie-Astrophysique-et-Techniques-Spatiales-USTHB-24-25.pdf\">Master Astronomie, Astrophysique et Techniques Spatiales<\/a><\/td>\n                    <td width=\"281\" valign=\"top\" align=\"center\"><a href=\"http:\/\/fphy.usthb.dz\/wp-content\/uploads\/2024\/07\/Arrete-N\u00b0-958-du-20.07.2024-USTHB.pdf\"> Arr\u00eat\u00e9 N\u00b0 958 du 20.07.2024 <\/a><\/td>\n\n<\/tbody><\/table>\n\n        \n        <\/div>\n\n\n\n<h2 class=\"wp-block-heading\"><a href=\"https:\/\/fphy.usthb.dz\/index.php\/masters-academiques\/\">Pr\u00e9sentation des Masters Acad\u00e9miques et Professionnalisants Physique 2022-2023<\/a><\/h2>\n\n\n\n<h2 class=\"wp-block-heading\">Des modifications de programmes ont affect\u00e9 certains Masters. Celles-ci sont applicables aux M1 \u00e0 partir de septembre 2025. Elles peuvent \u00eatre consult\u00e9es sur les liens suivants :<\/h2>\n\n\n\n<ul class=\"wp-block-list\">\n<li><strong>M1&nbsp;Physique Th\u00e9orique 25-26 <\/strong>:&nbsp;<a href=\"https:\/\/drive.google.com\/file\/d\/1Q_jB0bEVeNW797yNUcRD4Vnky_dsTeSH\/view?usp=drive_link\" target=\"_blank\" rel=\"noreferrer noopener\">https:\/\/drive.google.com\/file\/d\/1Q_jB0bEVeNW797yNUcRD4Vnky_dsTeSH\/view?usp=drive_link<\/a><\/li>\n\n\n\n<li><strong>M1 Physique des Mat\u00e9riaux 25-26 :&nbsp;<\/strong><a href=\"https:\/\/drive.google.com\/file\/d\/1ObqBqgFeV3ExtoqhQJeYC9n8aU2J8H0-\/view?usp=drive_link\" target=\"_blank\" rel=\"noreferrer noopener\">https:\/\/drive.google.com\/file\/d\/1ObqBqgFeV3ExtoqhQJeYC9n8aU2J8H0-\/view?usp=drive_link<\/a><\/li>\n\n\n\n<li><strong>M1&nbsp;Physique des Rayonnements 25-26 :<\/strong>&nbsp;<a href=\"https:\/\/drive.google.com\/file\/d\/1DRsUsY7ESh1HCg8CqBcEgfvCKDF-nbjy\/view?usp=drive_link\" target=\"_blank\" rel=\"noreferrer noopener\">https:\/\/drive.google.com\/file\/d\/1DRsUsY7ESh1HCg8CqBcEgfvCKDF-nbjy\/view?usp=drive_link<\/a><\/li>\n\n\n\n<li><strong>M1 : Dynamique des fluides et \u00c9nerg\u00e9tique 25-26 :<\/strong>&nbsp;<a href=\"https:\/\/drive.google.com\/file\/d\/1FLPnfJfCmB5CYM3BHPipm4fRX-tLm4sD\/view?usp=drive_link\" target=\"_blank\" rel=\"noreferrer noopener\">https:\/\/drive.google.com\/file\/d\/1FLPnfJfCmB5CYM3BHPipm4fRX-tLm4sD\/view?usp=drive_link<\/a><\/li>\n\n\n\n<li><strong>M1 :&nbsp;Physique M\u00e9dicale et Radiophysique USTHB 25-26 :<\/strong>&nbsp;<a href=\"https:\/\/drive.google.com\/file\/d\/16cpLitU0ZIic831B6ovWMTKk_1KL1-Fh\/view?usp=drive_link\" target=\"_blank\" rel=\"noreferrer noopener\">https:\/\/drive.google.com\/file\/d\/16cpLitU0ZIic831B6ovWMTKk_1KL1-Fh\/view?usp=drive_link<\/a><\/li>\n\n\n\n<li><strong>M1&nbsp;Mat\u00e9riaux et EnR USTHB 25-26 :&nbsp;<\/strong><a href=\"https:\/\/drive.google.com\/file\/d\/1Dz7VpIstod9f4kha6Au2j3fa-vnfOJZG\/view?usp=drive_link\" target=\"_blank\" rel=\"noreferrer noopener\">https:\/\/drive.google.com\/file\/d\/1Dz7VpIstod9f4kha6Au2j3fa-vnfOJZG\/view?usp=drive_link<\/a><\/li>\n\n\n\n<li><strong>M1 Sciences et Techniques de l&#8217;Hydrog\u00e8ne Vert :<\/strong>&nbsp;<a href=\"https:\/\/drive.google.com\/file\/d\/1Q1u5wuxUEJcOv6hjtQkJOZYuVDZVR9--\/view?usp=drive_link\" target=\"_blank\" rel=\"noreferrer noopener\">https:\/\/drive.google.com\/file\/d\/1Q1u5wuxUEJcOv6hjtQkJOZYuVDZVR9&#8211;\/view?usp=drive_link<\/a><\/li>\n\n\n\n<li><strong>M1 Contr\u00f4le Non Destructif des Mat\u00e9riaux :&nbsp;<\/strong>&nbsp;<a href=\"https:\/\/drive.google.com\/file\/d\/1qvB-JvJQNXi0I6AagodivN2d-H5Q-CrS\/view?usp=drive_link\" target=\"_blank\" rel=\"noreferrer noopener\">https:\/\/drive.google.com\/file\/d\/1qvB-JvJQNXi0I6AagodivN2d-H5Q-CrS\/view?usp=drive_link<\/a><\/li>\n\n\n\n<li><strong>M1 Energies renouvelables et Efficacit\u00e9 \u00e9nerg\u00e9tique :&nbsp;<\/strong><a href=\"https:\/\/drive.google.com\/file\/d\/1UGNNTUpzbUZIWlA2b6WX_iK8Ua3AGRPB\/view?usp=drive_link\" target=\"_blank\" rel=\"noreferrer noopener\">https:\/\/drive.google.com\/file\/d\/1UGNNTUpzbUZIWlA2b6WX_iK8Ua3AGRPB\/view?usp=drive_link<\/a><\/li>\n\n\n\n<li><strong>Master Astronomie, Astrophysique et Techniques Spatiales<\/strong> <strong>25-26<\/strong> <strong><a href=\"http:\/\/fphy.usthb.dz\/wp-content\/uploads\/2026\/01\/Canevas_Master_Astronomie_Astrphysique_et_Techniques_Spatiales_25-26.pdf\">(CANVA ici)<\/a><\/strong> : <a href=\"https:\/\/drive.google.com\/file\/d\/1ViA0XhYWqQGPLsliP7Fm_i055st_pTLM\/view?usp=drive_link\"> https:\/\/drive.google.com\/file\/d\/1ViA0XhYWqQGPLsliP7Fm_i055st_pTLM\/view?usp=drive_link<\/a><\/li>\n\n\n\n<li><strong>Master S\u00e9curit\u00e9 nucl\u00e9aire 25-26<\/strong> <strong><a href=\"http:\/\/fphy.usthb.dz\/wp-content\/uploads\/2026\/01\/Canevas_Harmonisation_Master_SN__25-26.pdf\">(CANVA ici)<\/a><\/strong> : <a href=\"https:\/\/drive.google.com\/file\/d\/1KXop6Bm7k7zqrIkUIPODB5ZSs1_UmyTJ\/view?usp=drive_link\"> https:\/\/drive.google.com\/file\/d\/1KXop6Bm7k7zqrIkUIPODB5ZSs1_UmyTJ\/view?usp=drive_link<\/a><\/li>\n<\/ul>\n\n\n\n<p><\/p>\n","protected":false},"excerpt":{"rendered":"<p>&nbsp; Domaine Fili\u00e8re Sp\u00e9cialit\u00e9 N\u00b0&nbsp;et date de l\u2019arr\u00eat\u00e9 SM Masters acad\u00e9miques Physique Th\u00e9orique Arr\u00e9t\u00e9 master n\u00b0549 du 27 avril 2023 <span class=\"readmore\"><a href=\"https:\/\/fphy.usthb.dz\/index.php\/offre-de-formation-master\/\">Suite<\/a><\/span><\/p>\n","protected":false},"author":2,"featured_media":0,"parent":0,"menu_order":0,"comment_status":"closed","ping_status":"closed","template":"","meta":{"footnotes":""},"class_list":["post-1186","page","type-page","status-publish","hentry"],"_links":{"self":[{"href":"https:\/\/fphy.usthb.dz\/index.php\/wp-json\/wp\/v2\/pages\/1186","targetHints":{"allow":["GET"]}}],"collection":[{"href":"https:\/\/fphy.usthb.dz\/index.php\/wp-json\/wp\/v2\/pages"}],"about":[{"href":"https:\/\/fphy.usthb.dz\/index.php\/wp-json\/wp\/v2\/types\/page"}],"author":[{"embeddable":true,"href":"https:\/\/fphy.usthb.dz\/index.php\/wp-json\/wp\/v2\/users\/2"}],"replies":[{"embeddable":true,"href":"https:\/\/fphy.usthb.dz\/index.php\/wp-json\/wp\/v2\/comments?post=1186"}],"version-history":[{"count":71,"href":"https:\/\/fphy.usthb.dz\/index.php\/wp-json\/wp\/v2\/pages\/1186\/revisions"}],"predecessor-version":[{"id":4010,"href":"https:\/\/fphy.usthb.dz\/index.php\/wp-json\/wp\/v2\/pages\/1186\/revisions\/4010"}],"wp:attachment":[{"href":"https:\/\/fphy.usthb.dz\/index.php\/wp-json\/wp\/v2\/media?parent=1186"}],"curies":[{"name":"wp","href":"https:\/\/api.w.org\/{rel}","templated":true}]}}