{"id":1493,"date":"2023-06-19T09:52:58","date_gmt":"2023-06-19T09:52:58","guid":{"rendered":"https:\/\/fphy.usthb.dz\/?page_id=1493"},"modified":"2023-06-27T11:00:30","modified_gmt":"2023-06-27T11:00:30","slug":"masters-academiques","status":"publish","type":"page","link":"https:\/\/fphy.usthb.dz\/index.php\/masters-academiques\/","title":{"rendered":"Masters Acad\u00e9miques et Professionnalisants"},"content":{"rendered":"\n<h3 class=\"wp-block-heading\"><strong>Pr\u00e9sentation des Masters Acad\u00e9miques Physique 2022-2023<\/strong><\/h3>\n\n\n\n<ul class=\"wp-block-list\">\n<li><a href=\"http:\/\/fphy.usthb.dz\/wp-content\/uploads\/2023\/06\/Fiche-Programme-Master-Physique-des-Materiaux-2016.pdf\">Fiche Programme Master Physique des Mat\u00e9riaux 2016<\/a><\/li>\n\n\n\n<li><a href=\"http:\/\/fphy.usthb.dz\/wp-content\/uploads\/2023\/06\/Presentation-Master-DFE.pdf\">Pr\u00e9sentation Master DFE<\/a><\/li>\n\n\n\n<li><a href=\"http:\/\/fphy.usthb.dz\/wp-content\/uploads\/2023\/06\/Presentation-Master-Physique-des-Materiaux.pdf\">Pr\u00e9sentation Master Physique des Mat\u00e9riaux<\/a><\/li>\n\n\n\n<li><a href=\"http:\/\/fphy.usthb.dz\/wp-content\/uploads\/2023\/06\/Presentation-Master-Physique-des-Rayonnements.pdf\">Pr\u00e9sentation Master Physique des Rayonnements<\/a><\/li>\n\n\n\n<li><a href=\"http:\/\/fphy.usthb.dz\/wp-content\/uploads\/2023\/06\/Presentation-Master-Physique-Theorique-Resume-Programme-2020-2021.pdf\">Pr\u00e9sentation Master Physique Th\u00e9orique R\u00e9sume Programme 2020-2021<\/a><\/li>\n\n\n\n<li><a href=\"http:\/\/fphy.usthb.dz\/wp-content\/uploads\/2023\/06\/Presentation-Master-Physique-Theorique.pdf\">Pr\u00e9sentation Master Physique Th\u00e9orique<\/a><\/li>\n<\/ul>\n\n\n\n<h3 class=\"wp-block-heading\">Pr\u00e9sentation des Masters Professionnalisants Physique 2022-2023<\/h3>\n\n\n\n<ul class=\"wp-block-list\">\n<li><a href=\"http:\/\/Programme Demi-journee Information Masters 2022\">Programme Demi-journee Information Masters 2022<\/a><\/li>\n\n\n\n<li><a href=\"http:\/\/fphy.usthb.dz\/wp-content\/uploads\/2023\/06\/Presentation-Master-EnR-Ee.pdf\">Pr\u00e9sentation Master EnR-Ee<\/a><\/li>\n\n\n\n<li><a href=\"http:\/\/fphy.usthb.dz\/wp-content\/uploads\/2023\/06\/Presentation-Master-Materiaux-EnR.pdf\">Pr\u00e9sentation Master Mat\u00e9riaux &amp; EnR<\/a><\/li>\n\n\n\n<li><a href=\"http:\/\/fphy.usthb.dz\/wp-content\/uploads\/2023\/06\/Presentation-Master-Physique-Medicale.pdf\">Pr\u00e9sentation Master Physique M\u00e9dicale<\/a><\/li>\n\n\n\n<li><a href=\"http:\/\/fphy.usthb.dz\/wp-content\/uploads\/2023\/06\/Presentation-Master-SN-Mehdi_sk.pdf\">Pr\u00e9sentation Master SN <\/a><\/li>\n\n\n\n<li><a href=\"http:\/\/fphy.usthb.dz\/wp-content\/uploads\/2023\/06\/Presentation-Master-STH-RAH.pdf\">Pr\u00e9sentation Master STH<\/a><\/li>\n\n\n\n<li><a href=\"http:\/\/fphy.usthb.dz\/wp-content\/uploads\/2023\/06\/PresJSP23-Masters-EnR-Boutkedjirt.pdf\">PresJSP23-Masters EnR<\/a><\/li>\n<\/ul>\n\n\n\n<h3 class=\"wp-block-heading\"><a href=\"http:\/\/fphy.usthb.dz\/wp-content\/uploads\/2023\/06\/PresJSP24-OffresFormationPhysique-Boutkedjirt.pdf\">Offres De Formation De la Facult\u00e9 de Physique<\/a><\/h3>\n\n\n\n<h3 class=\"wp-block-heading\"><a href=\"https:\/\/fphy.usthb.dz\/index.php\/offre-de-formation\/\"><strong>Quelques vid\u00e9os des pr\u00e9sentations des offres de formation<\/strong>\u00a0:<\/a><\/h3>\n","protected":false},"excerpt":{"rendered":"<p>Pr\u00e9sentation des Masters Acad\u00e9miques Physique 2022-2023 Pr\u00e9sentation des Masters Professionnalisants Physique 2022-2023 Offres De Formation De la Facult\u00e9 de Physique <span class=\"readmore\"><a href=\"https:\/\/fphy.usthb.dz\/index.php\/masters-academiques\/\">Suite<\/a><\/span><\/p>\n","protected":false},"author":2,"featured_media":1508,"parent":0,"menu_order":0,"comment_status":"closed","ping_status":"closed","template":"","meta":{"footnotes":""},"class_list":["post-1493","page","type-page","status-publish","has-post-thumbnail","hentry"],"_links":{"self":[{"href":"https:\/\/fphy.usthb.dz\/index.php\/wp-json\/wp\/v2\/pages\/1493","targetHints":{"allow":["GET"]}}],"collection":[{"href":"https:\/\/fphy.usthb.dz\/index.php\/wp-json\/wp\/v2\/pages"}],"about":[{"href":"https:\/\/fphy.usthb.dz\/index.php\/wp-json\/wp\/v2\/types\/page"}],"author":[{"embeddable":true,"href":"https:\/\/fphy.usthb.dz\/index.php\/wp-json\/wp\/v2\/users\/2"}],"replies":[{"embeddable":true,"href":"https:\/\/fphy.usthb.dz\/index.php\/wp-json\/wp\/v2\/comments?post=1493"}],"version-history":[{"count":11,"href":"https:\/\/fphy.usthb.dz\/index.php\/wp-json\/wp\/v2\/pages\/1493\/revisions"}],"predecessor-version":[{"id":1580,"href":"https:\/\/fphy.usthb.dz\/index.php\/wp-json\/wp\/v2\/pages\/1493\/revisions\/1580"}],"wp:featuredmedia":[{"embeddable":true,"href":"https:\/\/fphy.usthb.dz\/index.php\/wp-json\/wp\/v2\/media\/1508"}],"wp:attachment":[{"href":"https:\/\/fphy.usthb.dz\/index.php\/wp-json\/wp\/v2\/media?parent=1493"}],"curies":[{"name":"wp","href":"https:\/\/api.w.org\/{rel}","templated":true}]}}