{"id":18,"date":"2022-02-17T09:37:13","date_gmt":"2022-02-17T09:37:13","guid":{"rendered":"http:\/\/193.194.89.205\/?page_id=18"},"modified":"2022-05-30T01:39:11","modified_gmt":"2022-05-30T01:39:11","slug":"dpt1","status":"publish","type":"page","link":"https:\/\/fphy.usthb.dz\/index.php\/dpt1\/","title":{"rendered":"Physique Rayonnements"},"content":{"rendered":"\n<p>Le D\u00e9partement de Physique des Rayonnements et l\u2019un des meilleurs d\u00e9partements par la qualit\u00e9 de l\u2019encadrement p\u00e9dagogique et scientifique. Il est compos\u00e9, au titre de l\u2019ann\u00e9e universitaire 2021-2022, de 68 enseignants tous corps confondus, dont 31enseignants de rang magistral (23 Professeurs et 8 Maitres de Conf\u00e9rences A), 16 Maitres de Conf\u00e9rences B et 21 Maitres Assistants.<\/p>\n\n\n\n<h2 class=\"wp-block-heading\" id=\"encadrement-pedagogique-et-scientifique\"><strong>Encadrement p\u00e9dagogique et scientifique<\/strong><\/h2>\n\n\n\n<p>Le D\u00e9partement de Physique des Rayonnements comporte en son sein deux laboratoires de recherche\u00a0: Laboratoire d\u2019Electronique Quantique ainsi que le Laboratoire de Sciences Nucl\u00e9aires et Interaction Rayonnement Mati\u00e8re. Ces deux laboratoires sont compos\u00e9s de plusieurs \u00e9quipes de recherche activant dans plusieurs axes de recherches telles que, les lasers, les plasmas, Physique Atomique et Physique Nucl\u00e9aire.<br>Les enseignants du d\u00e9partement assurent l\u2019enseignement en Licence et en Master ainsi que l\u2019encadrement des doctorants.<\/p>\n\n\n\n<h2 class=\"wp-block-heading\" id=\"formation\">Formation<\/h2>\n\n\n\n<p>Le d\u00e9partement de Physique des Rayonnement assure la formation en Master dans 03 sp\u00e9cialit\u00e9s&nbsp;: Physique M\u00e9dicale, Physique des Rayonnements et S\u00e9curit\u00e9 Nucl\u00e9aire.<br>Pour le Master Physique des Rayonnements, les \u00e9tudiants ont la possibilit\u00e9 de choisir entre 03 parcours en M2, qui sont&nbsp;:<br>Lasers-Atomes-Plasma (LAP), Sciences Nucl\u00e9aires et Interaction Rayonnement-Mati\u00e8re (SNIRM) et Astrophysique et Techniques Sp\u00e9ciales (ATS).<\/p>\n\n\n\n<h2 class=\"wp-block-heading\" id=\"departement-et-monde-professionnel\"><strong>D\u00e9partement et monde professionnel<\/strong><\/h2>\n\n\n\n<p>Les formations propos\u00e9es par le d\u00e9partement connaissent un engouement particulier de la part des \u00e9tudiants vu que ces formations leur ouvrent des portes vers le monde professionnel.<br>Le Master en Physique M\u00e9dicale pr\u00e9sente l\u2019avantage de proposer une formation de haut niveau des Physiciens M\u00e9dicaux qui sont aptes \u00e0 travailler dans les service de radioth\u00e9rapie et de m\u00e9decine nucl\u00e9aires dans les structure de sant\u00e9 publique et priv\u00e9. Le Master S\u00e9curit\u00e9 Nucl\u00e9aire, consid\u00e9r\u00e9 comme un Master professionnel, est ouvert au professionnel dans le domaine de la S\u00fbret\u00e9 Nucl\u00e9aire des diff\u00e9rents organes.<br>Plusieurs conventions ont \u00e9t\u00e9 sign\u00e9es avec diff\u00e9rentes structures qui interviennent dans les formations, notamment en Physique M\u00e9dicales, afin d\u2019assurer une formation de qualit\u00e9 qui permette aux nouveaux dipl\u00f4m\u00e9s une insertion directe dans le monde professionnel.<\/p>\n\n\n\n<p><strong>Docteur Terniche Said<br>Enseignant-Chercheur<\/strong><br>Laboratoire Electronique Quantique<br><strong>e-mail <\/strong>: dep_phy_ray@yahoo.com &amp; dep_pr@usthb.dz<br><strong>T\u00e9l<\/strong> : 00 213 21 24 73 44<br><strong>Fax<\/strong> : 00 213 21 24 73 44<\/p>\n\n\n\n<p><\/p>\n","protected":false},"excerpt":{"rendered":"<p>Le D\u00e9partement de Physique des Rayonnements et l\u2019un des meilleurs d\u00e9partements par la qualit\u00e9 de l\u2019encadrement p\u00e9dagogique et scientifique. Il <span class=\"readmore\"><a href=\"https:\/\/fphy.usthb.dz\/index.php\/dpt1\/\">Suite<\/a><\/span><\/p>\n","protected":false},"author":1,"featured_media":220,"parent":0,"menu_order":0,"comment_status":"closed","ping_status":"closed","template":"","meta":{"footnotes":""},"class_list":["post-18","page","type-page","status-publish","has-post-thumbnail","hentry"],"_links":{"self":[{"href":"https:\/\/fphy.usthb.dz\/index.php\/wp-json\/wp\/v2\/pages\/18","targetHints":{"allow":["GET"]}}],"collection":[{"href":"https:\/\/fphy.usthb.dz\/index.php\/wp-json\/wp\/v2\/pages"}],"about":[{"href":"https:\/\/fphy.usthb.dz\/index.php\/wp-json\/wp\/v2\/types\/page"}],"author":[{"embeddable":true,"href":"https:\/\/fphy.usthb.dz\/index.php\/wp-json\/wp\/v2\/users\/1"}],"replies":[{"embeddable":true,"href":"https:\/\/fphy.usthb.dz\/index.php\/wp-json\/wp\/v2\/comments?post=18"}],"version-history":[{"count":8,"href":"https:\/\/fphy.usthb.dz\/index.php\/wp-json\/wp\/v2\/pages\/18\/revisions"}],"predecessor-version":[{"id":372,"href":"https:\/\/fphy.usthb.dz\/index.php\/wp-json\/wp\/v2\/pages\/18\/revisions\/372"}],"wp:featuredmedia":[{"embeddable":true,"href":"https:\/\/fphy.usthb.dz\/index.php\/wp-json\/wp\/v2\/media\/220"}],"wp:attachment":[{"href":"https:\/\/fphy.usthb.dz\/index.php\/wp-json\/wp\/v2\/media?parent=18"}],"curies":[{"name":"wp","href":"https:\/\/api.w.org\/{rel}","templated":true}]}}