{"id":1862,"date":"2023-11-21T08:03:07","date_gmt":"2023-11-21T08:03:07","guid":{"rendered":"https:\/\/fphy.usthb.dz\/?page_id=1862"},"modified":"2025-12-30T17:23:47","modified_gmt":"2025-12-30T17:23:47","slug":"enseignants","status":"publish","type":"page","link":"https:\/\/fphy.usthb.dz\/index.php\/enseignants\/","title":{"rendered":"\u00a0Enseignants"},"content":{"rendered":"\n<p><strong>Documents \u00e0 t\u00e9l\u00e9charger :<\/strong><\/p>\n\n\n\n<ul class=\"wp-block-list\">\n<li><a href=\"http:\/\/fphy.usthb.dz\/wp-content\/uploads\/2024\/11\/PV-de-carence-1.pdf\">PV de carence<\/a><\/li>\n\n\n\n<li><a href=\"http:\/\/fphy.usthb.dz\/wp-content\/uploads\/2024\/11\/Constat-dabsence-1.pdf\">Constat d\u2019absence<\/a><\/li>\n\n\n\n<li><a href=\"http:\/\/fphy.usthb.dz\/wp-content\/uploads\/2024\/11\/Demande-de-tirage-1.pdf\">Demande de tirage<\/a><\/li>\n\n\n\n<li><a href=\"http:\/\/fphy.usthb.dz\/wp-content\/uploads\/2024\/11\/PV-de-CP-Type.pdf\">PV de CP Type<\/a><\/li>\n\n\n\n<li><a href=\"http:\/\/fphy.usthb.dz\/wp-content\/uploads\/2024\/11\/PV-de-Surveillance.pdf\">PV de Surveillance<\/a><\/li>\n<\/ul>\n\n\n\n<h2 class=\"wp-block-heading\">Lien pour la demande de vacations <\/h2>\n","protected":false},"excerpt":{"rendered":"<p>Documents \u00e0 t\u00e9l\u00e9charger : Lien pour la demande de vacations<\/p>\n","protected":false},"author":2,"featured_media":0,"parent":0,"menu_order":0,"comment_status":"closed","ping_status":"closed","template":"","meta":{"footnotes":""},"class_list":["post-1862","page","type-page","status-publish","hentry"],"_links":{"self":[{"href":"https:\/\/fphy.usthb.dz\/index.php\/wp-json\/wp\/v2\/pages\/1862","targetHints":{"allow":["GET"]}}],"collection":[{"href":"https:\/\/fphy.usthb.dz\/index.php\/wp-json\/wp\/v2\/pages"}],"about":[{"href":"https:\/\/fphy.usthb.dz\/index.php\/wp-json\/wp\/v2\/types\/page"}],"author":[{"embeddable":true,"href":"https:\/\/fphy.usthb.dz\/index.php\/wp-json\/wp\/v2\/users\/2"}],"replies":[{"embeddable":true,"href":"https:\/\/fphy.usthb.dz\/index.php\/wp-json\/wp\/v2\/comments?post=1862"}],"version-history":[{"count":6,"href":"https:\/\/fphy.usthb.dz\/index.php\/wp-json\/wp\/v2\/pages\/1862\/revisions"}],"predecessor-version":[{"id":3908,"href":"https:\/\/fphy.usthb.dz\/index.php\/wp-json\/wp\/v2\/pages\/1862\/revisions\/3908"}],"wp:attachment":[{"href":"https:\/\/fphy.usthb.dz\/index.php\/wp-json\/wp\/v2\/media?parent=1862"}],"curies":[{"name":"wp","href":"https:\/\/api.w.org\/{rel}","templated":true}]}}