{"id":2,"date":"2022-02-13T09:28:27","date_gmt":"2022-02-13T09:28:27","guid":{"rendered":"http:\/\/193.194.89.205\/?page_id=2"},"modified":"2025-11-10T13:38:44","modified_gmt":"2025-11-10T13:38:44","slug":"sample-page","status":"publish","type":"page","link":"https:\/\/fphy.usthb.dz\/index.php\/sample-page\/","title":{"rendered":"Appel \u00e0 candidature pour les coll\u00e8gues Professeur souhaitant candidater pour \u00eatre membre la CUN."},"content":{"rendered":"\n<blockquote class=\"wp-block-quote is-layout-flow wp-block-quote-is-layout-flow\"><\/blockquote>\n\n\n\n<h2 class=\"wp-block-heading\">Un appel\u00a0 aux coll\u00e8gues Professeurs souhaitant \u00a0candidater pour \u00eatre membre la CUN<\/h2>\n\n\n\n<h2 class=\"wp-block-heading\">&#8211; L&#8217;appel\u00a0(<a href=\"http:\/\/fphy.usthb.dz\/wp-content\/uploads\/2025\/11\/\u0625\u0639\u0644\u0627\u0646-\u0639\u0646-\u0641\u062a\u062d-\u0627\u0644\u062a\u0631\u0634\u062d.pdf\">\u0625\u0639\u0644\u0627\u0646 \u0639\u0646 \u0641\u062a\u062d \u0627\u0644\u062a\u0631\u0634\u062d<\/a>)<\/h2>\n\n\n\n<h2 class=\"wp-block-heading\">&#8211; L&#8217;\u00e9ch\u00e9ancier (<a href=\"http:\/\/fphy.usthb.dz\/wp-content\/uploads\/2025\/11\/\u0631\u0632\u0646\u0627\u0645\u0629-\u0632\u0645\u0646\u0628\u0629-\u0644\u0633\u064a\u0631-\u0639\u0645\u0644\u064a\u0629-\u0627\u0644\u062a\u0631\u0634\u062d.pdf\">\u0631\u0632\u0646\u0627\u0645\u0629 \u0632\u0645\u0646\u0628\u0629 \u0644\u0633\u064a\u0631 \u0639\u0645\u0644\u064a\u0629 \u0627\u0644\u062a\u0631\u0634\u062d<\/a>)<\/h2>\n\n\n\n<h2 class=\"wp-block-heading\">-Le nouveau arr\u00eat\u00e9 (<a href=\"http:\/\/fphy.usthb.dz\/wp-content\/uploads\/2025\/11\/1300.pdf\">Fichier 1<\/a> &amp; <a href=\"http:\/\/fphy.usthb.dz\/wp-content\/uploads\/2025\/11\/1097.pdf\">Fichier 2<\/a>  )<\/h2>\n","protected":false},"excerpt":{"rendered":"<p>Un appel\u00a0 aux coll\u00e8gues Professeurs souhaitant \u00a0candidater pour \u00eatre membre la CUN &#8211; L&#8217;appel\u00a0(\u0625\u0639\u0644\u0627\u0646 \u0639\u0646 \u0641\u062a\u062d \u0627\u0644\u062a\u0631\u0634\u062d) &#8211; L&#8217;\u00e9ch\u00e9ancier (\u0631\u0632\u0646\u0627\u0645\u0629 <span class=\"readmore\"><a href=\"https:\/\/fphy.usthb.dz\/index.php\/sample-page\/\">Suite<\/a><\/span><\/p>\n","protected":false},"author":1,"featured_media":1820,"parent":0,"menu_order":0,"comment_status":"closed","ping_status":"open","template":"","meta":{"footnotes":""},"class_list":["post-2","page","type-page","status-publish","has-post-thumbnail","hentry"],"_links":{"self":[{"href":"https:\/\/fphy.usthb.dz\/index.php\/wp-json\/wp\/v2\/pages\/2","targetHints":{"allow":["GET"]}}],"collection":[{"href":"https:\/\/fphy.usthb.dz\/index.php\/wp-json\/wp\/v2\/pages"}],"about":[{"href":"https:\/\/fphy.usthb.dz\/index.php\/wp-json\/wp\/v2\/types\/page"}],"author":[{"embeddable":true,"href":"https:\/\/fphy.usthb.dz\/index.php\/wp-json\/wp\/v2\/users\/1"}],"replies":[{"embeddable":true,"href":"https:\/\/fphy.usthb.dz\/index.php\/wp-json\/wp\/v2\/comments?post=2"}],"version-history":[{"count":35,"href":"https:\/\/fphy.usthb.dz\/index.php\/wp-json\/wp\/v2\/pages\/2\/revisions"}],"predecessor-version":[{"id":3777,"href":"https:\/\/fphy.usthb.dz\/index.php\/wp-json\/wp\/v2\/pages\/2\/revisions\/3777"}],"wp:featuredmedia":[{"embeddable":true,"href":"https:\/\/fphy.usthb.dz\/index.php\/wp-json\/wp\/v2\/media\/1820"}],"wp:attachment":[{"href":"https:\/\/fphy.usthb.dz\/index.php\/wp-json\/wp\/v2\/media?parent=2"}],"curies":[{"name":"wp","href":"https:\/\/api.w.org\/{rel}","templated":true}]}}