{"id":2079,"date":"2024-02-21T10:31:08","date_gmt":"2024-02-21T10:31:08","guid":{"rendered":"https:\/\/fphy.usthb.dz\/?page_id=2079"},"modified":"2026-01-29T12:32:04","modified_gmt":"2026-01-29T12:32:04","slug":"jsp25","status":"publish","type":"page","link":"https:\/\/fphy.usthb.dz\/index.php\/jsp25\/","title":{"rendered":"CONCOURS D\u2019ACCES A LA FORMATION DOCTORALE DE TROISIEME CYCLE 2025-2026"},"content":{"rendered":"\n<h2 class=\"wp-block-heading\"><strong>DATE du CONCOURS FILIERE PHYSIQUE \u2013 USTHB &#8211; \u00a0<\/strong>Suite aux intemp\u00e9ries, le concours de la fili\u00e8re Physique pr\u00e9vu le jeudi 29 janvier 2026 est report\u00e9 au samedi 07 f\u00e9vrier 2026 m\u00eame heure et m\u00eame endroit.<\/h2>\n\n\n\n<p>merci par avance<\/p>\n\n\n\n<ul class=\"wp-block-list\">\n<li><strong>L\u2019\u00e9preuve Commune d\u00e9butera \u00e0 13h&nbsp;; l\u2019Epreuve de sp\u00e9cialit\u00e9 d\u00e9butera \u00e0 15h.<\/strong><\/li>\n\n\n\n<li><strong>Les candidats retenus seront inform\u00e9s par mail du lieu (Salles) exact de l\u2019examen une fois que le nombre de candidats sera connu.<\/strong><\/li>\n<\/ul>\n\n\n\n<h2 class=\"wp-block-heading\"><strong>Informations importantes<\/strong><\/h2>\n\n\n\n<blockquote class=\"wp-block-quote is-layout-flow wp-block-quote-is-layout-flow\">\n<h2 class=\"wp-block-heading\"><strong>Les candidats admis doivent s&#8217;inscrire dans les huit (15) jours qui suivent la proclamation officielle des r\u00e9sultats finaux.<\/strong><\/h2>\n<\/blockquote>\n\n\n\n<h2 class=\"wp-block-heading\"><strong><a href=\"http:\/\/fphy.usthb.dz\/wp-content\/uploads\/2025\/12\/Programme_Concours-Doctorat_Physique_2025-2026-AFFICHAGE-SITE-FACULTE-1.pdf\"><u>PROGRAMME DES MATIERES DU CONCOURS   DOCTORAT  LMD FILIERE PHYSIQUE<\/u> &amp; NOMBRE DE POSTES PAR SPECIALITE <\/a><\/strong><\/h2>\n\n\n\n<h2 class=\"wp-block-heading\"><a href=\"http:\/\/fphy.usthb.dz\/wp-content\/uploads\/2026\/01\/consignes-Doctorat-2026.pdf\">CONSIGNES A SUIVRE POUR PASSER LE CONCOURS FILIERE PHYSIQUE \u2013 USTHB<\/a><\/h2>\n\n\n\n<h3 class=\"wp-block-heading\">Pour plus d&#8217;information, veuillez consulter la section suivante : <a href=\"https:\/\/fphy.usthb.dz\/index.php\/offre-de-formation-doctorat\/\">https:\/\/fphy.usthb.dz\/index.php\/offre-de-formation-doctorat\/<\/a><\/h3>\n\n\n\n<p><\/p>\n","protected":false},"excerpt":{"rendered":"<p>DATE du CONCOURS FILIERE PHYSIQUE \u2013 USTHB &#8211; \u00a0Suite aux intemp\u00e9ries, le concours de la fili\u00e8re Physique pr\u00e9vu le jeudi <span class=\"readmore\"><a href=\"https:\/\/fphy.usthb.dz\/index.php\/jsp25\/\">Suite<\/a><\/span><\/p>\n","protected":false},"author":2,"featured_media":1819,"parent":0,"menu_order":0,"comment_status":"closed","ping_status":"closed","template":"","meta":{"footnotes":""},"class_list":["post-2079","page","type-page","status-publish","has-post-thumbnail","hentry"],"_links":{"self":[{"href":"https:\/\/fphy.usthb.dz\/index.php\/wp-json\/wp\/v2\/pages\/2079","targetHints":{"allow":["GET"]}}],"collection":[{"href":"https:\/\/fphy.usthb.dz\/index.php\/wp-json\/wp\/v2\/pages"}],"about":[{"href":"https:\/\/fphy.usthb.dz\/index.php\/wp-json\/wp\/v2\/types\/page"}],"author":[{"embeddable":true,"href":"https:\/\/fphy.usthb.dz\/index.php\/wp-json\/wp\/v2\/users\/2"}],"replies":[{"embeddable":true,"href":"https:\/\/fphy.usthb.dz\/index.php\/wp-json\/wp\/v2\/comments?post=2079"}],"version-history":[{"count":25,"href":"https:\/\/fphy.usthb.dz\/index.php\/wp-json\/wp\/v2\/pages\/2079\/revisions"}],"predecessor-version":[{"id":3985,"href":"https:\/\/fphy.usthb.dz\/index.php\/wp-json\/wp\/v2\/pages\/2079\/revisions\/3985"}],"wp:featuredmedia":[{"embeddable":true,"href":"https:\/\/fphy.usthb.dz\/index.php\/wp-json\/wp\/v2\/media\/1819"}],"wp:attachment":[{"href":"https:\/\/fphy.usthb.dz\/index.php\/wp-json\/wp\/v2\/media?parent=2079"}],"curies":[{"name":"wp","href":"https:\/\/api.w.org\/{rel}","templated":true}]}}