{"id":248,"date":"2022-05-16T03:23:16","date_gmt":"2022-05-16T03:23:16","guid":{"rendered":"http:\/\/193.194.89.205\/?page_id=248"},"modified":"2023-01-19T13:00:40","modified_gmt":"2023-01-19T13:00:40","slug":"rentree-universitaire","status":"publish","type":"page","link":"https:\/\/fphy.usthb.dz\/index.php\/rentree-universitaire\/","title":{"rendered":"Rentr\u00e9e Universitaire"},"content":{"rendered":"\n<p><strong><a href=\"http:\/\/fphy.usthb.dz\/wp-content\/uploads\/2022\/09\/2022-09-06-communique-calendrier-22-23-2.pdf\">Calendrier universitaire 2022\/2023<\/a><\/strong><\/p>\n\n\n\n<p><strong><a href=\"http:\/\/fphy.usthb.dz\/wp-content\/uploads\/2023\/01\/Liste-des-conge-academique-pour-lannee-22_23.pdf\">Liste des cong\u00e9 acad\u00e9mique pour l&#8217;ann\u00e9e 22_23<\/a><\/strong><\/p>\n","protected":false},"excerpt":{"rendered":"<p>Calendrier universitaire 2022\/2023 Liste des cong\u00e9 acad\u00e9mique pour l&#8217;ann\u00e9e 22_23<\/p>\n","protected":false},"author":2,"featured_media":0,"parent":0,"menu_order":0,"comment_status":"closed","ping_status":"closed","template":"","meta":{"footnotes":""},"class_list":["post-248","page","type-page","status-publish","hentry"],"_links":{"self":[{"href":"https:\/\/fphy.usthb.dz\/index.php\/wp-json\/wp\/v2\/pages\/248","targetHints":{"allow":["GET"]}}],"collection":[{"href":"https:\/\/fphy.usthb.dz\/index.php\/wp-json\/wp\/v2\/pages"}],"about":[{"href":"https:\/\/fphy.usthb.dz\/index.php\/wp-json\/wp\/v2\/types\/page"}],"author":[{"embeddable":true,"href":"https:\/\/fphy.usthb.dz\/index.php\/wp-json\/wp\/v2\/users\/2"}],"replies":[{"embeddable":true,"href":"https:\/\/fphy.usthb.dz\/index.php\/wp-json\/wp\/v2\/comments?post=248"}],"version-history":[{"count":3,"href":"https:\/\/fphy.usthb.dz\/index.php\/wp-json\/wp\/v2\/pages\/248\/revisions"}],"predecessor-version":[{"id":1173,"href":"https:\/\/fphy.usthb.dz\/index.php\/wp-json\/wp\/v2\/pages\/248\/revisions\/1173"}],"wp:attachment":[{"href":"https:\/\/fphy.usthb.dz\/index.php\/wp-json\/wp\/v2\/media?parent=248"}],"curies":[{"name":"wp","href":"https:\/\/api.w.org\/{rel}","templated":true}]}}