{"id":26,"date":"2022-02-17T09:38:53","date_gmt":"2022-02-17T09:38:53","guid":{"rendered":"http:\/\/193.194.89.205\/?page_id=26"},"modified":"2025-10-01T13:53:15","modified_gmt":"2025-10-01T13:53:15","slug":"notes-aux-etudiants","status":"publish","type":"page","link":"https:\/\/fphy.usthb.dz\/index.php\/notes-aux-etudiants\/","title":{"rendered":"Notes aux \u00e9tudiants"},"content":{"rendered":"\n<h1 class=\"wp-block-heading\">Demande de documents administratifs &#8211; Etudiants de la Facult\u00e9 de Physique (2025-2026)<\/h1>\n\n\n\n<ul class=\"wp-block-list\">\n<li><strong>Demande de Documents administratifs \u2013 Etudiants 25\/26<\/strong> :&nbsp;<a href=\"https:\/\/forms.gle\/ygV4FTA6hJuWJZX56\" target=\"_blank\" rel=\"noreferrer noopener\">https:\/\/forms.gle\/ygV4FTA6hJuWJZX56<\/a><\/li>\n\n\n\n<li><strong>Demande &#8211; Convention \u2013 Rapport de stage 25\/26<\/strong> :&nbsp;<a href=\"https:\/\/forms.gle\/4eUKkWFK7a81PAzC8\" target=\"_blank\" rel=\"noreferrer noopener\">https:\/\/forms.gle\/4eUKkWFK7a81PAzC8<\/a><\/li>\n\n\n\n<li><strong>Demande de cong\u00e9 acad\u00e9mique 25\/26<\/strong> :&nbsp;&nbsp;<a href=\"https:\/\/forms.gle\/XsagrmJE9aF852Dx7\" target=\"_blank\" rel=\"noreferrer noopener\">https:\/\/forms.gle\/XsagrmJE9aF852Dx7<\/a><\/li>\n\n\n\n<li><strong>Demande de changement de fili\u00e8re Physique &#8211; Chimie \u2013 G\u00e9ophysique 25\/26<\/strong> :&nbsp;<a href=\"https:\/\/forms.gle\/39K9C5rj7S9EQAk56\" target=\"_blank\" rel=\"noreferrer noopener\">https:\/\/forms.gle\/39K9C5rj7S9EQAk56<\/a><\/li>\n\n\n\n<li><strong>Demande de r\u00e9int\u00e9gration (apr\u00e8s abandon) 25\/26 <\/strong>:&nbsp;<a href=\"https:\/\/forms.gle\/5dbe2EP4GhfAUarDA\" target=\"_blank\" rel=\"noreferrer noopener\">https:\/\/forms.gle\/5dbe2EP4GhfAUarDA<\/a><\/li>\n\n\n\n<li><strong>Demande de r\u00e9int\u00e9gration (apr\u00e8s exclusion) 25\/26 :<\/strong>&nbsp;<a href=\"https:\/\/forms.gle\/yur8LX6q5rPKPdtt9\" target=\"_blank\" rel=\"noreferrer noopener\">https:\/\/forms.gle\/yur8LX6q5rPKPdtt9<\/a><\/li>\n\n\n\n<li><strong>Demande de R\u00e9int\u00e9gration (apr\u00e8s cong\u00e9 acad\u00e9mique) 25\/26<\/strong> :&nbsp;<a href=\"https:\/\/forms.gle\/Fk3EpKFzaQjmP9TW6\" target=\"_blank\" rel=\"noreferrer noopener\">https:\/\/forms.gle\/Fk3EpKFzaQjmP9TW6<\/a>&nbsp;<\/li>\n\n\n\n<li><strong>Demande de T\u00e9l\u00e9d\u00e9claration CNAS (Facult\u00e9 de Physique) 25\/26 <\/strong>:&nbsp;<a href=\"https:\/\/forms.gle\/y8poEUEsbiEEjjk1A\" target=\"_blank\" rel=\"noreferrer noopener\">https:\/\/forms.gle\/y8poEUEsbiEEjjk1A<\/a><\/li>\n\n\n\n<li><strong>Fiche de v\u0153ux d&#8217;orientation en L3 de Physique 25\/26 <\/strong>:&nbsp;<a href=\"https:\/\/forms.gle\/3csA8Zi81yJa6e7f7\" target=\"_blank\" rel=\"noreferrer noopener\">https:\/\/forms.gle\/3csA8Zi81yJa6e7f7<\/a><\/li>\n\n\n\n<li><strong>Fiche de v\u0153ux d&#8217;orientation en Master 1 de Physique 25\/26 :<\/strong>&nbsp;&nbsp;<a href=\"https:\/\/forms.gle\/WMB8q66DdncZWijn7\" target=\"_blank\" rel=\"noreferrer noopener\">https:\/\/forms.gle\/WMB8q66DdncZWijn7<\/a><\/li>\n\n\n\n<li><strong>Candidature au Master 1 de Physique (Quota des 20%) 25\/26<\/strong> :&nbsp;<a href=\"https:\/\/forms.gle\/QFMbqisFtVBVockM6\" target=\"_blank\" rel=\"noreferrer noopener\">https:\/\/forms.gle\/QFMbqisFtVBVockM6<\/a><\/li>\n\n\n\n<li><strong>Demande de transfert externe&nbsp;(Facult\u00e9 de Physique) 25\/26&nbsp;<\/strong>:&nbsp;<a href=\"https:\/\/forms.gle\/frhz4jX8zk7Bz2YZA\" target=\"_blank\" rel=\"noreferrer noopener\">https:\/\/forms.gle\/frhz4jX8zk7Bz2YZA<\/a><\/li>\n\n\n\n<li><strong>Pour toute demande concernant Progress 25\/26 :&nbsp;progress_sco_facphys@usthb.edu.dz<\/strong><\/li>\n\n\n\n<li><strong>Pour toute demande concernant l&#8217;ENT :&nbsp;CRI USTHB (cyberespace)<\/strong><\/li>\n<\/ul>\n\n\n\n<h1 class=\"wp-block-heading\">Listes des \u00e9tudiants de la licence Physique- L2_ (2025-2026)<\/h1>\n\n\n\n<ul class=\"wp-block-list\">\n<li><strong><a href=\"http:\/\/fphy.usthb.dz\/wp-content\/uploads\/2025\/10\/L2-Sections-A-.pdf\">Liste des \u00e9tudiants inscrits en 2\u00e8me ann\u00e9e physique section A (2025-2026)<\/a><\/strong><\/li>\n\n\n\n<li><strong><a href=\"http:\/\/fphy.usthb.dz\/wp-content\/uploads\/2025\/10\/L2-Sections-B-.pdf\">Liste des \u00e9tudiants inscrits en 2\u00e8me ann\u00e9e physique section B (2025-2026)<\/a><\/strong><\/li>\n\n\n\n<li><strong><a href=\"http:\/\/fphy.usthb.dz\/wp-content\/uploads\/2025\/10\/L2-Sections-C.pdf\">Liste des \u00e9tudiants inscrits en 2\u00e8me ann\u00e9e physique section C (2025-2026)<\/a><\/strong><\/li>\n<\/ul>\n\n\n\n<p><\/p>\n","protected":false},"excerpt":{"rendered":"<p>Demande de documents administratifs &#8211; Etudiants de la Facult\u00e9 de Physique (2025-2026) Listes des \u00e9tudiants de la licence Physique- L2_ <span class=\"readmore\"><a href=\"https:\/\/fphy.usthb.dz\/index.php\/notes-aux-etudiants\/\">Suite<\/a><\/span><\/p>\n","protected":false},"author":1,"featured_media":211,"parent":0,"menu_order":0,"comment_status":"closed","ping_status":"closed","template":"","meta":{"footnotes":""},"class_list":["post-26","page","type-page","status-publish","has-post-thumbnail","hentry"],"_links":{"self":[{"href":"https:\/\/fphy.usthb.dz\/index.php\/wp-json\/wp\/v2\/pages\/26","targetHints":{"allow":["GET"]}}],"collection":[{"href":"https:\/\/fphy.usthb.dz\/index.php\/wp-json\/wp\/v2\/pages"}],"about":[{"href":"https:\/\/fphy.usthb.dz\/index.php\/wp-json\/wp\/v2\/types\/page"}],"author":[{"embeddable":true,"href":"https:\/\/fphy.usthb.dz\/index.php\/wp-json\/wp\/v2\/users\/1"}],"replies":[{"embeddable":true,"href":"https:\/\/fphy.usthb.dz\/index.php\/wp-json\/wp\/v2\/comments?post=26"}],"version-history":[{"count":18,"href":"https:\/\/fphy.usthb.dz\/index.php\/wp-json\/wp\/v2\/pages\/26\/revisions"}],"predecessor-version":[{"id":3706,"href":"https:\/\/fphy.usthb.dz\/index.php\/wp-json\/wp\/v2\/pages\/26\/revisions\/3706"}],"wp:featuredmedia":[{"embeddable":true,"href":"https:\/\/fphy.usthb.dz\/index.php\/wp-json\/wp\/v2\/media\/211"}],"wp:attachment":[{"href":"https:\/\/fphy.usthb.dz\/index.php\/wp-json\/wp\/v2\/media?parent=26"}],"curies":[{"name":"wp","href":"https:\/\/api.w.org\/{rel}","templated":true}]}}