{"id":269,"date":"2022-05-16T03:30:35","date_gmt":"2022-05-16T03:30:35","guid":{"rendered":"http:\/\/193.194.89.205\/?page_id=269"},"modified":"2026-04-20T18:17:57","modified_gmt":"2026-04-20T18:17:57","slug":"offre-de-formation","status":"publish","type":"page","link":"https:\/\/fphy.usthb.dz\/index.php\/offre-de-formation\/","title":{"rendered":"Offre de Formation"},"content":{"rendered":"\n<p><a href=\"https:\/\/fphy.usthb.dz\/index.php\/offre-de-formation-licence\/\">Licence<\/a><\/p>\n\n\n\n<p><a href=\"https:\/\/fphy.usthb.dz\/index.php\/offre-de-formation-master\/\">Master<\/a><\/p>\n\n\n\n<p><a href=\"https:\/\/fphy.usthb.dz\/index.php\/offre-de-formation-doctorat\/\">Doctorat<\/a><\/p>\n\n\n\n<ul class=\"wp-block-list\">\n<li><strong>Pr\u00e9sentation de la Facult\u00e9 de Physique (Portes ouvertes sur la Facult\u00e9 de Physique)<\/strong>&nbsp;:&nbsp;<a href=\"https:\/\/drive.google.com\/file\/d\/1ZsFUjRtHkgzrn6FL9K4AH6krdVnBxmmW\/view?usp=sharing\" target=\"_blank\" rel=\"noreferrer noopener\">https:\/\/drive.google.com\/file\/d\/1ZsFUjRtHkgzrn6FL9K4AH6krdVnBxmmW\/view?usp=sharing<\/a><\/li>\n\n\n\n<li>C\u00e9r\u00e9monie organis\u00e9e par la fondation &#8220;<strong>Wissam<\/strong><strong>&nbsp;El-Alim El-<\/strong><strong>Djaza\u00efri<\/strong>&#8221; en l&#8217;honneur de&nbsp;<strong>scientifiques alg\u00e9riens<\/strong>&nbsp;(<strong>anciens dipl\u00f4m\u00e9s de la Facult\u00e9 de Physique de l&#8217;USTHB<\/strong>).<\/li>\n\n\n\n<li><strong>Prof. Mohamed BOURENANE<\/strong>&nbsp;:&nbsp;<a href=\"https:\/\/drive.google.com\/file\/d\/1PG1UVoWIrmeJSL7M9IlEtGhGq2Vx-CgL\/view?usp=sharing\" target=\"_blank\" rel=\"noreferrer noopener\">https:\/\/drive.google.com\/file\/d\/1PG1UVoWIrmeJSL7M9IlEtGhGq2Vx-CgL\/view?usp=sharing<\/a><\/li>\n\n\n\n<li><strong>Prof. Maha ACHOUR-SAADI<\/strong>&nbsp;:&nbsp;<a href=\"https:\/\/drive.google.com\/file\/d\/1rOSMdy_Qez7ih3qDzfQjPc3Fh5wtTxlJ\/view?usp=sharing\" target=\"_blank\" rel=\"noreferrer noopener\">https:\/\/drive.google.com\/file\/d\/1rOSMdy_Qez7ih3qDzfQjPc3Fh5wtTxlJ\/view?usp=sharing<\/a><\/li>\n\n\n\n<li>Emission<strong>&nbsp;Ecologia<\/strong>&nbsp;de la&nbsp;<strong>Radio de l&#8217;UFC<\/strong>&nbsp;sur la&nbsp;<strong>Contribution de la Physique dans la protection de l&#8217;environnement<\/strong>&nbsp;:&nbsp;<a href=\"https:\/\/drive.google.com\/file\/d\/1QoCBjHBD4r0JxvVbVyAD2T1-EE4TLtz5\/view?usp=sharing\" target=\"_blank\" rel=\"noreferrer noopener\">https:\/\/drive.google.com\/file\/d\/1QoCBjHBD4r0JxvVbVyAD2T1-EE4TLtz5\/view?usp=sharing<\/a><\/li>\n<\/ul>\n\n\n\n<p><a href=\"http:\/\/fphy.usthb.dz\/wp-content\/uploads\/2026\/04\/PresentationFaculteOffresFormationPhysique-Boutkedjirt-v1extrait.pdf\"><strong>Les offres de formation de la Facult\u00e9 de Physique<\/strong> : Cursus Acad\u00e9mique ou professionnalisant ?<strong><em> <\/em><\/strong><\/a><strong><em>(Version Fran\u00e7ais)<\/em><\/strong><\/p>\n\n\n\n<p><a href=\"http:\/\/fphy.usthb.dz\/wp-content\/uploads\/2026\/04\/PresentationFacultyTrainingProgramsPhysics-Boutkedjirt-v1Extract.pdf\"><strong>Les offres de formation de la Facult\u00e9 de Physique<\/strong> : Cursus Acad\u00e9mique ou professionnalisant ?<strong><em> <\/em><\/strong><\/a><strong><em>(Version Anglais)<\/em><\/strong><\/p>\n\n\n\n<ul class=\"wp-block-list\">\n<li><a href=\"https:\/\/www.youtube.com\/watch?v=CknpIyDleO8\">Vid\u00e9o : les offres de formation de la facult\u00e9 de Physique: Cursus acad\u00e9mique ou professionnalisant ?<\/a><\/li>\n<\/ul>\n\n\n\n<p><strong>Quelques vid\u00e9os des pr\u00e9sentations des offres de formation<\/strong> :<\/p>\n\n\n\n<ul class=\"wp-block-list\">\n<li><a href=\"https:\/\/youtu.be\/3JKJozQHXUg\">Master S\u00e9curit\u00e9&nbsp;nucl\u00e9aire (P)<\/a><\/li>\n\n\n\n<li><a href=\"https:\/\/youtu.be\/6k6NSouUIPU\">Master Physique th\u00e9orique (A)<\/a><\/li>\n\n\n\n<li><a href=\"https:\/\/youtu.be\/wS-hcR0Yh9Q\">Master Physique m\u00e9dicale (P)<\/a><\/li>\n\n\n\n<li><a href=\"https:\/\/youtu.be\/3RL7UEu-x8I\">Master Mat\u00e9riaux pour les \u00e9nergies renouvelables (P)<\/a><\/li>\n\n\n\n<li><a href=\"https:\/\/drive.google.com\/file\/d\/1OeF9yuL8UiV6eZpFOHIvXtV--1Oz_wY0\/view?usp=drive_link\">Master Dynamique des fluides et \u00e9nerg\u00e9tique (A)<\/a><\/li>\n\n\n\n<li><a href=\"https:\/\/youtu.be\/s7dcD3mfUJE\">Master EnR &amp; Efficacit\u00e9 \u00e9nerg\u00e9tique (P)<\/a>&nbsp;<\/li>\n\n\n\n<li><a href=\"https:\/\/youtu.be\/GSRcxjb7u-Q\">Master Dynamique des fluides et \u00e9nerg\u00e9tique (A)<\/a><\/li>\n\n\n\n<li><a href=\"https:\/\/youtu.be\/arVtwp4mLvI\">Master Contr\u00f4le Non Destructif d\u00e9s Mat\u00e9riaux(P)<\/a><\/li>\n<\/ul>\n\n\n\n<p><strong>T\u00e9moignage des \u00e9tudiants des diff\u00e9rentes sp\u00e9cialit\u00e9s<\/strong> :<\/p>\n\n\n\n<ul class=\"wp-block-list\">\n<li><a href=\"https:\/\/youtu.be\/FuHXTjp8vsI\">Master Mat\u00e9riaux pour les \u00e9nergies renouvelables (P)<\/a><\/li>\n\n\n\n<li><a href=\"https:\/\/youtu.be\/it7YnA0lFi0\">Master Energies Renouvelables et Efficacit\u00e9 \u00c9nerg\u00e9tique (P)<\/a><\/li>\n\n\n\n<li>Master Energies Renouvelables et Efficacit\u00e9 \u00c9nerg\u00e9tique (P) (New)<\/li>\n<\/ul>\n","protected":false},"excerpt":{"rendered":"<p>Licence Master Doctorat Les offres de formation de la Facult\u00e9 de Physique : Cursus Acad\u00e9mique ou professionnalisant ? (Version Fran\u00e7ais) <span class=\"readmore\"><a href=\"https:\/\/fphy.usthb.dz\/index.php\/offre-de-formation\/\">Suite<\/a><\/span><\/p>\n","protected":false},"author":2,"featured_media":0,"parent":0,"menu_order":0,"comment_status":"closed","ping_status":"closed","template":"","meta":{"footnotes":""},"class_list":["post-269","page","type-page","status-publish","hentry"],"_links":{"self":[{"href":"https:\/\/fphy.usthb.dz\/index.php\/wp-json\/wp\/v2\/pages\/269","targetHints":{"allow":["GET"]}}],"collection":[{"href":"https:\/\/fphy.usthb.dz\/index.php\/wp-json\/wp\/v2\/pages"}],"about":[{"href":"https:\/\/fphy.usthb.dz\/index.php\/wp-json\/wp\/v2\/types\/page"}],"author":[{"embeddable":true,"href":"https:\/\/fphy.usthb.dz\/index.php\/wp-json\/wp\/v2\/users\/2"}],"replies":[{"embeddable":true,"href":"https:\/\/fphy.usthb.dz\/index.php\/wp-json\/wp\/v2\/comments?post=269"}],"version-history":[{"count":23,"href":"https:\/\/fphy.usthb.dz\/index.php\/wp-json\/wp\/v2\/pages\/269\/revisions"}],"predecessor-version":[{"id":4261,"href":"https:\/\/fphy.usthb.dz\/index.php\/wp-json\/wp\/v2\/pages\/269\/revisions\/4261"}],"wp:attachment":[{"href":"https:\/\/fphy.usthb.dz\/index.php\/wp-json\/wp\/v2\/media?parent=269"}],"curies":[{"name":"wp","href":"https:\/\/api.w.org\/{rel}","templated":true}]}}