{"id":276,"date":"2022-05-16T03:42:49","date_gmt":"2022-05-16T03:42:49","guid":{"rendered":"http:\/\/193.194.89.205\/?page_id=276"},"modified":"2022-05-30T04:22:19","modified_gmt":"2022-05-30T04:22:19","slug":"laboratoires-de-recherche","status":"publish","type":"page","link":"https:\/\/fphy.usthb.dz\/index.php\/laboratoires-de-recherche\/","title":{"rendered":"Laboratoires de Recherche"},"content":{"rendered":"\n<div class=\"wp-block-group\"><div class=\"wp-block-group__inner-container is-layout-flow wp-block-group-is-layout-flow\">\n<p><strong>Les laboratoires de recherche<\/strong> <\/p>\n\n\n\n<ul class=\"wp-block-list\"><li><a href=\"http:\/\/www.lmfta.usthb.dz\/\">M\u00e9canique des fluides th\u00e9orique et Appliqu\u00e9e <\/a><\/li><li><a href=\"http:\/\/www.lpt.usthb.dz\/\">Physique Th\u00e9orique<\/a><\/li><li><a href=\"http:\/\/www.lsnirm.usthb.dz\/\">Sciences Nucl\u00e9aires et Interaction Rayonnement Mati\u00e8re<\/a><\/li><li><a href=\"http:\/\/www.leq.usthb.dz\/\">Electronique Quantique<\/a><\/li><li><a href=\"http:\/\/www.lpm.usthb.dz\/\">Physique des Mat\u00e9riaux<\/a><\/li><li><a href=\"http:\/\/www.ltse.usthb.dz\/\">Thermodynamique et Syst\u00e8mes Energ\u00e9tiques<\/a><\/li><\/ul>\n<\/div><\/div>\n","protected":false},"excerpt":{"rendered":"<p>Les laboratoires de recherche M\u00e9canique des fluides th\u00e9orique et Appliqu\u00e9e Physique Th\u00e9orique Sciences Nucl\u00e9aires et Interaction Rayonnement Mati\u00e8re Electronique Quantique <span class=\"readmore\"><a href=\"https:\/\/fphy.usthb.dz\/index.php\/laboratoires-de-recherche\/\">Suite<\/a><\/span><\/p>\n","protected":false},"author":2,"featured_media":0,"parent":0,"menu_order":0,"comment_status":"closed","ping_status":"closed","template":"","meta":{"footnotes":""},"class_list":["post-276","page","type-page","status-publish","hentry"],"_links":{"self":[{"href":"https:\/\/fphy.usthb.dz\/index.php\/wp-json\/wp\/v2\/pages\/276","targetHints":{"allow":["GET"]}}],"collection":[{"href":"https:\/\/fphy.usthb.dz\/index.php\/wp-json\/wp\/v2\/pages"}],"about":[{"href":"https:\/\/fphy.usthb.dz\/index.php\/wp-json\/wp\/v2\/types\/page"}],"author":[{"embeddable":true,"href":"https:\/\/fphy.usthb.dz\/index.php\/wp-json\/wp\/v2\/users\/2"}],"replies":[{"embeddable":true,"href":"https:\/\/fphy.usthb.dz\/index.php\/wp-json\/wp\/v2\/comments?post=276"}],"version-history":[{"count":2,"href":"https:\/\/fphy.usthb.dz\/index.php\/wp-json\/wp\/v2\/pages\/276\/revisions"}],"predecessor-version":[{"id":415,"href":"https:\/\/fphy.usthb.dz\/index.php\/wp-json\/wp\/v2\/pages\/276\/revisions\/415"}],"wp:attachment":[{"href":"https:\/\/fphy.usthb.dz\/index.php\/wp-json\/wp\/v2\/media?parent=276"}],"curies":[{"name":"wp","href":"https:\/\/api.w.org\/{rel}","templated":true}]}}