{"id":280,"date":"2022-05-16T03:42:49","date_gmt":"2022-05-16T03:42:49","guid":{"rendered":"http:\/\/193.194.89.205\/?page_id=280"},"modified":"2025-09-18T17:04:15","modified_gmt":"2025-09-18T17:04:15","slug":"post-graduation","status":"publish","type":"page","link":"https:\/\/fphy.usthb.dz\/index.php\/post-graduation\/","title":{"rendered":"Post Graduation"},"content":{"rendered":"\n<h3 class=\"wp-block-heading\" id=\"inscription-et-reinscription\">I<strong>nscription et R\u00e9inscription<\/strong><\/h3>\n\n\n\n<p>Les inscriptions et les r\u00e9inscriptions en post- graduation ( Doctorat et Doctorat 3\u00e8me Cycle) seront prises directement aupr\u00e8s des d\u00e9partements de la Facult\u00e9.Les imprim\u00e9s n\u00e9cessaires \u00e0 la constitution du dossier d\u2019inscription ou de r\u00e9inscription sont \u00e0 t\u00e9l\u00e9charger du site.<\/p>\n\n\n\n<h3 class=\"wp-block-heading\" id=\"le-dossier-de-premiere-inscription\"><strong>LE DOSSIER DE PREMIERE INSCRIPTION&nbsp;:<\/strong><\/h3>\n\n\n\n<ul class=\"wp-block-list\">\n<li>Une demande d\u2019inscription (imprim\u00e9 fourni).<\/li>\n\n\n\n<li>Une autorisation d\u2019inscription en post-graduation (imprim\u00e9 fourni).<\/li>\n\n\n\n<li>Une demande d\u2019inscription pour les candidats n\u2019exer\u00e7ant pas \u00e0 l\u2019USTHB (imprim\u00e9 fourni).<\/li>\n\n\n\n<li>Fiche d\u2019identification du sujet (imprim\u00e9 fourni).<\/li>\n\n\n\n<li>Un extrait du P.V. du Conseil Scientifique ayant statu\u00e9 la premi\u00e8re inscription du candidat.<\/li>\n\n\n\n<li>Un extrait du P.V. du Conseil du Laboratoire de Recherche (Pour premi\u00e8re inscription).<\/li>\n\n\n\n<li>Une attestation d\u2019\u00e9quivalences pour les dipl\u00f4mes obtenus \u00e0 l\u2019\u00e9tranger.<\/li>\n\n\n\n<li>Les photocopies certifi\u00e9es des dipl\u00f4mes (y compris le Baccalaur\u00e9at).<\/li>\n\n\n\n<li>Une d\u00e9claration sur l\u2019honneur pour les \u00e9tudiants n\u2019exer\u00e7ant aucune activit\u00e9 r\u00e9mun\u00e9r\u00e9e (imprim\u00e9 fourni).<\/li>\n\n\n\n<li>Un extrait de naissance.<\/li>\n\n\n\n<li>Un certificat de nationalit\u00e9 pour les \u00e9tudiants n\u00e9s \u00e0 l\u2019\u00e9tranger.<\/li>\n\n\n\n<li>Deux photographies d\u2019identit\u00e9.<\/li>\n\n\n\n<li>Une attestation de fonction pour l\u2019ann\u00e9e universitaire en cour.<\/li>\n\n\n\n<li>Une enveloppe timbr\u00e9e libell\u00e9e \u00e0 l\u2019adresse du candidat.<\/li>\n\n\n\n<li><a href=\"http:\/\/fphy.usthb.dz\/wp-content\/uploads\/2022\/10\/quittance.pdf\">R\u00e9c\u00e9piss\u00e9 portant paiement des droits d\u2019inscription 200 DA <\/a>(pour les candidats hors USTHB, et pour ceux qui n\u2019exercent pas une fonction r\u00e9mun\u00e9r\u00e9e) .<\/li>\n\n\n\n<li>Badge du Magister (Pour premi\u00e8re inscription en Doctorat).<\/li>\n<\/ul>\n\n\n\n<h3 class=\"wp-block-heading\" id=\"le-dossier-de-reinscription\"><strong>LE DOSSIER DE REINSCRIPTION&nbsp;:<\/strong><\/h3>\n\n\n\n<ul class=\"wp-block-list\">\n<li>Une demande d\u2019inscription (imprim\u00e9 fourni).<\/li>\n\n\n\n<li>Une autorisation d\u2019inscription en post-graduation (imprim\u00e9 fourni).<\/li>\n\n\n\n<li>Une demande d\u2019inscription pour les candidats n\u2019exer\u00e7ant pas \u00e0 l\u2019USTHB (imprim\u00e9 fourni).<\/li>\n\n\n\n<li>Etat d\u2019avancement des travaux de recherche du M\u00e9moire de Magister ou Th\u00e8se de Doctorat (imprim\u00e9 fourni).<\/li>\n\n\n\n<li>Un extrait du P.V du conseil Scientifique en cas de changement de sujet ou de Directeur de th\u00e8se.<\/li>\n\n\n\n<li>Une photographie d\u2019identit\u00e9.<\/li>\n\n\n\n<li>Une d\u00e9claration sur l\u2019honneur pour les \u00e9tudiants n\u2019exer\u00e7ant aucune activit\u00e9 r\u00e9mun\u00e9r\u00e9e (imprim\u00e9 fourni).<\/li>\n\n\n\n<li>Une attestation de fonction pour l\u2019ann\u00e9e universitaire en cour.<\/li>\n\n\n\n<li>Une fiche d\u2019\u00e9tat civil en cas de changement d\u2019\u00e9tat civil.<\/li>\n\n\n\n<li><a href=\"http:\/\/fphy.usthb.dz\/wp-content\/uploads\/2022\/10\/quittance.pdf\">R\u00e9c\u00e9piss\u00e9 portant paiement des droits d\u2019inscription 200.00 DA<\/a> (pour les candidats hors USTHB et pour ceux qui n\u2019exer\u00e7ant pas une fonction r\u00e9mun\u00e9r\u00e9e).<\/li>\n\n\n\n<li>Extrait de naissance.<\/li>\n\n\n\n<li>Badge.<\/li>\n<\/ul>\n\n\n\n<h3 class=\"wp-block-heading\" id=\"documents-a-telecharger\"><strong>Documents \u00e0 t\u00e9l\u00e9charger<\/strong><\/h3>\n\n\n\n<p><a href=\"http:\/\/fphy.usthb.dz\/wp-content\/uploads\/2022\/10\/Demande_Inscription_Hors_USTHB-BON.pdf\">Demande d\u2019inscription hors USTHB<\/a><\/p>\n\n\n\n<p><a href=\"http:\/\/fphy.usthb.dz\/wp-content\/uploads\/2022\/09\/demandeinscrdoctorat2020.pdf\">Demande d\u2019inscription Doctorat et Doctorat 3\u00e8me cycle<\/a><\/p>\n\n\n\n<p><a href=\"http:\/\/fphy.usthb.dz\/wp-content\/uploads\/2022\/10\/autorisation-inscription-1.pdf\">Autorisation d\u2019inscription en Post-graduation<\/a><\/p>\n\n\n\n<p><a href=\"http:\/\/10.1.1.105\/fphy\/IMG\/docx\/identificationsujet.docx\">Fiche d\u2019identifica<\/a><a href=\"http:\/\/fphy.usthb.dz\/wp-content\/uploads\/2022\/09\/identificationsujet.docx\">tion du sujet<\/a><\/p>\n\n\n\n<p><a href=\"http:\/\/fphy.usthb.dz\/wp-content\/uploads\/2022\/09\/declaration.pdf\">D\u00e9claration sur l\u2019honneur<\/a><\/p>\n\n\n\n<p><a href=\"http:\/\/fphy.usthb.dz\/wp-content\/uploads\/2022\/09\/avancement2020.pdf\">Etat d\u2019avancement des travaux de recherche du M\u00e9moire de Magister ou Th\u00e8se de Doctorat<\/a><\/p>\n\n\n\n<h3 class=\"wp-block-heading\" id=\"dossier-de-soutenance\">Dossier de soutenance<\/h3>\n\n\n\n<ul class=\"wp-block-list\">\n<li>Rapport de soutenance vis\u00e9 par le directeur de th\u00e8se<\/li>\n\n\n\n<li>CV d\u00e9taill\u00e9 des travaux scientifiques<\/li>\n\n\n\n<li>R\u00e9sum\u00e9 de la th\u00e8se (20 pages au maximum) <a href=\"http:\/\/fphy.usthb.dz\/wp-content\/uploads\/2022\/09\/canevas_resume_de_these.pdf\">(T\u00e9l\u00e9charger le canevas)<\/a>. Ce R\u00e9sum\u00e9 sera remis aux membres du CSF et CSD de rattachement&nbsp;par les responsables administratifs&nbsp;avant la session ordinaire du CSF<\/li>\n\n\n\n<li>Un exemplaire de la th\u00e8se<\/li>\n\n\n\n<li>Copies des communications et publications<\/li>\n\n\n\n<li>Le carnet de Doctorat n\u00e9cessaire aux doctorants LMD dont l\u2019inscription est \u00e0 partir de l\u2019ann\u00e9e 2016\/2017 <a href=\"http:\/\/fphy.usthb.dz\/wp-content\/uploads\/2025\/09\/carnet-doctorant-VF.pdf\">(T\u00e9l\u00e9charger le carnet du doctorant_<strong>Veuillez respecter le format CARNET<\/strong>)<\/a><\/li>\n\n\n\n<li>Le carnet de Doctorat n\u00e9cessaire aux doctorants LMD dont l\u2019inscription est \u00e0 partir de l\u2019ann\u00e9e 2022\/2023 <a href=\"http:\/\/fphy.usthb.dz\/wp-content\/uploads\/2025\/09\/Carnet-du-Doctorant-Ar-actualise-.pdf\">(T\u00e9l\u00e9charger le carnet du doctorant_<strong>Veuillez respecter le format CARNET<\/strong>-Version arabe).<\/a> \/\/\/\/     <a href=\"http:\/\/fphy.usthb.dz\/wp-content\/uploads\/2025\/09\/V3_Doctoral-Candidate-Logbook.pdf\">(T\u00e9l\u00e9charger le carnet du doctorant_<strong>Veuillez respecter le format CARNET<\/strong> _Version anglais).<\/a><\/li>\n<\/ul>\n\n\n\n<p><\/p>\n","protected":false},"excerpt":{"rendered":"<p>Inscription et R\u00e9inscription Les inscriptions et les r\u00e9inscriptions en post- graduation ( Doctorat et Doctorat 3\u00e8me Cycle) seront prises directement <span class=\"readmore\"><a href=\"https:\/\/fphy.usthb.dz\/index.php\/post-graduation\/\">Suite<\/a><\/span><\/p>\n","protected":false},"author":2,"featured_media":0,"parent":0,"menu_order":0,"comment_status":"closed","ping_status":"closed","template":"","meta":{"footnotes":""},"class_list":["post-280","page","type-page","status-publish","hentry"],"_links":{"self":[{"href":"https:\/\/fphy.usthb.dz\/index.php\/wp-json\/wp\/v2\/pages\/280","targetHints":{"allow":["GET"]}}],"collection":[{"href":"https:\/\/fphy.usthb.dz\/index.php\/wp-json\/wp\/v2\/pages"}],"about":[{"href":"https:\/\/fphy.usthb.dz\/index.php\/wp-json\/wp\/v2\/types\/page"}],"author":[{"embeddable":true,"href":"https:\/\/fphy.usthb.dz\/index.php\/wp-json\/wp\/v2\/users\/2"}],"replies":[{"embeddable":true,"href":"https:\/\/fphy.usthb.dz\/index.php\/wp-json\/wp\/v2\/comments?post=280"}],"version-history":[{"count":22,"href":"https:\/\/fphy.usthb.dz\/index.php\/wp-json\/wp\/v2\/pages\/280\/revisions"}],"predecessor-version":[{"id":3634,"href":"https:\/\/fphy.usthb.dz\/index.php\/wp-json\/wp\/v2\/pages\/280\/revisions\/3634"}],"wp:attachment":[{"href":"https:\/\/fphy.usthb.dz\/index.php\/wp-json\/wp\/v2\/media?parent=280"}],"curies":[{"name":"wp","href":"https:\/\/api.w.org\/{rel}","templated":true}]}}