{"id":294,"date":"2022-05-16T03:50:27","date_gmt":"2022-05-16T03:50:27","guid":{"rendered":"http:\/\/193.194.89.205\/?page_id=294"},"modified":"2024-11-04T12:59:04","modified_gmt":"2024-11-04T12:59:04","slug":"creer-une-convention-de-stage","status":"publish","type":"page","link":"https:\/\/fphy.usthb.dz\/index.php\/creer-une-convention-de-stage\/","title":{"rendered":"Documents \u00e0 t\u00e9l\u00e9charg\u00e9s"},"content":{"rendered":"\n<h3 class=\"wp-block-heading\" id=\"les-documents-a-telecharges-sont\">Les documents \u00e0 t\u00e9l\u00e9charg\u00e9s sont :<\/h3>\n\n\n\n<ul class=\"wp-block-list\">\n<li><a href=\"http:\/\/fphy.usthb.dz\/wp-content\/uploads\/2022\/11\/fiche_de_candidature-1.pdf\">Fiche de candidature (Document \u00e0 imprimer en recto-verso ) <\/a><\/li>\n\n\n\n<li><a href=\"http:\/\/fphy.usthb.dz\/wp-content\/uploads\/2022\/11\/participation.pdf\">Demande de participation \u00e0 une rencontre scientifique<\/a>\u00a0<strong>(Document \u00e0 imprimer en recto-verso)<\/strong><\/li>\n\n\n\n<li><a href=\"http:\/\/fphy.usthb.dz\/wp-content\/uploads\/2022\/09\/engagement.pdf\">Lettre d&#8217;engagement<\/a><\/li>\n\n\n\n<li><a href=\"http:\/\/fphy.usthb.dz\/wp-content\/uploads\/2022\/09\/paf-2.pdf\">Ordre de mission de la PAF<\/a> <\/li>\n\n\n\n<li><a href=\"http:\/\/fphy.usthb.dz\/wp-content\/uploads\/2022\/09\/rapport_de_stage_pfd.pdf\">Rapport de stage de cong\u00e9 scientifique <\/a><\/li>\n\n\n\n<li><a href=\"http:\/\/fphy.usthb.dz\/wp-content\/uploads\/2022\/11\/autorisation-1.pdf\">Autorisation d&#8217;absence <\/a><\/li>\n\n\n\n<li><a href=\"http:\/\/fphy.usthb.dz\/wp-content\/uploads\/2022\/11\/titre_de_passage-3.pdf\">Demande de titre de passage <\/a><\/li>\n<\/ul>\n\n\n\n<h3 class=\"wp-block-heading\" id=\"prise-en-charge-des-invites\">Prise en charge des invit\u00e9s <\/h3>\n\n\n\n<ul class=\"wp-block-list\">\n<li><a href=\"http:\/\/fphy.usthb.dz\/wp-content\/uploads\/2022\/09\/titre_de_passage-3.pdf\">Demande de titre de passage<\/a><\/li>\n\n\n\n<li><a href=\"http:\/\/fphy.usthb.dz\/wp-content\/uploads\/2024\/11\/TITRE-DE-PASSAGE-VIERGE.docx\">Demande de titre de passage (fichier world)<\/a><\/li>\n\n\n\n<li><a href=\"http:\/\/fphy.usthb.dz\/wp-content\/uploads\/2024\/11\/DEMANDE-DHEBERGEMENT-VIERGE.docx\">Demande d&#8217;h\u00e9bergement <\/a><\/li>\n<\/ul>\n","protected":false},"excerpt":{"rendered":"<p>Les documents \u00e0 t\u00e9l\u00e9charg\u00e9s sont : Prise en charge des invit\u00e9s<\/p>\n","protected":false},"author":2,"featured_media":0,"parent":0,"menu_order":0,"comment_status":"closed","ping_status":"closed","template":"","meta":{"footnotes":""},"class_list":["post-294","page","type-page","status-publish","hentry"],"_links":{"self":[{"href":"https:\/\/fphy.usthb.dz\/index.php\/wp-json\/wp\/v2\/pages\/294","targetHints":{"allow":["GET"]}}],"collection":[{"href":"https:\/\/fphy.usthb.dz\/index.php\/wp-json\/wp\/v2\/pages"}],"about":[{"href":"https:\/\/fphy.usthb.dz\/index.php\/wp-json\/wp\/v2\/types\/page"}],"author":[{"embeddable":true,"href":"https:\/\/fphy.usthb.dz\/index.php\/wp-json\/wp\/v2\/users\/2"}],"replies":[{"embeddable":true,"href":"https:\/\/fphy.usthb.dz\/index.php\/wp-json\/wp\/v2\/comments?post=294"}],"version-history":[{"count":8,"href":"https:\/\/fphy.usthb.dz\/index.php\/wp-json\/wp\/v2\/pages\/294\/revisions"}],"predecessor-version":[{"id":2745,"href":"https:\/\/fphy.usthb.dz\/index.php\/wp-json\/wp\/v2\/pages\/294\/revisions\/2745"}],"wp:attachment":[{"href":"https:\/\/fphy.usthb.dz\/index.php\/wp-json\/wp\/v2\/media?parent=294"}],"curies":[{"name":"wp","href":"https:\/\/api.w.org\/{rel}","templated":true}]}}