{"id":30,"date":"2022-02-17T09:40:08","date_gmt":"2022-02-17T09:40:08","guid":{"rendered":"http:\/\/193.194.89.205\/?page_id=30"},"modified":"2026-01-19T13:27:44","modified_gmt":"2026-01-19T13:27:44","slug":"examens","status":"publish","type":"page","link":"https:\/\/fphy.usthb.dz\/index.php\/examens\/","title":{"rendered":"Planning des \u00e9preuves finales"},"content":{"rendered":"\n<h1 class=\"wp-block-heading\"><br>Planning des \u00e9preuves finales 2025\/2026<\/h1>\n\n\n\n<h2 class=\"wp-block-heading\" id=\"licence\">EF\/ <strong><em>Licence<\/em><\/strong><\/h2>\n\n\n\n<h3 class=\"wp-block-heading\" id=\"planning-des-examens-du-semestre-2-l2\">Planning des examens de l&#8217;EF Semestre 1 L2<\/h3>\n\n\n\n<ul class=\"wp-block-list\">\n<li><strong><a href=\"http:\/\/fphy.usthb.dz\/wp-content\/uploads\/2026\/01\/Planning-EF-S1-25-26-L2-Phys-A-v1-07.07.2026-1.pdf\">L2 LICENCE DE PHYSIQUE SECTION (A),<\/a><\/strong>_ <strong>Reprogrammation <\/strong>(new)<\/li>\n\n\n\n<li><strong><a href=\"http:\/\/fphy.usthb.dz\/wp-content\/uploads\/2025\/12\/schedule_exams_L2_Physics_1st_semester_2526_v0_1december2025.pdf\"><\/a><strong><a href=\"http:\/\/fphy.usthb.dz\/wp-content\/uploads\/2026\/01\/Planning-EF-S1-25-26-L2-Phys-B-v1-07.07.2026-1.pdf\">L2 LICENCE DE PHYSIQUE SECTION (B)<\/a><\/strong><\/strong>_ <strong>Reprogrammation <\/strong>(new)<\/li>\n\n\n\n<li><a href=\"http:\/\/fphy.usthb.dz\/wp-content\/uploads\/2026\/01\/Planning-EF-S1-25-26-L2-Phys-C-v1-07.07.2026-1.pdf\"><strong>L2 LICENCE DE PHYSIQUE SECTION (C<\/strong>)<\/a>_ <strong>Reprogrammation <\/strong>(new)<\/li>\n<\/ul>\n\n\n\n<h3 class=\"wp-block-heading\" id=\"planning-des-examens-du-semestre-2-l3\">Planning des examens de l&#8217;EF Semestre 2 L3<\/h3>\n\n\n\n<ul class=\"wp-block-list\">\n<li><strong><a href=\"http:\/\/fphy.usthb.dz\/wp-content\/uploads\/2026\/01\/Planning-EF-S1-25-26-L3-Phys-Energ-v1-17.01.2026-1.pdf\">L3 Physique \u00c9nerg\u00e9tique<\/a><\/strong>_ <strong>Reprogrammation <\/strong>(new)<\/li>\n\n\n\n<li><strong><a href=\"http:\/\/fphy.usthb.dz\/wp-content\/uploads\/2026\/01\/Planning-EF-S1-25-26-L3-Phys-Fond-v1-13.01.2026.pdf\">L3 Licence de Physique Fondamentale <\/a><\/strong>_<strong>Reprogrammation <\/strong>(new)<\/li>\n\n\n\n<li><strong><a href=\"http:\/\/fphy.usthb.dz\/wp-content\/uploads\/2026\/01\/Planning-EF-S1-25-26-L3-Phys-Mat-v1c-16.01.2026.pdf\">L3 Licence de Physique des Mat\u00e9riaux<\/a> <\/strong>_<strong>Reprogrammation <\/strong>(new)<\/li>\n<\/ul>\n\n\n\n<h2 class=\"wp-block-heading\" id=\"master\">EF\/ <strong>Master<\/strong><\/h2>\n\n\n\n<h2 class=\"wp-block-heading\" id=\"planning-des-examens-du-semestre-2-m1\"><strong>Planning des examens <strong>du Semestre <\/strong>1 M1<\/strong> 2025\/2026<\/h2>\n\n\n\n<ul class=\"wp-block-list\">\n<li><strong>M1 Master Dynamique des Fluides et \u00c9nerg\u00e9tique<\/strong><\/li>\n\n\n\n<li><strong><a href=\"http:\/\/fphy.usthb.dz\/wp-content\/uploads\/2025\/12\/EF-S1-M1-EREE-2025-2026.pdf\">M1 Master Energies Renouvelables et Efficacit\u00e9 \u00c9nerg\u00e9tique<\/a><\/strong><\/li>\n\n\n\n<li><strong>M1<\/strong> <strong>Master Mat\u00e9riaux et Energies Renouvelables <\/strong><\/li>\n\n\n\n<li><strong>M1 Master Physique des Mat\u00e9riaux <\/strong><\/li>\n\n\n\n<li><strong>M1 Astronomie, Astrophysique et Techniques Spatiales<\/strong><\/li>\n\n\n\n<li><strong>M1<\/strong> <strong>Physique Th\u00e9orique<\/strong><\/li>\n\n\n\n<li><strong>M1 Physique des Rayonnements<\/strong><\/li>\n\n\n\n<li><strong>M1 Physique medicale<\/strong><\/li>\n\n\n\n<li><strong>M1 S\u00e9curit\u00e9 Nucl\u00e9aire <\/strong><\/li>\n\n\n\n<li><strong><a href=\"http:\/\/fphy.usthb.dz\/wp-content\/uploads\/2026\/01\/Planning-EF-S1-25-26-M1-CNDM-v1-01.01.2026.pdf\">M1-Contr\u00f4le Non-Destructif des Mat\u00e9riaux<\/a><\/strong><\/li>\n<\/ul>\n\n\n\n<h3 class=\"wp-block-heading\" id=\"planning-des-examens-du-semestre-2-m2\"><strong>Planning des examens du Semestre 3 M2<\/strong> 2025\/2026<\/h3>\n\n\n\n<ul class=\"wp-block-list\">\n<li><strong>M2 Dynamique des Fluides et Energ\u00e9tique : <em>Energ\u00e9tique<\/em><\/strong><\/li>\n\n\n\n<li><strong>M2<\/strong> <strong>Master Physique des Mat\u00e9triaux<\/strong><\/li>\n\n\n\n<li><strong>M2 Physique Th\u00e9orique<\/strong><\/li>\n\n\n\n<li><strong>M2 Physique des Rayonnements<\/strong><\/li>\n\n\n\n<li><strong>M2 Physique Medicale<\/strong><\/li>\n\n\n\n<li><strong>M2 S\u00e9curit\u00e9 Nucl\u00e9aire<\/strong><\/li>\n\n\n\n<li><strong>M2  Energies Renouvelables et Efficacit\u00e9 Energ\u00e9tique <\/strong><\/li>\n\n\n\n<li><strong><a href=\"http:\/\/fphy.usthb.dz\/wp-content\/uploads\/2026\/01\/Planning-EF-S1-25-26-M2-CNDM-v1-01.01.2026.pdf\">M2-Contr\u00f4le Non-Destructif des Mat\u00e9riaux<\/a><\/strong><\/li>\n\n\n\n<li><strong>M2-Mat\u00e9riaux et Energies Renouvelables<\/strong><\/li>\n<\/ul>\n\n\n\n<h1 class=\"wp-block-heading\"><strong>Planning des Examens 2025\/2026<\/strong><\/h1>\n\n\n\n<p><strong>Planning des examens (EF) Semestre 1L1 (de Physique pour les Tronc communs des diff\u00e9rents domaines)<\/strong><\/p>\n\n\n\n<ul class=\"wp-block-list\">\n<li><strong><a href=\"http:\/\/fphy.usthb.dz\/wp-content\/uploads\/2025\/12\/EF1-PHYS-L1-SNV-25-26-v0-23.12.2025.pdf\">Domaine SNV<\/a><\/strong><\/li>\n\n\n\n<li><strong><a href=\"http:\/\/fphy.usthb.dz\/wp-content\/uploads\/2025\/12\/EF-PHYS-I-SM-25-26-v0-23.12.2025.pdf\">Domaine SM<\/a><\/strong><\/li>\n\n\n\n<li><strong><a href=\"http:\/\/fphy.usthb.dz\/wp-content\/uploads\/2025\/12\/EF-PHYS1-GEOL-25-26-v0-23.12.2025.pdf\">Domaine Geologie<\/a><\/strong><\/li>\n\n\n\n<li><strong><a href=\"http:\/\/fphy.usthb.dz\/wp-content\/uploads\/2025\/12\/EF-S1-PHYS-1-GEOPHY-v0-23.12.2025.pdf\">Domaine Geophysique<\/a><\/strong><\/li>\n\n\n\n<li><strong><a href=\"http:\/\/fphy.usthb.dz\/wp-content\/uploads\/2025\/12\/EF1-PHYS1-GAT-25-26-v0-23.12.2025.pdf\">Domaine GAT<\/a><\/strong><\/li>\n\n\n\n<li><strong><a href=\"http:\/\/fphy.usthb.dz\/wp-content\/uploads\/2025\/12\/EF-PHYS1-ST-L1-25-26-v0-23.12.2025.pdf\">Domaine ST<\/a><\/strong><\/li>\n\n\n\n<li><strong><a href=\"http:\/\/fphy.usthb.dz\/wp-content\/uploads\/2025\/12\/EF1-PHYS1-ST-ING-spe-25-26-v1-29.12.2025.pd\">Domaine ST_Ing_sp\u00e9cialis\u00e9<\/a><\/strong><\/li>\n\n\n\n<li><strong><a href=\"http:\/\/fphy.usthb.dz\/wp-content\/uploads\/2025\/12\/EF1-PHYS1-ST-ING-25-26-v0-23.12.2025.pdf\">Domaine ST_Ing<\/a><\/strong><\/li>\n\n\n\n<li><strong><a href=\"http:\/\/fphy.usthb.dz\/wp-content\/uploads\/2025\/12\/EF1-MECA-L1-MI-MATH-INFO-25-26-v1-29.12.2025.pdf\">Domaine Info-Math-MI<\/a><\/strong><\/li>\n\n\n\n<li><strong><a href=\"http:\/\/fphy.usthb.dz\/wp-content\/uploads\/2025\/12\/EF-I-VOM-L2-I2-ST-STU-SM-CHIM-25-26-v1-29.12.2025.pdf\">L2 -ST-STU-SM Chimie- ST Ing ( VOM)<\/a><\/strong><\/li>\n<\/ul>\n\n\n\n<ul class=\"wp-block-list\">\n<li><strong><a href=\"http:\/\/fphy.usthb.dz\/wp-content\/uploads\/2025\/12\/EF-PHYS-1-ADC-ST-SM-SNV-v0-23.12.2025.pdf\">E.F.de PHYS. 1\u00e8re Ann\u00e9e LIC. SNV+ST+SM (ADC)<\/a><\/strong><\/li>\n\n\n\n<li><strong><a href=\"http:\/\/fphy.usthb.dz\/wp-content\/uploads\/2025\/12\/EF-PHYS-1-ADC-STU-v0-23.12.2025.pdf\">EF de Phys 1\u00e8re ann\u00e9e LIC STU<\/a>( ADC)<\/strong><\/li>\n\n\n\n<li><strong><a href=\"http:\/\/fphy.usthb.dz\/wp-content\/uploads\/2026\/01\/EF-I-ELECT-FOND-L2-ST-GMGPGC-25-26-v1.pdf\">EF Elect-L2_ST (Ing)<\/a>_Reprogrammation <\/strong>(new)<\/li>\n\n\n\n<li><strong><a href=\"http:\/\/fphy.usthb.dz\/wp-content\/uploads\/2025\/12\/EF-TP-PHYS-I-L1SM-25-26-v0-23.12.2025.pdf\">EF. test TP Phys (SM)<\/a><\/strong><\/li>\n<\/ul>\n\n\n\n<p><\/p>\n","protected":false},"excerpt":{"rendered":"<p>Planning des \u00e9preuves finales 2025\/2026 EF\/ Licence Planning des examens de l&#8217;EF Semestre 1 L2 Planning des examens de l&#8217;EF <span class=\"readmore\"><a href=\"https:\/\/fphy.usthb.dz\/index.php\/examens\/\">Suite<\/a><\/span><\/p>\n","protected":false},"author":1,"featured_media":218,"parent":0,"menu_order":0,"comment_status":"closed","ping_status":"closed","template":"","meta":{"footnotes":""},"class_list":["post-30","page","type-page","status-publish","has-post-thumbnail","hentry"],"_links":{"self":[{"href":"https:\/\/fphy.usthb.dz\/index.php\/wp-json\/wp\/v2\/pages\/30","targetHints":{"allow":["GET"]}}],"collection":[{"href":"https:\/\/fphy.usthb.dz\/index.php\/wp-json\/wp\/v2\/pages"}],"about":[{"href":"https:\/\/fphy.usthb.dz\/index.php\/wp-json\/wp\/v2\/types\/page"}],"author":[{"embeddable":true,"href":"https:\/\/fphy.usthb.dz\/index.php\/wp-json\/wp\/v2\/users\/1"}],"replies":[{"embeddable":true,"href":"https:\/\/fphy.usthb.dz\/index.php\/wp-json\/wp\/v2\/comments?post=30"}],"version-history":[{"count":217,"href":"https:\/\/fphy.usthb.dz\/index.php\/wp-json\/wp\/v2\/pages\/30\/revisions"}],"predecessor-version":[{"id":3980,"href":"https:\/\/fphy.usthb.dz\/index.php\/wp-json\/wp\/v2\/pages\/30\/revisions\/3980"}],"wp:featuredmedia":[{"embeddable":true,"href":"https:\/\/fphy.usthb.dz\/index.php\/wp-json\/wp\/v2\/media\/218"}],"wp:attachment":[{"href":"https:\/\/fphy.usthb.dz\/index.php\/wp-json\/wp\/v2\/media?parent=30"}],"curies":[{"name":"wp","href":"https:\/\/api.w.org\/{rel}","templated":true}]}}