{"id":60,"date":"2022-02-17T09:58:24","date_gmt":"2022-02-17T09:58:24","guid":{"rendered":"http:\/\/193.194.89.205\/?page_id=60"},"modified":"2024-11-26T18:01:46","modified_gmt":"2024-11-26T18:01:46","slug":"bibliotheque","status":"publish","type":"page","link":"https:\/\/fphy.usthb.dz\/index.php\/bibliotheque\/","title":{"rendered":"Cours en ligne"},"content":{"rendered":"\n<h4 class=\"wp-block-heading\" id=\"travaux-pratiques-de-mecanique-l1-sm-et-st\">Travaux Pratiques de M\u00e9canique L1 (SM et ST)<\/h4>\n\n\n\n<p><a href=\"http:\/\/fphy.usthb.dz\/wp-content\/uploads\/2022\/09\/tp1-_mouvement_rectiligne.pdf\">TP1_ MOUVEMENT  RECTILIGNE<\/a><\/p>\n\n\n\n<p><a href=\"http:\/\/fphy.usthb.dz\/wp-content\/uploads\/2022\/09\/tp2_-_mouvement_circulaire.pdf\">TP2_ MOUVEMENT  CIRCULAIRE<\/a><\/p>\n\n\n\n<p><a href=\"http:\/\/fphy.usthb.dz\/wp-content\/uploads\/2022\/09\/tp3_-_dynamique_2eme_loi_de_newton.pdf\">TP3_ Dynamique- 2\u00e8me loi de Newton<\/a><\/p>\n\n\n\n<p><a href=\"http:\/\/fphy.usthb.dz\/wp-content\/uploads\/2022\/09\/tp4_-_frottement_et_force_de_contact.pdf\">TP4_ Frottement et force de contact<\/a><\/p>\n\n\n\n<p><a href=\"http:\/\/fphy.usthb.dz\/wp-content\/uploads\/2024\/11\/TP5_-_etude_dun_transfert_denergie.pdf\">TP5_ transfert d&#8217;\u00e9nergie<\/a><\/p>\n\n\n\n<h4 class=\"wp-block-heading\" id=\"travaux-pratiques-de-vibrations-et-ondes-l2-sm-et-st\">Travaux Pratiques de VIBRATIONS ET ONDES L2 (SM et ST)<\/h4>\n\n\n\n<p><a href=\"http:\/\/fphy.usthb.dz\/wp-content\/uploads\/2022\/09\/vibrations-ondes-L2-SM_compressed.pdf\"> TP VOM &#8211; OSCILLATIONS<\/a><\/p>\n\n\n\n<p><a href=\"http:\/\/fphy.usthb.dz\/wp-content\/uploads\/2022\/11\/Polycopie-de-TP-Ondes.pdf\">TP ONDES<\/a><\/p>\n\n\n\n<p><a href=\"http:\/\/fphy.usthb.dz\/wp-content\/uploads\/2022\/11\/Permutation.pdf\">Permutation<\/a><\/p>\n\n\n\n<h4 class=\"wp-block-heading\" id=\"polycopie-de-td-physique-s1-l1-2022-2023\">Polycopi\u00e9 de TD -Physique(S1) L1 (2022\/2023)<\/h4>\n\n\n\n<p><a href=\"http:\/\/fphy.usthb.dz\/wp-content\/uploads\/2022\/11\/USTHB-FP-polycopie-TD-Physique-L1-S1-GAT-GEOL.pdf\">Domaine GEOL-GAT<\/a><\/p>\n\n\n\n<p><a href=\"http:\/\/fphy.usthb.dz\/wp-content\/uploads\/2022\/11\/USTHB-FP-polycopie-TD-Physique-L1-S1-Info-Mat.pdf\">Domaine Math-Info-MI<\/a><\/p>\n\n\n\n<p><a href=\"http:\/\/fphy.usthb.dz\/wp-content\/uploads\/2022\/11\/USTHB-FP-polycopie-TD-Physique-L1-SNV.pdf\">Domaine SNV<\/a><\/p>\n\n\n\n<p><a href=\"http:\/\/fphy.usthb.dz\/wp-content\/uploads\/2022\/11\/USTHB-FP-polycopie-TP-Physique-L1-SNV.pdf\">Domaine SNV (Polycopi\u00e9 de TP)<\/a><\/p>\n\n\n\n<p><strong>TRAVAUX PRATIQUES ELECTRICIT\u00c9 L1 (SM ET ST)<\/strong><\/p>\n\n\n\n<p><a href=\"http:\/\/fphy.usthb.dz\/wp-content\/uploads\/2023\/02\/tp1_mesures_de_resistances.pdf\">TP1_MESURE DE R\u00c9SISTANCES <\/a><\/p>\n\n\n\n<p><a href=\"http:\/\/fphy.usthb.dz\/wp-content\/uploads\/2023\/02\/tp2_cuve_rheographique.pdf\">TP2_CUVE RHEOGRAPHIQUE<\/a><\/p>\n\n\n\n<p><a href=\"http:\/\/fphy.usthb.dz\/wp-content\/uploads\/2023\/02\/tp3_caracteristiques.pdf\">TP3_CARACTERITIQUES<\/a><\/p>\n\n\n\n<p><a href=\"http:\/\/fphy.usthb.dz\/wp-content\/uploads\/2023\/02\/tp_4-Loscilloscope.pdf\">TP4_L&#8217;oscilloscope <\/a><\/p>\n\n\n\n<p><a href=\"http:\/\/fphy.usthb.dz\/wp-content\/uploads\/2024\/01\/TP5_RC_RL_.pdf\">TP5_RC-RL<\/a><\/p>\n\n\n\n<h4 class=\"wp-block-heading\" id=\"introduction-a-l-optique-geometrique\">Introduction \u00e0 l&#8217;optique g\u00e9om\u00e9trique<\/h4>\n\n\n\n<p><a href=\"http:\/\/fphy.usthb.dz\/wp-content\/uploads\/2023\/04\/Cours_Optique_SNV_2022_BENGUERBA.pdf\">Cours pour les L1 (SNV) et L2<\/a><\/p>\n\n\n\n<h3 class=\"wp-block-heading\">TP THERMODYNAMIQUE _L3- Licence \u00c9nerg\u00e9tique<\/h3>\n\n\n\n<p><a href=\"http:\/\/fphy.usthb.dz\/wp-content\/uploads\/2024\/09\/TP-Thermodynamique-L3-Eng-2024.pdf\">Polycopi\u00e9 de TP<\/a><\/p>\n\n\n\n<h4 class=\"wp-block-heading\">TP :&nbsp;&nbsp;Simulation Num\u00e9rique en Dynamique des Fluides &#8211; Master DFE.<\/h4>\n\n\n\n<p><a href=\"http:\/\/fphy.usthb.dz\/wp-content\/uploads\/2024\/01\/CFD_Aksouh.pdf\">Polycopi\u00e9 de TP<\/a><\/p>\n","protected":false},"excerpt":{"rendered":"<p>Travaux Pratiques de M\u00e9canique L1 (SM et ST) TP1_ MOUVEMENT RECTILIGNE TP2_ MOUVEMENT CIRCULAIRE TP3_ Dynamique- 2\u00e8me loi de Newton <span class=\"readmore\"><a href=\"https:\/\/fphy.usthb.dz\/index.php\/bibliotheque\/\">Suite<\/a><\/span><\/p>\n","protected":false},"author":1,"featured_media":0,"parent":0,"menu_order":0,"comment_status":"closed","ping_status":"closed","template":"","meta":{"footnotes":""},"class_list":["post-60","page","type-page","status-publish","hentry"],"_links":{"self":[{"href":"https:\/\/fphy.usthb.dz\/index.php\/wp-json\/wp\/v2\/pages\/60","targetHints":{"allow":["GET"]}}],"collection":[{"href":"https:\/\/fphy.usthb.dz\/index.php\/wp-json\/wp\/v2\/pages"}],"about":[{"href":"https:\/\/fphy.usthb.dz\/index.php\/wp-json\/wp\/v2\/types\/page"}],"author":[{"embeddable":true,"href":"https:\/\/fphy.usthb.dz\/index.php\/wp-json\/wp\/v2\/users\/1"}],"replies":[{"embeddable":true,"href":"https:\/\/fphy.usthb.dz\/index.php\/wp-json\/wp\/v2\/comments?post=60"}],"version-history":[{"count":17,"href":"https:\/\/fphy.usthb.dz\/index.php\/wp-json\/wp\/v2\/pages\/60\/revisions"}],"predecessor-version":[{"id":2775,"href":"https:\/\/fphy.usthb.dz\/index.php\/wp-json\/wp\/v2\/pages\/60\/revisions\/2775"}],"wp:attachment":[{"href":"https:\/\/fphy.usthb.dz\/index.php\/wp-json\/wp\/v2\/media?parent=60"}],"curies":[{"name":"wp","href":"https:\/\/api.w.org\/{rel}","templated":true}]}}