{"id":654,"date":"2022-06-28T08:56:52","date_gmt":"2022-06-28T08:56:52","guid":{"rendered":"https:\/\/fphy.usthb.dz\/?page_id=654"},"modified":"2026-02-19T15:51:16","modified_gmt":"2026-02-19T15:51:16","slug":"master","status":"publish","type":"page","link":"https:\/\/fphy.usthb.dz\/index.php\/master\/","title":{"rendered":"1-Master"},"content":{"rendered":"\n<blockquote class=\"wp-block-quote is-layout-flow wp-block-quote-is-layout-flow\">\n<p><strong><em>Master 1<\/em><\/strong><\/p>\n<\/blockquote>\n\n\n\n<h4 class=\"wp-block-heading\"><strong>Note importante : <\/strong> Un&nbsp;<strong>google form<\/strong>&nbsp;( h<strong>ttps:\/\/<a href=\"http:\/\/forms.gle\/HhJsZRajWoCb3B7M6\" target=\"_blank\" rel=\"noreferrer noopener\">forms.gle\/HhJsZRajWoCb3B7M6<\/a><\/strong>&nbsp;) est mis \u00e0 la disposition des \u00e9tudiants pour d&#8217;<strong>\u00e9ventuels r\u00e9clamations<\/strong>&nbsp;(jusqu&#8217;\u00e0 samedi&nbsp;<strong>14.02.2026 \u00e0 12h00<\/strong>)<br><\/h4>\n\n\n\n<ul class=\"wp-block-list\">\n<li><\/li>\n<\/ul>\n\n\n\n<h3 class=\"wp-block-heading\" id=\"energetique-et-mecanique-des-fluides\">DYNAMIQUE DES FLUIDES ET ENERGETIQUE :<\/h3>\n\n\n\n<p><a href=\"http:\/\/fphy.usthb.dz\/wp-content\/uploads\/2026\/02\/Deliberation_2025_2026-M1-DFE-S1-sess1-v1.pdf\">R\u00e9sultats D\u00e9lib\u00e9rations Master M1 S1 Session 1 .<\/a> <strong>(F\u00e9vrier 2026)<\/strong><\/p>\n\n\n\n<p>R\u00e9sultats d\u00e9lib\u00e9rations Master M1 S2 Session 1 .<strong>(Juin 2026)<\/strong><\/p>\n\n\n\n<p>R\u00e9sultats d\u00e9lib\u00e9rations Annuelles Master M1 Session 1. <strong>(Juillet 2026)<\/strong><\/p>\n\n\n\n<h3 class=\"wp-block-heading\" id=\"materiaux-et-composants\">PHYSIQUE DES MATERIAUX<\/h3>\n\n\n\n<p><a href=\"http:\/\/fphy.usthb.dz\/wp-content\/uploads\/2026\/02\/Deliberation_2025_2026-M1-Phys-Mat-S1-sess1-v1.pdf\">R\u00e9sultats D\u00e9lib\u00e9rations Master M1 S1 Session 1 .<\/a> <strong>(F\u00e9vrier 2026)<\/strong><\/p>\n\n\n\n<p>R\u00e9sultats d\u00e9lib\u00e9rations Master M1 S2 Session 1 .<strong>(Juin 2026)<\/strong><\/p>\n\n\n\n<p>R\u00e9sultats d\u00e9lib\u00e9rations Annuelles Master M1 Session 1.<strong>(Juillet 2026)<\/strong><\/p>\n\n\n\n<h3 class=\"wp-block-heading\" id=\"physique-des-rayonnements-phys-medicale\"> PHYSIQUE MEDICALE:<\/h3>\n\n\n\n<p><a href=\"http:\/\/fphy.usthb.dz\/wp-content\/uploads\/2026\/02\/Deliberation_2025_2026-M1-Phys-Med-S1-sess1-v1.pdf\">R\u00e9sultats D\u00e9lib\u00e9rations Master M1 S1 Session 1 .<\/a> <strong>(F\u00e9vrier 2026)<\/strong><\/p>\n\n\n\n<p>R\u00e9sultats d\u00e9lib\u00e9rations Master M1 S2 Session 1 . <strong>(Juin 2026)<\/strong><\/p>\n\n\n\n<p>R\u00e9sultats d\u00e9lib\u00e9rations Annuelles Master M1 Session 1. <strong>(Juillet 2026)<\/strong><\/p>\n\n\n\n<h3 class=\"wp-block-heading\" id=\"physique-des-rayonnements-phys-ray\">PHYSIQUE DES RAYONNEMENTS :<\/h3>\n\n\n\n<p><a href=\"http:\/\/fphy.usthb.dz\/wp-content\/uploads\/2026\/02\/Deliberation_2025_2026-M1-Phys-Rayo-S1-sess1-v1.pdf\">R\u00e9sultats D\u00e9lib\u00e9rations Master M1 S1 Session 1 .<\/a> <strong>(F\u00e9vrier 2026)<\/strong><\/p>\n\n\n\n<p>R\u00e9sultats d\u00e9lib\u00e9rations Master M1 S2 Session 1 . <strong>(Juin 2026)<\/strong><\/p>\n\n\n\n<p>R\u00e9sultats d\u00e9lib\u00e9rations Annuelles Master M1 Session 1. <strong>(Juillet 2026)<\/strong><\/p>\n\n\n\n<h3 class=\"wp-block-heading\" id=\"physique-des-rayonnements-securite-nucleaire\">SECURITE NUCLEAIRE<\/h3>\n\n\n\n<p>R\u00e9sultats D\u00e9lib\u00e9rations Master M1 S1 . <strong>(F\u00e9vrier 2026)<\/strong><\/p>\n\n\n\n<p>R\u00e9sultats d\u00e9lib\u00e9rations Master M1 S2.<strong>(Juin 2026)<\/strong><\/p>\n\n\n\n<p>R\u00e9sultats d\u00e9lib\u00e9rations Annuelle Master M1 Session 1 <strong>(Juillet 2026)<\/strong><\/p>\n\n\n\n<h3 class=\"wp-block-heading\" id=\"physique-theorique\">PHYSIQUE TH\u00c9ORIQUE<\/h3>\n\n\n\n<p><a href=\"http:\/\/fphy.usthb.dz\/wp-content\/uploads\/2026\/02\/Deliberation_2025_2026-M1-Phys-Theo-S1-sess1-v1.pdf\">R\u00e9sultats D\u00e9lib\u00e9rations Master M1 S1 Session 1 .<\/a> <strong>(F\u00e9vrier 2026)<\/strong><\/p>\n\n\n\n<p>R\u00e9sultats d\u00e9lib\u00e9rations Master M1 S2 Session 1 .<strong>(Juin 2026)<\/strong><\/p>\n\n\n\n<p>R\u00e9sultats d\u00e9lib\u00e9rations Annuelles Master M1 Session 1. <strong>(Juillet 2026)<\/strong><\/p>\n\n\n\n<p><strong>CONTR\u00d4LE NON DESTRUCTIF DES MAT\u00c9RIAUX <\/strong><\/p>\n\n\n\n<p><a href=\"http:\/\/fphy.usthb.dz\/wp-content\/uploads\/2026\/02\/Deliberation_2025_2026-M1-CND-Mat-S1-sess1-v1.pdf\">R\u00e9sultats D\u00e9lib\u00e9rations Master M1 S1 Session 1 . <\/a><strong>(F\u00e9vrier 2026)<\/strong><\/p>\n\n\n\n<p>R\u00e9sultats d\u00e9lib\u00e9rations Master M1 S2 Session 1 . <strong>(Juin 2026)<\/strong><\/p>\n\n\n\n<p>R\u00e9sultats d\u00e9lib\u00e9rations Annuelles Master M1 Session 1. <strong>(Juillet 2026)<\/strong><\/p>\n\n\n\n<p><strong>ENERGIE RENOUVLABLE ET EFFICACITE ENERGETIQUE<\/strong><\/p>\n\n\n\n<p><a href=\"http:\/\/fphy.usthb.dz\/wp-content\/uploads\/2026\/02\/Deliberation_2025_2026-M1-EREE-S1-sess1-v1.pdf\">R\u00e9sultats D\u00e9lib\u00e9rations Master M1 S1 Session 1 . <\/a><strong>(F\u00e9vrier 2026)<\/strong><\/p>\n\n\n\n<p>R\u00e9sultats d\u00e9lib\u00e9rations Master M1 S2 Session 1 .<strong>(Juin 2026)<\/strong><\/p>\n\n\n\n<p>R\u00e9sultats d\u00e9lib\u00e9rations Annuelles Master M1 Session 1.<strong>(Juillet 2026)<\/strong><\/p>\n\n\n\n<p><strong>MATERIAUX ET ENERGIES RENOUVELABLES<\/strong><\/p>\n\n\n\n<p><a href=\"http:\/\/fphy.usthb.dz\/wp-content\/uploads\/2026\/02\/Deliberation_2025_2026-M1-MER-S1-sess1-v1.pdf\">R\u00e9sultats D\u00e9lib\u00e9rations Master M1 S1 Session 1 . <\/a><strong>(F\u00e9vrier 2026)<\/strong><\/p>\n\n\n\n<p>R\u00e9sultats d\u00e9lib\u00e9rations Master M1 S2 Session 1 . <strong>(Juin 2026)<\/strong><\/p>\n\n\n\n<p>R\u00e9sultats d\u00e9lib\u00e9rations Annuelles Master M1 Session 1. <strong>(Juillet 2026)<\/strong><\/p>\n\n\n\n<p><strong>Astronomie, astrophysique et technique spatiales<\/strong><\/p>\n\n\n\n<p><a href=\"http:\/\/fphy.usthb.dz\/wp-content\/uploads\/2026\/02\/Deliberation_2025_2026-M1-AATS-S1-sess1-v1.pdf\">R\u00e9sultats D\u00e9lib\u00e9rations Master M1 S1 Session 1 <\/a>. <strong>(F\u00e9vrier 2026)<\/strong><\/p>\n\n\n\n<p>R\u00e9sultats d\u00e9lib\u00e9rations Master M1 S2 Session 1 . <strong>(Juin 2026)<\/strong><\/p>\n\n\n\n<p>R\u00e9sultats d\u00e9lib\u00e9rations Annuelles Master M1 Session 1. <strong>(Juillet 2026)<\/strong><\/p>\n\n\n\n<p><strong>SCIENCE ET TECHNIQUE DE L&#8217;HYDROGENE VERT<\/strong><\/p>\n\n\n\n<p><a href=\"http:\/\/fphy.usthb.dz\/wp-content\/uploads\/2026\/02\/Deliberation_2025_2026-M1-H2V-S1-sess1-v1.pdf\">R\u00e9sultats D\u00e9lib\u00e9rations Master M1 S1 Session 1 . <\/a><strong>(F\u00e9vrier 2026)<\/strong><\/p>\n\n\n\n<p>R\u00e9sultats d\u00e9lib\u00e9rations Master M1 S2 Session 1 . <strong>(Juin 2026)<\/strong><\/p>\n\n\n\n<p>R\u00e9sultats d\u00e9lib\u00e9rations Annuelles Master M1 Session 1. <strong>(Juillet 2026)<\/strong><\/p>\n\n\n\n<blockquote class=\"wp-block-quote is-layout-flow wp-block-quote-is-layout-flow\">\n<p><em>Master 2<\/em><\/p>\n<\/blockquote>\n\n\n\n<h3 class=\"wp-block-heading\" id=\"materiaux-et-composants-1\">MATERIAUX ET ENERGIES RENOUVELABLES<\/h3>\n\n\n\n<p>R\u00e9sultats D\u00e9lib\u00e9rations Annuelles Master M2 <\/p>\n\n\n\n<p><a href=\"http:\/\/fphy.usthb.dz\/wp-content\/uploads\/2026\/02\/Deliberation_2025_2026-M2-MER-S3-sess1-v0.pdf\">R\u00e9sultats D\u00e9lib\u00e9rations S3 Session 1 .<\/a> <strong>(F\u00e9vrier 2026)<\/strong><\/p>\n\n\n\n<p>R\u00e9sultats D\u00e9lib\u00e9rations S4 Session 1 . <\/p>\n\n\n\n<h3 class=\"wp-block-heading\" id=\"materiaux-et-composants-1\">PHYSIQUE DES MATERIAUX<\/h3>\n\n\n\n<p>R\u00e9sultats D\u00e9lib\u00e9rations Annuelles (MDSC)<\/p>\n\n\n\n<p><a href=\"http:\/\/fphy.usthb.dz\/wp-content\/uploads\/2026\/02\/Deliberation_2025_2026-M2-MDSC-S3-sess1-v0.pdf\">R\u00e9sultats D\u00e9lib\u00e9rations S3 Session 1 .(MDSC)<\/a><strong> (F\u00e9vrier 2026)<\/strong><\/p>\n\n\n\n<p>R\u00e9sultats D\u00e9lib\u00e9rations S4 Session 1 .  <\/p>\n\n\n\n<h3 class=\"wp-block-heading\" id=\"physique-des-rayonnements\">PHYSIQUE DES RAYONNEMENTS<\/h3>\n\n\n\n<p>R\u00e9sultats D\u00e9lib\u00e9rations Annuelles Master <\/p>\n\n\n\n<p><a href=\"http:\/\/fphy.usthb.dz\/wp-content\/uploads\/2026\/02\/Deliberation_2025_2026-M2-LAP-S3-sess1-v0.pdf\">R\u00e9sultats D\u00e9lib\u00e9rations S3 Session 1 .<\/a> <strong>(F\u00e9vrier 2026)<\/strong><\/p>\n\n\n\n<p>R\u00e9sultats D\u00e9lib\u00e9rations S4 Session 1 .<\/p>\n\n\n\n<h3 class=\"wp-block-heading\"><strong>PHYSIQUE MEDICALE<\/strong><\/h3>\n\n\n\n<p>R\u00e9sultats D\u00e9lib\u00e9rations Annuelles Master <\/p>\n\n\n\n<p><a href=\"http:\/\/fphy.usthb.dz\/wp-content\/uploads\/2026\/02\/Deliberation_2025_2026-M2-Phys-Med-S3-sess1-v0.pdf\">R\u00e9sultats D\u00e9lib\u00e9rations S3 Session 1 .<\/a><strong> (F\u00e9vrier 2026)<\/strong><\/p>\n\n\n\n<p>R\u00e9sultats D\u00e9lib\u00e9rations S4 Session 1 .<\/p>\n\n\n\n<h3 class=\"wp-block-heading\" id=\"physique-theorique-1\">PHYSIQUE THEORIQUE<\/h3>\n\n\n\n<p>R\u00e9sultats D\u00e9lib\u00e9ration Annuelles Master M2 <\/p>\n\n\n\n<p><a href=\"http:\/\/fphy.usthb.dz\/wp-content\/uploads\/2026\/02\/Deliberation_2025_2026-M2-Phys-theo-S3-sess1-v0.pdf\">R\u00e9sultats D\u00e9lib\u00e9rations S3 Session 1 .<\/a> <strong>(F\u00e9vrier 2026)<\/strong><\/p>\n\n\n\n<p>R\u00e9sultats D\u00e9lib\u00e9rations S4 Session 1 .<\/p>\n\n\n\n<h3 class=\"wp-block-heading\" id=\"energetique-et-mecanique-des-fluides-1\">DYNAMIQUE DES FLUIDES ET ENERGETIQUE <\/h3>\n\n\n\n<p>R\u00e9sultats D\u00e9lib\u00e9rations Annuelles Master <\/p>\n\n\n\n<p><a href=\"http:\/\/fphy.usthb.dz\/wp-content\/uploads\/2026\/02\/Deliberation_2025_2026-M2-Energ-S3-sess1-v0.pdf\">R\u00e9sultats D\u00e9lib\u00e9rations S3 Session 1 .<\/a> <strong>(F\u00e9vrier 2026)<\/strong><\/p>\n\n\n\n<p>R\u00e9sultats D\u00e9lib\u00e9rations S4 Session 1 .<\/p>\n\n\n\n<p><strong>ENERGIE RENOUVLABLE ET EFFICACITE ENERGETIQUE<\/strong><\/p>\n\n\n\n<p>R\u00e9sultats D\u00e9lib\u00e9rations Annuelles Master M2_<\/p>\n\n\n\n<p><a href=\"http:\/\/fphy.usthb.dz\/wp-content\/uploads\/2026\/02\/Deliberation_2025_2026-M2-EREE-S3-sess1-v0.pdf\">R\u00e9sultats D\u00e9lib\u00e9rations S3 Session 1 .<\/a> <strong>(F\u00e9vrier 2026)<\/strong><\/p>\n\n\n\n<p>R\u00e9sultats D\u00e9lib\u00e9rations S4 Session 1 .<\/p>\n\n\n\n<p><strong>CONTR\u00d4LE NON DESTRUCTIF DES MAT\u00c9RIAUX <\/strong><\/p>\n\n\n\n<p>R\u00e9sultats D\u00e9lib\u00e9rations Annuelles Master M2_<\/p>\n\n\n\n<p><a href=\"http:\/\/fphy.usthb.dz\/wp-content\/uploads\/2026\/02\/Deliberation_2025_2026-M2-CND-Mat-S3-sess1-v0.pdf\">R\u00e9sultats D\u00e9lib\u00e9rations S3 Session 1 .<\/a> <strong>(F\u00e9vrier 2026)<\/strong><\/p>\n\n\n\n<p>R\u00e9sultats D\u00e9lib\u00e9rations S4 Session 1 .<\/p>\n\n\n\n<p><strong>Astronomie, Astrophysique et Technique Spatiales<\/strong><\/p>\n\n\n\n<p>R\u00e9sultats D\u00e9lib\u00e9rations Annuelles Master M2_<\/p>\n\n\n\n<p><a href=\"http:\/\/fphy.usthb.dz\/wp-content\/uploads\/2026\/02\/Deliberation_2025_2026-M2-AATS-S3-sess1-v0.pdf\">R\u00e9sultats D\u00e9lib\u00e9rations S3 Session 1 <\/a>. <strong>(F\u00e9vrier 2026)<\/strong><\/p>\n\n\n\n<p>R\u00e9sultats D\u00e9lib\u00e9rations S4 Session 1 .<\/p>\n\n\n\n<p><strong>SECURITE NUCLEAIRE<\/strong><\/p>\n\n\n\n<p><a href=\"http:\/\/fphy.usthb.dz\/wp-content\/uploads\/2026\/02\/Deliberation_2025_2026-M2-Sec-Nuc-S3-sess1-v0.pdf\">R\u00e9sultats D\u00e9lib\u00e9rations S3 . <\/a><strong>(F\u00e9vrier 2026)<\/strong><\/p>\n\n\n\n<p>R\u00e9sultats d\u00e9lib\u00e9rations S4 .<\/p>\n\n\n\n<p>R\u00e9sultats d\u00e9lib\u00e9rations Annuelle Master  Session 1 <strong><br><\/strong><br><\/p>\n\n\n\n<h3 class=\"wp-block-heading\" id=\"energetique-et-mecanique-des-fluides-1\"><br><br><br><br><\/h3>\n\n\n\n<h3 class=\"wp-block-heading\" id=\"physique-theorique-1\"><br><br><\/h3>\n\n\n\n<p><br><br><\/p>\n\n\n\n<p><br><br><\/p>\n\n\n\n<p id=\"materiaux-et-composants-1\"><br><br> <\/p>\n\n\n\n<p><\/p>\n","protected":false},"excerpt":{"rendered":"<p>Master 1 Note importante : Un&nbsp;google form&nbsp;( https:\/\/forms.gle\/HhJsZRajWoCb3B7M6&nbsp;) est mis \u00e0 la disposition des \u00e9tudiants pour d&#8217;\u00e9ventuels r\u00e9clamations&nbsp;(jusqu&#8217;\u00e0 samedi&nbsp;14.02.2026 \u00e0 <span class=\"readmore\"><a href=\"https:\/\/fphy.usthb.dz\/index.php\/master\/\">Suite<\/a><\/span><\/p>\n","protected":false},"author":2,"featured_media":0,"parent":0,"menu_order":0,"comment_status":"closed","ping_status":"closed","template":"","meta":{"footnotes":""},"class_list":["post-654","page","type-page","status-publish","hentry"],"_links":{"self":[{"href":"https:\/\/fphy.usthb.dz\/index.php\/wp-json\/wp\/v2\/pages\/654","targetHints":{"allow":["GET"]}}],"collection":[{"href":"https:\/\/fphy.usthb.dz\/index.php\/wp-json\/wp\/v2\/pages"}],"about":[{"href":"https:\/\/fphy.usthb.dz\/index.php\/wp-json\/wp\/v2\/types\/page"}],"author":[{"embeddable":true,"href":"https:\/\/fphy.usthb.dz\/index.php\/wp-json\/wp\/v2\/users\/2"}],"replies":[{"embeddable":true,"href":"https:\/\/fphy.usthb.dz\/index.php\/wp-json\/wp\/v2\/comments?post=654"}],"version-history":[{"count":105,"href":"https:\/\/fphy.usthb.dz\/index.php\/wp-json\/wp\/v2\/pages\/654\/revisions"}],"predecessor-version":[{"id":4175,"href":"https:\/\/fphy.usthb.dz\/index.php\/wp-json\/wp\/v2\/pages\/654\/revisions\/4175"}],"wp:attachment":[{"href":"https:\/\/fphy.usthb.dz\/index.php\/wp-json\/wp\/v2\/media?parent=654"}],"curies":[{"name":"wp","href":"https:\/\/api.w.org\/{rel}","templated":true}]}}