{"id":752,"date":"2022-07-14T09:57:40","date_gmt":"2022-07-14T09:57:40","guid":{"rendered":"https:\/\/fphy.usthb.dz\/?page_id=752"},"modified":"2025-07-23T09:18:01","modified_gmt":"2025-07-23T09:18:01","slug":"2-licence","status":"publish","type":"page","link":"https:\/\/fphy.usthb.dz\/index.php\/2-licence\/","title":{"rendered":"2-Licence"},"content":{"rendered":"\n<p><strong>Premi\u00e8re ann\u00e9e Science de la Mati\u00e8re (SM)<\/strong><\/p>\n\n\n\n<p><a href=\"http:\/\/fphy.usthb.dz\/wp-content\/uploads\/2025\/07\/SM-1-Session-Ratt.pdf\">R\u00e9sultats d\u00e9lib\u00e9rations Annuelles Licence <strong>L1_SM.01<\/strong>_ Session 2 (JUILLET 2025)<\/a><\/p>\n\n\n\n<p><a href=\"http:\/\/fphy.usthb.dz\/wp-content\/uploads\/2025\/07\/SM-2-Session-Ratt.pdf\">R\u00e9sultats d\u00e9lib\u00e9rations Annuelles Licence <strong>L1_SM.02<\/strong>_ Session 2 (JUILLET 2025)<\/a><\/p>\n\n\n\n<p><a href=\"http:\/\/fphy.usthb.dz\/wp-content\/uploads\/2025\/07\/SM-3-Session-Ratt.pdf\">R\u00e9sultats d\u00e9lib\u00e9rations Annuelles Licence <strong>L1_SM.03<\/strong>_ Session 2 (JUILLET 2025)<\/a><\/p>\n\n\n\n<p><a href=\"http:\/\/fphy.usthb.dz\/wp-content\/uploads\/2025\/07\/SM-4-Session-Ratt.pdf\">R\u00e9sultats d\u00e9lib\u00e9rations Annuelles Licence <strong>L1_SM.04<\/strong>_ Session 2 (JUILLET 2025)<\/a><\/p>\n\n\n\n<p><a href=\"http:\/\/fphy.usthb.dz\/wp-content\/uploads\/2025\/07\/SM-5-Session-Ratt.pdf\">R\u00e9sultats d\u00e9lib\u00e9rations Annuelles Licence <strong>L1_SM.05<\/strong>_ Session 2 (JUILLET 2025)<\/a><\/p>\n\n\n\n<p><a href=\"http:\/\/fphy.usthb.dz\/wp-content\/uploads\/2025\/07\/SM-6-Session-Ratt.pdf\">R\u00e9sultats d\u00e9lib\u00e9rations Annuelles Licence <strong>L1_SM.06<\/strong>_ Session 2 (JUILLET 2025)<\/a><\/p>\n\n\n\n<p><a href=\"http:\/\/fphy.usthb.dz\/wp-content\/uploads\/2025\/07\/SM-7-Session-Ratt.pdf\">R\u00e9sultats d\u00e9lib\u00e9rations Annuelles Licence <strong>L1_SM.07<\/strong>_ Session 2 (JUILLET 2025)<\/a><\/p>\n\n\n\n<p><strong>PVs Additifs L1<\/strong>_<strong>SM<\/strong><\/p>\n\n\n\n<p><a href=\"http:\/\/fphy.usthb.dz\/wp-content\/uploads\/2025\/07\/dette-SM-Globale-Session-Ratt.pd\">R\u00e9sultats d\u00e9lib\u00e9rations Annuelles Licence <strong>L1_SM<\/strong>-Dette<\/a> (Juillet 2025)<\/p>\n\n\n\n<p><a href=\"http:\/\/fphy.usthb.dz\/wp-content\/uploads\/2025\/07\/SM-7-Session-Ratt.pdf\"><strong>.<\/strong><\/a><a href=\"http:\/\/fphy.usthb.dz\/wp-content\/uploads\/2025\/07\/dette-SM-S-1-Session-Ratt.pdf\">PV de d\u00e9lib\u00e9ration dette_S1 (Juillet 2025)<\/a><\/p>\n\n\n\n<p><a href=\"http:\/\/fphy.usthb.dz\/wp-content\/uploads\/2025\/07\/dette-SM-S-2-Session-Ratt.pdf\">PV de d\u00e9lib\u00e9ration dette_S2 (Juillet 2025)<\/a><\/p>\n\n\n\n<p><strong>PVs Semestrielles (S1 &amp; S2) L1<\/strong>_<strong>SM<\/strong><\/p>\n\n\n\n<p><a href=\"http:\/\/fphy.usthb.dz\/wp-content\/uploads\/2025\/07\/SM-S1_merged.pdf\">R\u00e9sultats d\u00e9lib\u00e9rations S1 Session 2 (JUILLET 2025)<\/a><\/p>\n\n\n\n<p><a href=\"http:\/\/fphy.usthb.dz\/wp-content\/uploads\/2025\/07\/SM-S2_merged.pdf\">R\u00e9sultats d\u00e9lib\u00e9rations S2 Session 2 (JUILLET 2025)<\/a><\/p>\n\n\n\n<p><strong>Deuxi\u00e8me Ann\u00e9e<\/strong><\/p>\n\n\n\n<p><strong>Sections : A, B et C<\/strong><\/p>\n\n\n\n<p><strong>PVs Additifs L2<\/strong>_<strong>Section : A, B et C<\/strong><\/p>\n\n\n\n<p>PV additif L2 Semestre 3 Session 2 (JUILLET 2025)<\/p>\n\n\n\n<p>PV additif L2 Semestre 4 Session 2 (JUILLET 2025)<\/p>\n\n\n\n<p>PV additif L2 global Session 2 (JUILLET 2025)<\/p>\n\n\n\n<p><strong>Section : A<\/strong><\/p>\n\n\n\n<p><a href=\"http:\/\/fphy.usthb.dz\/wp-content\/uploads\/2025\/07\/S3-sectA.pdf\">R\u00e9sultats d\u00e9lib\u00e9rations S3 Session 2 (JUILLET 2025)<\/a><\/p>\n\n\n\n<p><a href=\"http:\/\/fphy.usthb.dz\/wp-content\/uploads\/2025\/07\/S4-sectA.pdf\">R\u00e9sultats d\u00e9lib\u00e9rations S4 Session 2 (JUILLET 2025)<\/a><\/p>\n\n\n\n<p><a href=\"http:\/\/fphy.usthb.dz\/wp-content\/uploads\/2025\/07\/Annue-sect-A.pdf\">R\u00e9sultats d\u00e9lib\u00e9rations Annuelles Session 2<\/a> (JUILLET 2025)<\/p>\n\n\n\n<p><strong>Section : B<\/strong><\/p>\n\n\n\n<p><a href=\"http:\/\/fphy.usthb.dz\/wp-content\/uploads\/2025\/07\/S3-sectB.pdf\">R\u00e9sultats d\u00e9lib\u00e9rations S3 Session 2 (JUILLET 2025)<\/a><\/p>\n\n\n\n<p><a href=\"http:\/\/fphy.usthb.dz\/wp-content\/uploads\/2025\/07\/S4-sectB.pdf\">R\u00e9sultats d\u00e9lib\u00e9rations S4 Session 2 (JUILLET 2025)<\/a><\/p>\n\n\n\n<p><a href=\"http:\/\/fphy.usthb.dz\/wp-content\/uploads\/2025\/07\/Annuel-sect-B.pdf\">R\u00e9sultats d\u00e9lib\u00e9rations Annuelles Session 2<\/a> (JUILLET 2025)<\/p>\n\n\n\n<p><strong>Section : C<\/strong><\/p>\n\n\n\n<p><a href=\"http:\/\/fphy.usthb.dz\/wp-content\/uploads\/2025\/07\/S3-secrC.pdf\">R\u00e9sultats d\u00e9lib\u00e9rations S3 Session 2 (JUILLET 2025)<\/a><\/p>\n\n\n\n<p><a href=\"http:\/\/fphy.usthb.dz\/wp-content\/uploads\/2025\/07\/S4-sectC.pdf\">R\u00e9sultats d\u00e9lib\u00e9rations S4 Session 2 (JUILLET 2025)<\/a><\/p>\n\n\n\n<p><a href=\"http:\/\/fphy.usthb.dz\/wp-content\/uploads\/2025\/07\/Annuel-sect-C.pdf\">R\u00e9sultats d\u00e9lib\u00e9rations Annuelles Session 2<\/a> (JUILLET 2025)<\/p>\n\n\n\n<h3 class=\"wp-block-heading\" id=\"troisieme-annee\">Troisi\u00e8me ann\u00e9e<\/h3>\n\n\n\n<p><strong> Physique fondamentale\/ Section : A et B <\/strong><\/p>\n\n\n\n<p><strong>Section : A<\/strong><\/p>\n\n\n\n<p><a href=\"http:\/\/fphy.usthb.dz\/wp-content\/uploads\/2025\/07\/L3-sect-A-S5-Fond.pdf\">R\u00e9sultats d\u00e9lib\u00e9rations S5 Session 2 (JUILLET 2025)<\/a><\/p>\n\n\n\n<p><a href=\"http:\/\/fphy.usthb.dz\/wp-content\/uploads\/2025\/07\/L3-sect-A-S6-Fond.pdf\">R\u00e9sultats d\u00e9lib\u00e9rations S6 Session 2 (JUILLET 2025)<\/a><\/p>\n\n\n\n<p><a href=\"http:\/\/fphy.usthb.dz\/wp-content\/uploads\/2025\/07\/Annuel-L3-sect-A-Fond.pdf\">R\u00e9sultats d\u00e9lib\u00e9rations Annuelles Licence L3 Session 2 (JUILLET 2025)<\/a><\/p>\n\n\n\n<p><strong><strong>Section : B<\/strong><\/strong><\/p>\n\n\n\n<p><a href=\"http:\/\/fphy.usthb.dz\/wp-content\/uploads\/2025\/07\/L3-sect-B-S5-Fond.pdf\">R\u00e9sultats d\u00e9lib\u00e9rations S5 Session 2 (JUILLET 2025)<\/a><\/p>\n\n\n\n<p><a href=\"http:\/\/fphy.usthb.dz\/wp-content\/uploads\/2025\/07\/L3-sect-B-S6-Fond.pdf\">R\u00e9sultats d\u00e9lib\u00e9rations S6 Session 2 (JUILLET 2025)<\/a><\/p>\n\n\n\n<p><a href=\"http:\/\/fphy.usthb.dz\/wp-content\/uploads\/2025\/07\/Annuel-L3-sect-B-Fond.pdf\">R\u00e9sultats d\u00e9lib\u00e9rations Annuelles Licence L3 Session 2 (JUILLET 2025)<\/a><\/p>\n\n\n\n<p><strong>ENERGETIQUE<\/strong><\/p>\n\n\n\n<p><a href=\"http:\/\/fphy.usthb.dz\/wp-content\/uploads\/2025\/07\/Annuel-L3-Energ.pdf\">R\u00e9sultats d\u00e9lib\u00e9rations Annuelles Licence Energ Session 2 (JUILLET 2025)<\/a><\/p>\n\n\n\n<p><a href=\"http:\/\/fphy.usthb.dz\/wp-content\/uploads\/2025\/07\/L3-S5-Energ.pdf\">R\u00e9sultats d\u00e9lib\u00e9rations S5 Session 2 (JUILLET 2025)<\/a><\/p>\n\n\n\n<p><a href=\"http:\/\/fphy.usthb.dz\/wp-content\/uploads\/2025\/07\/L3-S6-Energ.pdf\">R\u00e9sultats d\u00e9lib\u00e9rations S6 Session 2 (JUILLET 2025)<\/a><\/p>\n\n\n\n<p><\/p>\n","protected":false},"excerpt":{"rendered":"<p>Premi\u00e8re ann\u00e9e Science de la Mati\u00e8re (SM) R\u00e9sultats d\u00e9lib\u00e9rations Annuelles Licence L1_SM.01_ Session 2 (JUILLET 2025) R\u00e9sultats d\u00e9lib\u00e9rations Annuelles Licence <span class=\"readmore\"><a href=\"https:\/\/fphy.usthb.dz\/index.php\/2-licence\/\">Suite<\/a><\/span><\/p>\n","protected":false},"author":2,"featured_media":0,"parent":0,"menu_order":0,"comment_status":"closed","ping_status":"closed","template":"","meta":{"footnotes":""},"class_list":["post-752","page","type-page","status-publish","hentry"],"_links":{"self":[{"href":"https:\/\/fphy.usthb.dz\/index.php\/wp-json\/wp\/v2\/pages\/752","targetHints":{"allow":["GET"]}}],"collection":[{"href":"https:\/\/fphy.usthb.dz\/index.php\/wp-json\/wp\/v2\/pages"}],"about":[{"href":"https:\/\/fphy.usthb.dz\/index.php\/wp-json\/wp\/v2\/types\/page"}],"author":[{"embeddable":true,"href":"https:\/\/fphy.usthb.dz\/index.php\/wp-json\/wp\/v2\/users\/2"}],"replies":[{"embeddable":true,"href":"https:\/\/fphy.usthb.dz\/index.php\/wp-json\/wp\/v2\/comments?post=752"}],"version-history":[{"count":50,"href":"https:\/\/fphy.usthb.dz\/index.php\/wp-json\/wp\/v2\/pages\/752\/revisions"}],"predecessor-version":[{"id":3575,"href":"https:\/\/fphy.usthb.dz\/index.php\/wp-json\/wp\/v2\/pages\/752\/revisions\/3575"}],"wp:attachment":[{"href":"https:\/\/fphy.usthb.dz\/index.php\/wp-json\/wp\/v2\/media?parent=752"}],"curies":[{"name":"wp","href":"https:\/\/api.w.org\/{rel}","templated":true}]}}