{"id":755,"date":"2022-07-14T09:59:56","date_gmt":"2022-07-14T09:59:56","guid":{"rendered":"https:\/\/fphy.usthb.dz\/?page_id=755"},"modified":"2024-07-12T15:02:47","modified_gmt":"2024-07-12T15:02:47","slug":"2-master","status":"publish","type":"page","link":"https:\/\/fphy.usthb.dz\/index.php\/2-master\/","title":{"rendered":"2-Master"},"content":{"rendered":"\n<h2 class=\"wp-block-heading\"><strong>MASTER 1<\/strong><\/h2>\n\n\n\n<p><strong>ENERGETIQUE ET MECANIQUE DES FLUIDES:<\/strong><\/p>\n\n\n\n<p><a href=\"http:\/\/fphy.usthb.dz\/wp-content\/uploads\/2024\/07\/Deliberation_annuel.-DFE-M1.pdf\">R\u00e9sultats d\u00e9lib\u00e9rations Annuelles Master M1 Session 2 (JUILLET 2024)<\/a><\/p>\n\n\n\n<p><a href=\"http:\/\/fphy.usthb.dz\/wp-content\/uploads\/2024\/07\/Deliberation_2023_2024.-M1-DFE-S1.pdf\">R\u00e9sultats d\u00e9lib\u00e9rations S1 Session 2 (JUILLET 2024)<\/a><\/p>\n\n\n\n<p><a href=\"http:\/\/fphy.usthb.dz\/wp-content\/uploads\/2024\/07\/Deliberation_2023_2024.-M1-DFE-S2.pdf\">R\u00e9sultats d\u00e9lib\u00e9rations S2 Session 2 (JUILLET 2024)<\/a><\/p>\n\n\n\n<p><strong>PHYSIQUE DES<\/strong> <strong>MATERIAUX ET COMPOSANTS:<\/strong><\/p>\n\n\n\n<p><a href=\"http:\/\/fphy.usthb.dz\/wp-content\/uploads\/2024\/07\/Deliberation_annuel.-MC-M1.pdf\">R\u00e9sultats d\u00e9lib\u00e9rations Annuelles Master M1 Session 2 (JUILLET 2024)<\/a><\/p>\n\n\n\n<p><a href=\"http:\/\/fphy.usthb.dz\/wp-content\/uploads\/2024\/07\/Deliberation_2023_2024.-M1-MC-S1.pdf\">R\u00e9sultats d\u00e9lib\u00e9rations S1 Session 2 (JUILLET 2024)<\/a><\/p>\n\n\n\n<p><a href=\"http:\/\/fphy.usthb.dz\/wp-content\/uploads\/2024\/07\/Deliberation_2023_2024.-M1-MC-S2.pdf\">R\u00e9sultats d\u00e9lib\u00e9rations S2 Session 2 (JUILLET 2024)<\/a><\/p>\n\n\n\n<h3 class=\"wp-block-heading\" id=\"physique-des-rayonnements-phys-ray\">PHYSIQUE DES RAYONNEMENTS (.PHYS.RAY):<\/h3>\n\n\n\n<p><a href=\"http:\/\/fphy.usthb.dz\/wp-content\/uploads\/2024\/07\/Deliberation_annuel.-M1-Rayo.pdf\">R\u00e9sultats d\u00e9lib\u00e9rations Annuelles Master M1 Session 2. (Juillet 2024)<\/a><\/p>\n\n\n\n<p><a href=\"http:\/\/fphy.usthb.dz\/wp-content\/uploads\/2024\/07\/Deliberation_2023_2024.-M1-Ryo-S1.pdf\">R\u00e9sultats d\u00e9lib\u00e9rations S1 Session 2 (JUILLET 2024)<\/a><\/p>\n\n\n\n<p><a href=\"http:\/\/fphy.usthb.dz\/wp-content\/uploads\/2024\/07\/Deliberation_2023_2024.-M1-Ryo-S2.pdf\">R\u00e9sultats d\u00e9lib\u00e9rations S2 Session 2 (JUILLET 2024)<\/a><\/p>\n\n\n\n<p><strong>SECURITE NUCLEAIRE :<\/strong><\/p>\n\n\n\n<p><a href=\"http:\/\/fphy.usthb.dz\/wp-content\/uploads\/2024\/07\/Deliberation_annuel-Sec-Nuc-M1.pdf\">R\u00e9sultats d\u00e9lib\u00e9rations Annuelles Master M1 Session 2. (Juillet 2024)<\/a><\/p>\n\n\n\n<p><strong>Energie renouvelable et efficacit\u00e9 \u00e9nerg\u00e9tique<\/strong><\/p>\n\n\n\n<p><a href=\"http:\/\/fphy.usthb.dz\/wp-content\/uploads\/2024\/07\/Deliberation_annuel-EREE-M1.pdf\">R\u00e9sultats d\u00e9lib\u00e9rations Annuelles Master M1 Session 2. (Juillet 2024)<\/a><\/p>\n\n\n\n<p><strong>PHYSIQUE THEORIQUE<\/strong><\/p>\n\n\n\n<p><a href=\"http:\/\/fphy.usthb.dz\/wp-content\/uploads\/2024\/07\/Deliberation_annuel.-M1-Theo.pdf\">R\u00e9sultats d\u00e9lib\u00e9rations Annuelles Master M1 Session 2 (JUILLET 2024)<\/a><\/p>\n\n\n\n<p><a href=\"http:\/\/fphy.usthb.dz\/wp-content\/uploads\/2024\/07\/Deliberation_2023_2024.-M1Theo-S1.pdf\">R\u00e9sultats d\u00e9lib\u00e9rations S1 Session 2 (JUILLET 2024)<\/a><\/p>\n\n\n\n<p><a href=\"http:\/\/fphy.usthb.dz\/wp-content\/uploads\/2024\/07\/Deliberation_2023_2024.-M1-Theo-S2.pdf\">R\u00e9sultats d\u00e9lib\u00e9rations S2 Session 2 (JUILLET 2024)<\/a><\/p>\n\n\n\n<p><strong>PHYSIQUE MEDICALE<\/strong><\/p>\n\n\n\n<p><a href=\"http:\/\/fphy.usthb.dz\/wp-content\/uploads\/2024\/07\/Deliberation_annuel.-Med-M1.pdf\">R\u00e9sultats d\u00e9lib\u00e9rations Annuelles Master M1 Session 2 (JUILLET 2024)<\/a><\/p>\n\n\n\n<p><a href=\"http:\/\/fphy.usthb.dz\/wp-content\/uploads\/2024\/07\/Deliberation_2023_2024.-M1-Med-S1.pdf\">R\u00e9sultats d\u00e9lib\u00e9rations S1 Session 2 (JUILLET 2024)<\/a><\/p>\n\n\n\n<p><a href=\"http:\/\/fphy.usthb.dz\/wp-content\/uploads\/2024\/07\/Deliberation_2023_2024.-M1-Med-S2.pdf\">R\u00e9sultats d\u00e9lib\u00e9rations S2 Session 2 (JUILLET 2024)<\/a><\/p>\n\n\n\n<p><strong>CONTR\u00d4LE NON DESTRUCTIF DE MAT\u00c9RIAUX <\/strong><\/p>\n\n\n\n<p><a href=\"http:\/\/fphy.usthb.dz\/wp-content\/uploads\/2024\/07\/Deliberation_annuel.-M1-CND.pdf\">R\u00e9sultats d\u00e9lib\u00e9rations Annuelles Master M1 Session 2 (JUILLET 2024)<\/a><\/p>\n\n\n\n<p><a href=\"http:\/\/fphy.usthb.dz\/wp-content\/uploads\/2024\/07\/Deliberation_2023_2024.-M1-CND-S1.pdf\">R\u00e9sultats d\u00e9lib\u00e9rations S1 Session 2 (JUILLET 2024)<\/a><\/p>\n\n\n\n<p><a href=\"http:\/\/fphy.usthb.dz\/wp-content\/uploads\/2024\/07\/Deliberation_2023_2024.-M1-CND-S2.pdf\">R\u00e9sultats d\u00e9lib\u00e9rations S2 Session 2 (JUILLET 2024)<\/a><\/p>\n\n\n\n<h2 class=\"wp-block-heading\"><strong>MASTER 2<\/strong><\/h2>\n\n\n\n<h3 class=\"wp-block-heading\" id=\"physique-des-rayonnements\">PHYSIQUE DES RAYONNEMENTS<\/h3>\n\n\n\n<p>R\u00e9sultats d\u00e9lib\u00e9ration Annuelles Master M2 S1 et S2 Session 2.  (PHYS.MEDICALE)<br><a href=\"http:\/\/fphy.usthb.dz\/wp-content\/uploads\/2024\/07\/Deliberation_annuel.-M2-Rayo.pdf\">R\u00e9sultats D\u00e9lib\u00e9ration Annuelles Master M2 S1 et S2 Session 2 (SCIENCES NUCLEAIRES)_juillet 2024<\/a><\/p>\n\n\n\n<p><strong>ENERGETIQUE ET MECANIQUE DES FLUIDES:<\/strong><\/p>\n\n\n\n<p><a href=\"http:\/\/fphy.usthb.dz\/wp-content\/uploads\/2024\/07\/Deliberation_annuel-DFE-M2.pdf\">R\u00e9sultats d\u00e9lib\u00e9ration Annuelles Master M2 S1 et S2 Session 2. S2 Session 2 (juillet 2024)<\/a><\/p>\n\n\n\n<p><strong>PHYSIQUE TH\u00c9ORIQUE :<\/strong><\/p>\n\n\n\n<p><a href=\"http:\/\/fphy.usthb.dz\/wp-content\/uploads\/2024\/07\/Deliberation_annuel-Theo-M2.pdf\">R\u00e9sultats d\u00e9lib\u00e9ration Annuelles Master M2 S1 et S2 Session 2 (juillet 2024)<\/a><\/p>\n","protected":false},"excerpt":{"rendered":"<p>MASTER 1 ENERGETIQUE ET MECANIQUE DES FLUIDES: R\u00e9sultats d\u00e9lib\u00e9rations Annuelles Master M1 Session 2 (JUILLET 2024) R\u00e9sultats d\u00e9lib\u00e9rations S1 Session <span class=\"readmore\"><a href=\"https:\/\/fphy.usthb.dz\/index.php\/2-master\/\">Suite<\/a><\/span><\/p>\n","protected":false},"author":2,"featured_media":0,"parent":0,"menu_order":0,"comment_status":"closed","ping_status":"closed","template":"","meta":{"footnotes":""},"class_list":["post-755","page","type-page","status-publish","hentry"],"_links":{"self":[{"href":"https:\/\/fphy.usthb.dz\/index.php\/wp-json\/wp\/v2\/pages\/755","targetHints":{"allow":["GET"]}}],"collection":[{"href":"https:\/\/fphy.usthb.dz\/index.php\/wp-json\/wp\/v2\/pages"}],"about":[{"href":"https:\/\/fphy.usthb.dz\/index.php\/wp-json\/wp\/v2\/types\/page"}],"author":[{"embeddable":true,"href":"https:\/\/fphy.usthb.dz\/index.php\/wp-json\/wp\/v2\/users\/2"}],"replies":[{"embeddable":true,"href":"https:\/\/fphy.usthb.dz\/index.php\/wp-json\/wp\/v2\/comments?post=755"}],"version-history":[{"count":26,"href":"https:\/\/fphy.usthb.dz\/index.php\/wp-json\/wp\/v2\/pages\/755\/revisions"}],"predecessor-version":[{"id":2520,"href":"https:\/\/fphy.usthb.dz\/index.php\/wp-json\/wp\/v2\/pages\/755\/revisions\/2520"}],"wp:attachment":[{"href":"https:\/\/fphy.usthb.dz\/index.php\/wp-json\/wp\/v2\/media?parent=755"}],"curies":[{"name":"wp","href":"https:\/\/api.w.org\/{rel}","templated":true}]}}