{"id":825,"date":"2022-09-06T18:35:43","date_gmt":"2022-09-06T18:35:43","guid":{"rendered":"https:\/\/fphy.usthb.dz\/?page_id=825"},"modified":"2023-05-03T19:50:09","modified_gmt":"2023-05-03T19:50:09","slug":"orientation-master-etudiants","status":"publish","type":"page","link":"https:\/\/fphy.usthb.dz\/index.php\/orientation-master-etudiants\/","title":{"rendered":"Les 24 \u00e8mes Journ\u00e9es Scientifiques et P\u00e9dagogiques de la Facult\u00e9 de Physique"},"content":{"rendered":"\n<blockquote class=\"wp-block-quote is-layout-flow wp-block-quote-is-layout-flow\">\n<p><strong>La Facult\u00e9 de Physique organise : Les 24 \u00e8mes Journ\u00e9es Scientifiques et P\u00e9dagogiques de la Facult\u00e9 de Physique Sous le th\u00e8me : Physics and Perspectives<br><\/strong><\/p>\n<\/blockquote>\n\n\n\n<div class=\"wp-block-group\"><div class=\"wp-block-group__inner-container is-layout-flow wp-block-group-is-layout-flow\">\n<ul class=\"wp-block-list\">\n<li> <strong>APPEL A COMMUNICATION JSP&#8217;24<a href=\"http:\/\/fphy.usthb.dz\/wp-content\/uploads\/2023\/04\/APPEL-JSP24.pdf\">(T\u00e9l\u00e9charger ici)<\/a><\/strong><\/li>\n\n\n\n<li><strong>BULLETIN D&#8217;INSCRIPTION JSP&#8217;24 <a href=\"http:\/\/fphy.usthb.dz\/wp-content\/uploads\/2023\/04\/Bulletin_JSP24_injscription.pdf\">(T\u00e9l\u00e9charger ici)<\/a><\/strong><\/li>\n\n\n\n<li><strong>MOD\u00c8LE R\u00c9SUM\u00c9 JSP&#8217;24 <a href=\"http:\/\/fphy.usthb.dz\/wp-content\/uploads\/2023\/04\/Modele_JSP24_Resume.pdf\">(T\u00e9l\u00e9charger ici)<\/a><\/strong><\/li>\n\n\n\n<li><strong>MOD\u00c8LE POSTER JSP&#8217;24 <a href=\"http:\/\/fphy.usthb.dz\/wp-content\/uploads\/2023\/04\/Modele_JSPFP24_Poster.pdf\">(T\u00e9l\u00e9charger ici)<\/a><\/strong><\/li>\n<\/ul>\n<\/div><\/div>\n\n\n\n<p>Nous avons le plaisir de vous informer que:<\/p>\n\n\n\n<div class=\"wp-block-group\"><div class=\"wp-block-group__inner-container is-layout-flow wp-block-group-is-layout-flow\">\n<pre class=\"wp-block-verse\">- Les JSP'24 se tiendront&nbsp;<strong>le Mardi 25 et le Mercredi 26 Avril 2023<\/strong>&nbsp;a la Facult\u00e9 de Physique.<\/pre>\n<\/div><\/div>\n\n\n\n<div class=\"wp-block-group\"><div class=\"wp-block-group__inner-container is-layout-flow wp-block-group-is-layout-flow\">\n<pre class=\"wp-block-verse\">- Le Deadline est prolong\u00e9 jusqu'au&nbsp;<strong>Jeudi 20 avril 2023<\/strong>.<\/pre>\n<\/div><\/div>\n\n\n\n<div class=\"wp-block-group\"><div class=\"wp-block-group__inner-container is-layout-flow wp-block-group-is-layout-flow\">\n<pre class=\"wp-block-verse\">Le Programme d\u00e9taill\u00e9 vous sera communique une fois finalis\u00e9.<\/pre>\n<\/div><\/div>\n\n\n\n<p><\/p>\n\n\n\n<blockquote class=\"wp-block-quote is-layout-flow wp-block-quote-is-layout-flow\">\n<p><strong>TR\u00c8S IMPORTANT: Envoyez vos fichiers du R\u00e9sum\u00e9 de l&#8217;Inscription en format Word et non en PDF !!! Le format PDF n&#8217;est pas recevable.<\/strong><\/p>\n<cite>Ci-joint le deuxi\u00e8me appel <a href=\"http:\/\/fphy.usthb.dz\/wp-content\/uploads\/2023\/04\/APPEL2-JSP24.pdf\">(T\u00e9l\u00e9charger ici)<\/a>.<\/cite><\/blockquote>\n\n\n\n<blockquote class=\"wp-block-quote is-layout-flow wp-block-quote-is-layout-flow\">\n<p>Veuillez trouver ci-dessous, le programme final des JSP&#8217;24 ainsi que la liste des particip<strong>ants<\/strong><\/p>\n<\/blockquote>\n\n\n\n<ol class=\"wp-block-list\">\n<li><strong>Le programme final JSP&#8217;24<\/strong> <a href=\"http:\/\/fphy.usthb.dz\/wp-content\/uploads\/2023\/04\/Programme-JSP24.pdf\">(T\u00e9l\u00e9charger ici)<\/a><\/li>\n\n\n\n<li><strong>La liste des participants <\/strong><a href=\"http:\/\/fphy.usthb.dz\/wp-content\/uploads\/2023\/04\/Liste-JSP24.pdf\">(T\u00e9l\u00e9charger ici)<\/a><\/li>\n<\/ol>\n\n\n\n<pre class=\"wp-block-preformatted\"><strong>Note:<\/strong> <strong>Les inscriptions d\u00e9buteront \u00e0 partir de 8h30 \u00e0 la Facult\u00e9 de Physique<\/strong><\/pre>\n\n\n\n<p><strong>Quelques Photos sur les Journ\u00e9es Scientifiques et P\u00e9dagogiques de la facult\u00e9 (JSP24<\/strong>)<\/p>\n\n\n\n<figure class=\"wp-block-gallery has-nested-images columns-default is-cropped wp-block-gallery-1 is-layout-flex wp-block-gallery-is-layout-flex\">\n<figure class=\"wp-block-image size-large\"><img loading=\"lazy\" decoding=\"async\" width=\"1024\" height=\"575\" data-id=\"1389\" src=\"https:\/\/fphy.usthb.dz\/wp-content\/uploads\/2023\/05\/IMG_1819-1024x575.jpg\" alt=\"\" class=\"wp-image-1389\" srcset=\"https:\/\/fphy.usthb.dz\/wp-content\/uploads\/2023\/05\/IMG_1819-1024x575.jpg 1024w, https:\/\/fphy.usthb.dz\/wp-content\/uploads\/2023\/05\/IMG_1819-300x168.jpg 300w, https:\/\/fphy.usthb.dz\/wp-content\/uploads\/2023\/05\/IMG_1819-768x431.jpg 768w, https:\/\/fphy.usthb.dz\/wp-content\/uploads\/2023\/05\/IMG_1819-1536x862.jpg 1536w, https:\/\/fphy.usthb.dz\/wp-content\/uploads\/2023\/05\/IMG_1819-2048x1150.jpg 2048w\" sizes=\"auto, (max-width: 1024px) 100vw, 1024px\" \/><\/figure>\n\n\n\n<figure class=\"wp-block-image size-large\"><img loading=\"lazy\" decoding=\"async\" width=\"1024\" height=\"373\" data-id=\"1388\" src=\"https:\/\/fphy.usthb.dz\/wp-content\/uploads\/2023\/05\/IMG_1822-1024x373.jpg\" alt=\"\" class=\"wp-image-1388\" srcset=\"https:\/\/fphy.usthb.dz\/wp-content\/uploads\/2023\/05\/IMG_1822-1024x373.jpg 1024w, https:\/\/fphy.usthb.dz\/wp-content\/uploads\/2023\/05\/IMG_1822-300x109.jpg 300w, https:\/\/fphy.usthb.dz\/wp-content\/uploads\/2023\/05\/IMG_1822-768x280.jpg 768w, https:\/\/fphy.usthb.dz\/wp-content\/uploads\/2023\/05\/IMG_1822-1536x560.jpg 1536w, https:\/\/fphy.usthb.dz\/wp-content\/uploads\/2023\/05\/IMG_1822-2048x747.jpg 2048w\" sizes=\"auto, (max-width: 1024px) 100vw, 1024px\" \/><\/figure>\n\n\n\n<figure class=\"wp-block-image size-large\"><img loading=\"lazy\" decoding=\"async\" width=\"1024\" height=\"575\" data-id=\"1390\" src=\"https:\/\/fphy.usthb.dz\/wp-content\/uploads\/2023\/05\/IMG_1824-1024x575.jpg\" alt=\"\" class=\"wp-image-1390\" srcset=\"https:\/\/fphy.usthb.dz\/wp-content\/uploads\/2023\/05\/IMG_1824-1024x575.jpg 1024w, https:\/\/fphy.usthb.dz\/wp-content\/uploads\/2023\/05\/IMG_1824-300x168.jpg 300w, https:\/\/fphy.usthb.dz\/wp-content\/uploads\/2023\/05\/IMG_1824-768x431.jpg 768w, https:\/\/fphy.usthb.dz\/wp-content\/uploads\/2023\/05\/IMG_1824-1536x862.jpg 1536w, https:\/\/fphy.usthb.dz\/wp-content\/uploads\/2023\/05\/IMG_1824-2048x1150.jpg 2048w\" sizes=\"auto, (max-width: 1024px) 100vw, 1024px\" \/><\/figure>\n\n\n\n<figure class=\"wp-block-image size-large\"><img loading=\"lazy\" decoding=\"async\" width=\"1024\" height=\"575\" data-id=\"1392\" src=\"https:\/\/fphy.usthb.dz\/wp-content\/uploads\/2023\/05\/IMG_1840-1024x575.jpg\" alt=\"\" class=\"wp-image-1392\" srcset=\"https:\/\/fphy.usthb.dz\/wp-content\/uploads\/2023\/05\/IMG_1840-1024x575.jpg 1024w, https:\/\/fphy.usthb.dz\/wp-content\/uploads\/2023\/05\/IMG_1840-300x168.jpg 300w, https:\/\/fphy.usthb.dz\/wp-content\/uploads\/2023\/05\/IMG_1840-768x431.jpg 768w, https:\/\/fphy.usthb.dz\/wp-content\/uploads\/2023\/05\/IMG_1840-1536x862.jpg 1536w, https:\/\/fphy.usthb.dz\/wp-content\/uploads\/2023\/05\/IMG_1840-2048x1150.jpg 2048w\" sizes=\"auto, (max-width: 1024px) 100vw, 1024px\" \/><\/figure>\n\n\n\n<figure class=\"wp-block-image size-large\"><img loading=\"lazy\" decoding=\"async\" width=\"1024\" height=\"575\" data-id=\"1393\" src=\"https:\/\/fphy.usthb.dz\/wp-content\/uploads\/2023\/05\/IMG_1851-1024x575.jpg\" alt=\"\" class=\"wp-image-1393\" srcset=\"https:\/\/fphy.usthb.dz\/wp-content\/uploads\/2023\/05\/IMG_1851-1024x575.jpg 1024w, https:\/\/fphy.usthb.dz\/wp-content\/uploads\/2023\/05\/IMG_1851-300x168.jpg 300w, https:\/\/fphy.usthb.dz\/wp-content\/uploads\/2023\/05\/IMG_1851-768x431.jpg 768w, https:\/\/fphy.usthb.dz\/wp-content\/uploads\/2023\/05\/IMG_1851-1536x862.jpg 1536w, https:\/\/fphy.usthb.dz\/wp-content\/uploads\/2023\/05\/IMG_1851-2048x1150.jpg 2048w\" sizes=\"auto, (max-width: 1024px) 100vw, 1024px\" \/><\/figure>\n\n\n\n<figure class=\"wp-block-image size-large\"><img loading=\"lazy\" decoding=\"async\" width=\"1024\" height=\"575\" data-id=\"1391\" src=\"https:\/\/fphy.usthb.dz\/wp-content\/uploads\/2023\/05\/IMG_1852-1024x575.jpg\" alt=\"\" class=\"wp-image-1391\" srcset=\"https:\/\/fphy.usthb.dz\/wp-content\/uploads\/2023\/05\/IMG_1852-1024x575.jpg 1024w, https:\/\/fphy.usthb.dz\/wp-content\/uploads\/2023\/05\/IMG_1852-300x168.jpg 300w, https:\/\/fphy.usthb.dz\/wp-content\/uploads\/2023\/05\/IMG_1852-768x431.jpg 768w, https:\/\/fphy.usthb.dz\/wp-content\/uploads\/2023\/05\/IMG_1852-1536x862.jpg 1536w, https:\/\/fphy.usthb.dz\/wp-content\/uploads\/2023\/05\/IMG_1852-2048x1150.jpg 2048w\" sizes=\"auto, (max-width: 1024px) 100vw, 1024px\" \/><\/figure>\n\n\n\n<figure class=\"wp-block-image size-large\"><img loading=\"lazy\" decoding=\"async\" width=\"1024\" height=\"575\" data-id=\"1394\" src=\"https:\/\/fphy.usthb.dz\/wp-content\/uploads\/2023\/05\/IMG_1855-1024x575.jpg\" alt=\"\" class=\"wp-image-1394\" srcset=\"https:\/\/fphy.usthb.dz\/wp-content\/uploads\/2023\/05\/IMG_1855-1024x575.jpg 1024w, https:\/\/fphy.usthb.dz\/wp-content\/uploads\/2023\/05\/IMG_1855-300x168.jpg 300w, https:\/\/fphy.usthb.dz\/wp-content\/uploads\/2023\/05\/IMG_1855-768x431.jpg 768w, https:\/\/fphy.usthb.dz\/wp-content\/uploads\/2023\/05\/IMG_1855-1536x862.jpg 1536w, https:\/\/fphy.usthb.dz\/wp-content\/uploads\/2023\/05\/IMG_1855-2048x1150.jpg 2048w\" sizes=\"auto, (max-width: 1024px) 100vw, 1024px\" \/><\/figure>\n\n\n\n<figure class=\"wp-block-image size-large\"><img loading=\"lazy\" decoding=\"async\" width=\"1024\" height=\"575\" data-id=\"1395\" src=\"https:\/\/fphy.usthb.dz\/wp-content\/uploads\/2023\/05\/IMG_1862-1024x575.jpg\" alt=\"\" class=\"wp-image-1395\" srcset=\"https:\/\/fphy.usthb.dz\/wp-content\/uploads\/2023\/05\/IMG_1862-1024x575.jpg 1024w, https:\/\/fphy.usthb.dz\/wp-content\/uploads\/2023\/05\/IMG_1862-300x168.jpg 300w, https:\/\/fphy.usthb.dz\/wp-content\/uploads\/2023\/05\/IMG_1862-768x431.jpg 768w, https:\/\/fphy.usthb.dz\/wp-content\/uploads\/2023\/05\/IMG_1862-1536x862.jpg 1536w, https:\/\/fphy.usthb.dz\/wp-content\/uploads\/2023\/05\/IMG_1862-2048x1150.jpg 2048w\" sizes=\"auto, (max-width: 1024px) 100vw, 1024px\" \/><\/figure>\n\n\n\n<figure class=\"wp-block-image size-large\"><img loading=\"lazy\" decoding=\"async\" width=\"1024\" height=\"575\" data-id=\"1396\" src=\"https:\/\/fphy.usthb.dz\/wp-content\/uploads\/2023\/05\/IMG_1872-1024x575.jpg\" alt=\"\" class=\"wp-image-1396\" srcset=\"https:\/\/fphy.usthb.dz\/wp-content\/uploads\/2023\/05\/IMG_1872-1024x575.jpg 1024w, https:\/\/fphy.usthb.dz\/wp-content\/uploads\/2023\/05\/IMG_1872-300x168.jpg 300w, https:\/\/fphy.usthb.dz\/wp-content\/uploads\/2023\/05\/IMG_1872-768x431.jpg 768w, https:\/\/fphy.usthb.dz\/wp-content\/uploads\/2023\/05\/IMG_1872-1536x862.jpg 1536w, https:\/\/fphy.usthb.dz\/wp-content\/uploads\/2023\/05\/IMG_1872-2048x1150.jpg 2048w\" sizes=\"auto, (max-width: 1024px) 100vw, 1024px\" \/><\/figure>\n\n\n\n<figure class=\"wp-block-image size-large\"><img loading=\"lazy\" decoding=\"async\" width=\"1024\" height=\"575\" data-id=\"1397\" src=\"https:\/\/fphy.usthb.dz\/wp-content\/uploads\/2023\/05\/IMG_1887-1024x575.jpg\" alt=\"\" class=\"wp-image-1397\" srcset=\"https:\/\/fphy.usthb.dz\/wp-content\/uploads\/2023\/05\/IMG_1887-1024x575.jpg 1024w, https:\/\/fphy.usthb.dz\/wp-content\/uploads\/2023\/05\/IMG_1887-300x168.jpg 300w, https:\/\/fphy.usthb.dz\/wp-content\/uploads\/2023\/05\/IMG_1887-768x431.jpg 768w, https:\/\/fphy.usthb.dz\/wp-content\/uploads\/2023\/05\/IMG_1887-1536x862.jpg 1536w, https:\/\/fphy.usthb.dz\/wp-content\/uploads\/2023\/05\/IMG_1887-2048x1150.jpg 2048w\" sizes=\"auto, (max-width: 1024px) 100vw, 1024px\" \/><\/figure>\n<\/figure>\n","protected":false},"excerpt":{"rendered":"<p>La Facult\u00e9 de Physique organise : Les 24 \u00e8mes Journ\u00e9es Scientifiques et P\u00e9dagogiques de la Facult\u00e9 de Physique Sous le <span class=\"readmore\"><a href=\"https:\/\/fphy.usthb.dz\/index.php\/orientation-master-etudiants\/\">Suite<\/a><\/span><\/p>\n","protected":false},"author":2,"featured_media":1354,"parent":0,"menu_order":0,"comment_status":"closed","ping_status":"closed","template":"","meta":{"footnotes":""},"class_list":["post-825","page","type-page","status-publish","has-post-thumbnail","hentry"],"_links":{"self":[{"href":"https:\/\/fphy.usthb.dz\/index.php\/wp-json\/wp\/v2\/pages\/825","targetHints":{"allow":["GET"]}}],"collection":[{"href":"https:\/\/fphy.usthb.dz\/index.php\/wp-json\/wp\/v2\/pages"}],"about":[{"href":"https:\/\/fphy.usthb.dz\/index.php\/wp-json\/wp\/v2\/types\/page"}],"author":[{"embeddable":true,"href":"https:\/\/fphy.usthb.dz\/index.php\/wp-json\/wp\/v2\/users\/2"}],"replies":[{"embeddable":true,"href":"https:\/\/fphy.usthb.dz\/index.php\/wp-json\/wp\/v2\/comments?post=825"}],"version-history":[{"count":12,"href":"https:\/\/fphy.usthb.dz\/index.php\/wp-json\/wp\/v2\/pages\/825\/revisions"}],"predecessor-version":[{"id":1398,"href":"https:\/\/fphy.usthb.dz\/index.php\/wp-json\/wp\/v2\/pages\/825\/revisions\/1398"}],"wp:featuredmedia":[{"embeddable":true,"href":"https:\/\/fphy.usthb.dz\/index.php\/wp-json\/wp\/v2\/media\/1354"}],"wp:attachment":[{"href":"https:\/\/fphy.usthb.dz\/index.php\/wp-json\/wp\/v2\/media?parent=825"}],"curies":[{"name":"wp","href":"https:\/\/api.w.org\/{rel}","templated":true}]}}